{"id":36,"date":"2025-02-28T18:54:07","date_gmt":"2025-02-28T18:54:07","guid":{"rendered":"https:\/\/santuariodefatimario.org.br\/?page_id=36"},"modified":"2025-08-01T13:17:41","modified_gmt":"2025-08-01T13:17:41","slug":"acoes-sociais","status":"publish","type":"page","link":"https:\/\/santuariodefatimario.org.br\/index2.php\/acoes-sociais\/","title":{"rendered":"A\u00e7\u00f5es Sociais"},"content":{"rendered":"\t\t<div data-elementor-type=\"wp-page\" data-elementor-id=\"36\" class=\"elementor elementor-36\">\n\t\t\t\t<div class=\"elementor-element elementor-element-0abcfb9 e-flex e-con-boxed wpr-particle-no wpr-jarallax-no wpr-parallax-no wpr-sticky-section-no wpr-equal-height-no e-con e-parent\" data-id=\"0abcfb9\" data-element_type=\"container\" data-e-type=\"container\">\n\t\t\t\t\t<div class=\"e-con-inner\">\n\t\t\t\t<div class=\"elementor-element elementor-element-3585d16 elementor-widget elementor-widget-text-editor\" data-id=\"3585d16\" data-element_type=\"widget\" data-e-type=\"widget\" data-widget_type=\"text-editor.default\">\n\t\t\t\t<div class=\"elementor-widget-container\">\n\t\t\t\t\t\t\t\t\t<p><img fetchpriority=\"high\" decoding=\"async\" class=\" wp-image-1137 aligncenter\" src=\"http:\/\/santuariodefatimario.org.br\/wp-content\/uploads\/2025\/07\/acao-social-300x154.jpg\" alt=\"\" width=\"425\" height=\"218\" srcset=\"https:\/\/santuariodefatimario.org.br\/wp-content\/uploads\/2025\/07\/acao-social-300x154.jpg 300w, https:\/\/santuariodefatimario.org.br\/wp-content\/uploads\/2025\/07\/acao-social.jpg 665w\" sizes=\"(max-width: 425px) 100vw, 425px\" \/><\/p>\n<p>Como programa de assist\u00eancia social, a Igreja com suas parcerias oferece servi\u00e7os de fortalecimento de v\u00ednculos, fisioterapia, instru\u00e7\u00e3o sobre sa\u00fade a mais de cinquenta idosos. Tamb\u00e9m assist\u00eancia com cestas b\u00e1sicas a fam\u00edlias carentes cadastradas e lanches a moradores de rua no entorno.<\/p>\n<p><!-- \/wp:paragraph --><!-- wp:paragraph --><\/p>\n<p><strong>Coordena\u00e7\u00e3o:<\/strong><br \/>Sebasti\u00e3o Laercio de Azevedo e Padre Jos\u00e9 Martins dos Reis<br \/>Email: social@santuariodefatima.org<\/p>\n<p><!-- \/wp:paragraph --><!-- wp:paragraph --><\/p>\n<p><strong>Dia de encontro:<\/strong> Ultimo s\u00e1bado de cada m\u00eas<\/p>\n<p><!-- \/wp:paragraph --><\/p>\t\t\t\t\t\t\t\t<\/div>\n\t\t\t\t<\/div>\n\t\t\t\t\t<\/div>\n\t\t\t\t<\/div>\n\t\t<div class=\"elementor-element elementor-element-7c38e7d e-flex e-con-boxed wpr-particle-no wpr-jarallax-no wpr-parallax-no wpr-sticky-section-no wpr-equal-height-no e-con e-parent\" data-id=\"7c38e7d\" data-element_type=\"container\" data-e-type=\"container\">\n\t\t\t\t\t<div class=\"e-con-inner\">\n\t\t\t\t<div class=\"elementor-element elementor-element-8e0aa6d gallery-spacing-custom elementor-widget elementor-widget-image-gallery\" data-id=\"8e0aa6d\" data-element_type=\"widget\" data-e-type=\"widget\" data-widget_type=\"image-gallery.default\">\n\t\t\t\t<div class=\"elementor-widget-container\">\n\t\t\t\t\t\t\t<div class=\"elementor-image-gallery\">\n\t\t\t<div id='gallery-1' class='gallery galleryid-36 gallery-columns-3 gallery-size-post-slider-thumb-size'><figure class='gallery-item'>\n\t\t\t<div class='gallery-icon landscape'>\n\t\t\t\t<a data-elementor-open-lightbox=\"yes\" data-elementor-lightbox-slideshow=\"8e0aa6d\" data-elementor-lightbox-title=\"IMG_20190223_095006378\" data-e-action-hash=\"#elementor-action%3Aaction%3Dlightbox%26settings%3DeyJpZCI6NzMwLCJ1cmwiOiJodHRwczpcL1wvc2FudHVhcmlvZGVmYXRpbWFyaW8ub3JnLmJyXC93cC1jb250ZW50XC91cGxvYWRzXC8yMDE5XC8wNlwvSU1HXzIwMTkwMjIzXzA5NTAwNjM3OC1zY2FsZWQuanBnIiwic2xpZGVzaG93IjoiOGUwYWE2ZCJ9\" href='https:\/\/santuariodefatimario.org.br\/wp-content\/uploads\/2019\/06\/IMG_20190223_095006378-scaled.jpg'><img decoding=\"async\" width=\"330\" height=\"190\" src=\"https:\/\/santuariodefatimario.org.br\/wp-content\/uploads\/2019\/06\/IMG_20190223_095006378-330x190.jpg\" class=\"attachment-post-slider-thumb-size size-post-slider-thumb-size\" alt=\"\" \/><\/a>\n\t\t\t<\/div><\/figure><figure class='gallery-item'>\n\t\t\t<div class='gallery-icon landscape'>\n\t\t\t\t<a data-elementor-open-lightbox=\"yes\" data-elementor-lightbox-slideshow=\"8e0aa6d\" data-elementor-lightbox-title=\"IMG_20190223_095026876\" data-e-action-hash=\"#elementor-action%3Aaction%3Dlightbox%26settings%3DeyJpZCI6NzMxLCJ1cmwiOiJodHRwczpcL1wvc2FudHVhcmlvZGVmYXRpbWFyaW8ub3JnLmJyXC93cC1jb250ZW50XC91cGxvYWRzXC8yMDE5XC8wNlwvSU1HXzIwMTkwMjIzXzA5NTAyNjg3Ni1zY2FsZWQuanBnIiwic2xpZGVzaG93IjoiOGUwYWE2ZCJ9\" href='https:\/\/santuariodefatimario.org.br\/wp-content\/uploads\/2019\/06\/IMG_20190223_095026876-scaled.jpg'><img decoding=\"async\" width=\"330\" height=\"190\" src=\"https:\/\/santuariodefatimario.org.br\/wp-content\/uploads\/2019\/06\/IMG_20190223_095026876-330x190.jpg\" class=\"attachment-post-slider-thumb-size size-post-slider-thumb-size\" alt=\"\" \/><\/a>\n\t\t\t<\/div><\/figure><figure class='gallery-item'>\n\t\t\t<div class='gallery-icon landscape'>\n\t\t\t\t<a data-elementor-open-lightbox=\"yes\" data-elementor-lightbox-slideshow=\"8e0aa6d\" data-elementor-lightbox-title=\"IMG_20190223_095026876\" data-e-action-hash=\"#elementor-action%3Aaction%3Dlightbox%26settings%3DeyJpZCI6MTM0NiwidXJsIjoiaHR0cHM6XC9cL3NhbnR1YXJpb2RlZmF0aW1hcmlvLm9yZy5iclwvd3AtY29udGVudFwvdXBsb2Fkc1wvMjAyNVwvMDdcL0ltYWdlbS1kby1XaGF0c0FwcC1kZS0yMDI1LTA3LTMxLWFzLTE0LjU2LjEyXzdkMzc0NzE3LmpwZyIsInNsaWRlc2hvdyI6IjhlMGFhNmQifQ%3D%3D\" href='https:\/\/santuariodefatimario.org.br\/wp-content\/uploads\/2025\/07\/Imagem-do-WhatsApp-de-2025-07-31-as-14.56.12_7d374717.jpg'><img loading=\"lazy\" decoding=\"async\" width=\"330\" height=\"190\" src=\"https:\/\/santuariodefatimario.org.br\/wp-content\/uploads\/2025\/07\/Imagem-do-WhatsApp-de-2025-07-31-as-14.56.12_7d374717-330x190.jpg\" class=\"attachment-post-slider-thumb-size size-post-slider-thumb-size\" alt=\"\" \/><\/a>\n\t\t\t<\/div><\/figure><figure class='gallery-item'>\n\t\t\t<div class='gallery-icon landscape'>\n\t\t\t\t<a data-elementor-open-lightbox=\"yes\" data-elementor-lightbox-slideshow=\"8e0aa6d\" data-elementor-lightbox-title=\"IMG_20190223_095026876\" data-e-action-hash=\"#elementor-action%3Aaction%3Dlightbox%26settings%3DeyJpZCI6MTM0NywidXJsIjoiaHR0cHM6XC9cL3NhbnR1YXJpb2RlZmF0aW1hcmlvLm9yZy5iclwvd3AtY29udGVudFwvdXBsb2Fkc1wvMjAyNVwvMDdcL0ltYWdlbS1kby1XaGF0c0FwcC1kZS0yMDI1LTA3LTMxLWFzLTE0LjU2LjEyX2JlYjgwMWU2LmpwZyIsInNsaWRlc2hvdyI6IjhlMGFhNmQifQ%3D%3D\" href='https:\/\/santuariodefatimario.org.br\/wp-content\/uploads\/2025\/07\/Imagem-do-WhatsApp-de-2025-07-31-as-14.56.12_beb801e6.jpg'><img loading=\"lazy\" decoding=\"async\" width=\"330\" height=\"190\" src=\"https:\/\/santuariodefatimario.org.br\/wp-content\/uploads\/2025\/07\/Imagem-do-WhatsApp-de-2025-07-31-as-14.56.12_beb801e6-330x190.jpg\" class=\"attachment-post-slider-thumb-size size-post-slider-thumb-size\" alt=\"\" \/><\/a>\n\t\t\t<\/div><\/figure><figure class='gallery-item'>\n\t\t\t<div class='gallery-icon landscape'>\n\t\t\t\t<a data-elementor-open-lightbox=\"yes\" data-elementor-lightbox-slideshow=\"8e0aa6d\" data-elementor-lightbox-title=\"IMG_20190223_095026876\" data-e-action-hash=\"#elementor-action%3Aaction%3Dlightbox%26settings%3DeyJpZCI6MTM0OCwidXJsIjoiaHR0cHM6XC9cL3NhbnR1YXJpb2RlZmF0aW1hcmlvLm9yZy5iclwvd3AtY29udGVudFwvdXBsb2Fkc1wvMjAyNVwvMDdcL0ltYWdlbS1kby1XaGF0c0FwcC1kZS0yMDI1LTA3LTMxLWFzLTE0LjU2LjEyXzg1MDBjYjM0LmpwZyIsInNsaWRlc2hvdyI6IjhlMGFhNmQifQ%3D%3D\" href='https:\/\/santuariodefatimario.org.br\/wp-content\/uploads\/2025\/07\/Imagem-do-WhatsApp-de-2025-07-31-as-14.56.12_8500cb34.jpg'><img loading=\"lazy\" decoding=\"async\" width=\"330\" height=\"190\" src=\"https:\/\/santuariodefatimario.org.br\/wp-content\/uploads\/2025\/07\/Imagem-do-WhatsApp-de-2025-07-31-as-14.56.12_8500cb34-330x190.jpg\" class=\"attachment-post-slider-thumb-size size-post-slider-thumb-size\" alt=\"\" \/><\/a>\n\t\t\t<\/div><\/figure><figure class='gallery-item'>\n\t\t\t<div class='gallery-icon landscape'>\n\t\t\t\t<a data-elementor-open-lightbox=\"yes\" data-elementor-lightbox-slideshow=\"8e0aa6d\" data-elementor-lightbox-title=\"IMG_20190223_095026876\" data-e-action-hash=\"#elementor-action%3Aaction%3Dlightbox%26settings%3DeyJpZCI6MTM0OSwidXJsIjoiaHR0cHM6XC9cL3NhbnR1YXJpb2RlZmF0aW1hcmlvLm9yZy5iclwvd3AtY29udGVudFwvdXBsb2Fkc1wvMjAyNVwvMDdcL0ltYWdlbS1kby1XaGF0c0FwcC1kZS0yMDI1LTA3LTMxLWFzLTE0LjU2LjEyXzE0MGQ1M2IwLmpwZyIsInNsaWRlc2hvdyI6IjhlMGFhNmQifQ%3D%3D\" href='https:\/\/santuariodefatimario.org.br\/wp-content\/uploads\/2025\/07\/Imagem-do-WhatsApp-de-2025-07-31-as-14.56.12_140d53b0.jpg'><img loading=\"lazy\" decoding=\"async\" width=\"330\" height=\"190\" src=\"https:\/\/santuariodefatimario.org.br\/wp-content\/uploads\/2025\/07\/Imagem-do-WhatsApp-de-2025-07-31-as-14.56.12_140d53b0-330x190.jpg\" class=\"attachment-post-slider-thumb-size size-post-slider-thumb-size\" alt=\"\" \/><\/a>\n\t\t\t<\/div><\/figure><figure class='gallery-item'>\n\t\t\t<div class='gallery-icon landscape'>\n\t\t\t\t<a data-elementor-open-lightbox=\"yes\" data-elementor-lightbox-slideshow=\"8e0aa6d\" data-elementor-lightbox-title=\"G6\" data-e-action-hash=\"#elementor-action%3Aaction%3Dlightbox%26settings%3DeyJpZCI6MTM2MiwidXJsIjoiaHR0cHM6XC9cL3NhbnR1YXJpb2RlZmF0aW1hcmlvLm9yZy5iclwvd3AtY29udGVudFwvdXBsb2Fkc1wvMjAyNVwvMDhcL0c2LmpwZyIsInNsaWRlc2hvdyI6IjhlMGFhNmQifQ%3D%3D\" href='https:\/\/santuariodefatimario.org.br\/wp-content\/uploads\/2025\/08\/G6.jpg'><img loading=\"lazy\" decoding=\"async\" width=\"330\" height=\"190\" src=\"https:\/\/santuariodefatimario.org.br\/wp-content\/uploads\/2025\/08\/G6-330x190.jpg\" class=\"attachment-post-slider-thumb-size size-post-slider-thumb-size\" alt=\"\" \/><\/a>\n\t\t\t<\/div><\/figure><figure class='gallery-item'>\n\t\t\t<div class='gallery-icon landscape'>\n\t\t\t\t<a data-elementor-open-lightbox=\"yes\" data-elementor-lightbox-slideshow=\"8e0aa6d\" data-elementor-lightbox-title=\"G4\" data-e-action-hash=\"#elementor-action%3Aaction%3Dlightbox%26settings%3DeyJpZCI6MTM2MywidXJsIjoiaHR0cHM6XC9cL3NhbnR1YXJpb2RlZmF0aW1hcmlvLm9yZy5iclwvd3AtY29udGVudFwvdXBsb2Fkc1wvMjAyNVwvMDhcL0c0LmpwZyIsInNsaWRlc2hvdyI6IjhlMGFhNmQifQ%3D%3D\" href='https:\/\/santuariodefatimario.org.br\/wp-content\/uploads\/2025\/08\/G4.jpg'><img loading=\"lazy\" decoding=\"async\" width=\"330\" height=\"190\" src=\"https:\/\/santuariodefatimario.org.br\/wp-content\/uploads\/2025\/08\/G4-330x190.jpg\" class=\"attachment-post-slider-thumb-size size-post-slider-thumb-size\" alt=\"\" \/><\/a>\n\t\t\t<\/div><\/figure><figure class='gallery-item'>\n\t\t\t<div class='gallery-icon landscape'>\n\t\t\t\t<a data-elementor-open-lightbox=\"yes\" data-elementor-lightbox-slideshow=\"8e0aa6d\" data-elementor-lightbox-title=\"G5\" data-e-action-hash=\"#elementor-action%3Aaction%3Dlightbox%26settings%3DeyJpZCI6MTM2NCwidXJsIjoiaHR0cHM6XC9cL3NhbnR1YXJpb2RlZmF0aW1hcmlvLm9yZy5iclwvd3AtY29udGVudFwvdXBsb2Fkc1wvMjAyNVwvMDhcL0c1LmpwZyIsInNsaWRlc2hvdyI6IjhlMGFhNmQifQ%3D%3D\" href='https:\/\/santuariodefatimario.org.br\/wp-content\/uploads\/2025\/08\/G5.jpg'><img loading=\"lazy\" decoding=\"async\" width=\"330\" height=\"190\" src=\"https:\/\/santuariodefatimario.org.br\/wp-content\/uploads\/2025\/08\/G5-330x190.jpg\" class=\"attachment-post-slider-thumb-size size-post-slider-thumb-size\" alt=\"\" \/><\/a>\n\t\t\t<\/div><\/figure><figure class='gallery-item'>\n\t\t\t<div class='gallery-icon landscape'>\n\t\t\t\t<a data-elementor-open-lightbox=\"yes\" data-elementor-lightbox-slideshow=\"8e0aa6d\" data-elementor-lightbox-title=\"G2\" data-e-action-hash=\"#elementor-action%3Aaction%3Dlightbox%26settings%3DeyJpZCI6MTM2NSwidXJsIjoiaHR0cHM6XC9cL3NhbnR1YXJpb2RlZmF0aW1hcmlvLm9yZy5iclwvd3AtY29udGVudFwvdXBsb2Fkc1wvMjAyNVwvMDhcL0cyLmpwZyIsInNsaWRlc2hvdyI6IjhlMGFhNmQifQ%3D%3D\" href='https:\/\/santuariodefatimario.org.br\/wp-content\/uploads\/2025\/08\/G2.jpg'><img loading=\"lazy\" decoding=\"async\" width=\"330\" height=\"190\" src=\"https:\/\/santuariodefatimario.org.br\/wp-content\/uploads\/2025\/08\/G2-330x190.jpg\" class=\"attachment-post-slider-thumb-size size-post-slider-thumb-size\" alt=\"\" \/><\/a>\n\t\t\t<\/div><\/figure><figure class='gallery-item'>\n\t\t\t<div class='gallery-icon landscape'>\n\t\t\t\t<a data-elementor-open-lightbox=\"yes\" data-elementor-lightbox-slideshow=\"8e0aa6d\" data-elementor-lightbox-title=\"G3\" data-e-action-hash=\"#elementor-action%3Aaction%3Dlightbox%26settings%3DeyJpZCI6MTM2NiwidXJsIjoiaHR0cHM6XC9cL3NhbnR1YXJpb2RlZmF0aW1hcmlvLm9yZy5iclwvd3AtY29udGVudFwvdXBsb2Fkc1wvMjAyNVwvMDhcL0czLmpwZyIsInNsaWRlc2hvdyI6IjhlMGFhNmQifQ%3D%3D\" href='https:\/\/santuariodefatimario.org.br\/wp-content\/uploads\/2025\/08\/G3.jpg'><img loading=\"lazy\" decoding=\"async\" width=\"330\" height=\"190\" src=\"https:\/\/santuariodefatimario.org.br\/wp-content\/uploads\/2025\/08\/G3-330x190.jpg\" class=\"attachment-post-slider-thumb-size size-post-slider-thumb-size\" alt=\"\" \/><\/a>\n\t\t\t<\/div><\/figure><figure class='gallery-item'>\n\t\t\t<div class='gallery-icon landscape'>\n\t\t\t\t<a data-elementor-open-lightbox=\"yes\" data-elementor-lightbox-slideshow=\"8e0aa6d\" data-elementor-lightbox-title=\"G1\" data-e-action-hash=\"#elementor-action%3Aaction%3Dlightbox%26settings%3DeyJpZCI6MTM2NywidXJsIjoiaHR0cHM6XC9cL3NhbnR1YXJpb2RlZmF0aW1hcmlvLm9yZy5iclwvd3AtY29udGVudFwvdXBsb2Fkc1wvMjAyNVwvMDhcL0cxLmpwZyIsInNsaWRlc2hvdyI6IjhlMGFhNmQifQ%3D%3D\" href='https:\/\/santuariodefatimario.org.br\/wp-content\/uploads\/2025\/08\/G1.jpg'><img loading=\"lazy\" decoding=\"async\" width=\"330\" height=\"190\" src=\"https:\/\/santuariodefatimario.org.br\/wp-content\/uploads\/2025\/08\/G1-330x190.jpg\" class=\"attachment-post-slider-thumb-size size-post-slider-thumb-size\" alt=\"\" \/><\/a>\n\t\t\t<\/div><\/figure>\n\t\t<\/div>\n\t\t<\/div>\n\t\t\t\t\t\t<\/div>\n\t\t\t\t<\/div>\n\t\t\t\t\t<\/div>\n\t\t\t\t<\/div>\n\t\t\t\t<\/div>\n\t\t","protected":false},"excerpt":{"rendered":"<p>Como programa de assist\u00eancia social, a Igreja com suas parcerias oferece servi\u00e7os de fortalecimento de v\u00ednculos, fisioterapia, instru\u00e7\u00e3o sobre sa\u00fade a mais de cinquenta idosos.&hellip;<\/p>\n","protected":false},"author":1,"featured_media":0,"parent":0,"menu_order":0,"comment_status":"closed","ping_status":"closed","template":"","meta":{"footnotes":""},"class_list":["post-36","page","type-page","status-publish","hentry"],"_links":{"self":[{"href":"https:\/\/santuariodefatimario.org.br\/index2.php\/wp-json\/wp\/v2\/pages\/36","targetHints":{"allow":["GET"]}}],"collection":[{"href":"https:\/\/santuariodefatimario.org.br\/index2.php\/wp-json\/wp\/v2\/pages"}],"about":[{"href":"https:\/\/santuariodefatimario.org.br\/index2.php\/wp-json\/wp\/v2\/types\/page"}],"author":[{"embeddable":true,"href":"https:\/\/santuariodefatimario.org.br\/index2.php\/wp-json\/wp\/v2\/users\/1"}],"replies":[{"embeddable":true,"href":"https:\/\/santuariodefatimario.org.br\/index2.php\/wp-json\/wp\/v2\/comments?post=36"}],"version-history":[{"count":32,"href":"https:\/\/santuariodefatimario.org.br\/index2.php\/wp-json\/wp\/v2\/pages\/36\/revisions"}],"predecessor-version":[{"id":1370,"href":"https:\/\/santuariodefatimario.org.br\/index2.php\/wp-json\/wp\/v2\/pages\/36\/revisions\/1370"}],"wp:attachment":[{"href":"https:\/\/santuariodefatimario.org.br\/index2.php\/wp-json\/wp\/v2\/media?parent=36"}],"curies":[{"name":"wp","href":"https:\/\/api.w.org\/{rel}","templated":true}]}}