{"id":41,"date":"2025-02-28T18:54:07","date_gmt":"2025-02-28T18:54:07","guid":{"rendered":"https:\/\/santuariodefatimario.org.br\/?page_id=41"},"modified":"2025-07-27T21:33:14","modified_gmt":"2025-07-27T21:33:14","slug":"descricao-do-templo","status":"publish","type":"page","link":"https:\/\/santuariodefatimario.org.br\/index2.php\/descricao-do-templo\/","title":{"rendered":"Descri\u00e7\u00e3o do templo"},"content":{"rendered":"\t\t<div data-elementor-type=\"wp-page\" data-elementor-id=\"41\" class=\"elementor elementor-41\">\n\t\t\t\t<div class=\"elementor-element elementor-element-2c8c63c5 e-flex e-con-boxed wpr-particle-no wpr-jarallax-no wpr-parallax-no wpr-sticky-section-no wpr-equal-height-no e-con e-parent\" data-id=\"2c8c63c5\" data-element_type=\"container\" data-e-type=\"container\">\n\t\t\t\t\t<div class=\"e-con-inner\">\n\t\t\t\t<div class=\"elementor-element elementor-element-2baf655e elementor-widget elementor-widget-text-editor\" data-id=\"2baf655e\" data-element_type=\"widget\" data-e-type=\"widget\" data-widget_type=\"text-editor.default\">\n\t\t\t\t<div class=\"elementor-widget-container\">\n\t\t\t\t\t\t\t\t\t\n<h3 class=\"wp-block-heading\"><strong>Cap\u00edtulo 1: Estrutura Exterior do Templo<\/strong><\/h3>\n\n<p><br \/>O templo est\u00e1 constru\u00eddo com tra\u00e7os da arquitetura g\u00f3tica. A fachada apresenta bloco \u00fanico com um segmento central, que se eleva at\u00e9 a torre e dois segmentos laterais, limitados por pilastras com pin\u00e1culos. A igreja se desenvolve em n\u00edvel superior, com escadarias laterais de acesso e tr\u00eas entradas: uma central em arco alongado e front\u00e3o triangular, com a imagem de Nossa Senhora de F\u00e1tima, entre dois olhais em ros\u00e1cea e duas portas nos segmentos laterais com front\u00e3o em arco alongado com arquivoltas. Acima das portas laterais, h\u00e1 grandes janelas com vitrais em arco ogival, no estilo g\u00f3tico.<\/p>\n\n<h3 class=\"wp-block-heading\"><strong>Cap\u00edtulo 2: Detalhes da Fachada e da Torre<\/strong><\/h3>\n\n<p><br \/>Mais acima, cada segmento lateral apresenta uma s\u00e9rie de cinco janelas estreitas em arco alongado justapostas, terminando com uma grade de concreto. O segmento central se estende pela torre, apresentando um janel\u00e3o em arco alongado e grade vertical, tendo acima outra grade de concreto decorativa e pin\u00e1culos nos cantos, partindo da\u00ed o campan\u00e1rio em delicado rendilhado decorativo at\u00e9 a c\u00fapula em cone poli\u00e9drico com imagem da Virgem.<\/p>\n\n<h3 class=\"wp-block-heading\"><strong>Cap\u00edtulo 3: \u00c1trio e Altar Lateral<\/strong><\/h3>\n\n<p><br \/>Internamente, h\u00e1 um \u00e1trio sob o coro com tr\u00eas portas para a nave, tendo \u00e0 esquerda um altar lateral feito em m\u00e1rmore, com Sacr\u00e1rio e nicho em arco g\u00f3tico, dedicado a S\u00e3o Jo\u00e3o Brito; e \u00e0 direita um altar semelhante com S\u00e3o Sebasti\u00e3o, tendo pr\u00f3ximo \u00e0 porta central de acesso ao corpo da nave um Crucifixo grande e em cores. Ainda no \u00e1trio, h\u00e1 \u00e0 esquerda, o ossu\u00e1rio Portal da Saudade.<\/p>\n\n<h3 class=\"wp-block-heading\"><strong>Cap\u00edtulo 4: A Nave e os Altares Laterais<\/strong><\/h3>\n\n<p><br \/>A nave \u00e9 retangular, com teto abaulado apresentando quatro colunas de cada lado, que dividem o sal\u00e3o em espa\u00e7o central e laterais. Nas paredes laterais h\u00e1 tr\u00eas vitrais em arco alongado e tr\u00eas menores no espa\u00e7o do coro, com representa\u00e7\u00f5es de santos e passagens da B\u00edblia. De cada lado, h\u00e1 um altar em m\u00e1rmore, com nicho em arco: o arco \u00e0 esquerda dedicado a Santo Ant\u00f4nio, e \u00e0 direita a S\u00e3o Luiz Orione. Nas paredes laterais, quadros incrustados e em relevo mostram imagens da Via Sacra.<\/p>\n\n<h3 class=\"wp-block-heading\"><strong>Cap\u00edtulo 5: O Presbit\u00e9rio e o Altar Central<\/strong><\/h3>\n\n<p><br \/>Pr\u00f3ximo ao altar central, h\u00e1 dois altares laterais, \u00e0 esquerda dedicado ao Sagrado Cora\u00e7\u00e3o de Jesus, e \u00e0 direita, dedicado a S\u00e3o Jos\u00e9. Aqui come\u00e7a o presbit\u00e9rio, em espa\u00e7o central em arco e com portas laterais uma para a sacristia e outra para a capela do Sant\u00edssimo. Nas paredes h\u00e1 vitrais em arco alongado. No fundo, est\u00e1 o altar em m\u00e1rmore, com Sacr\u00e1rio, destacado por um dossel de forma g\u00f3tica, tendo a imagem da Padroeira, Nossa Senhora de F\u00e1tima, esculpida em madeira em grande nicho g\u00f3tico seguido por uma ros\u00e1cea.<\/p>\n\n<h3 class=\"wp-block-heading\"><strong>Cap\u00edtulo 6: Capacidade e Espa\u00e7os Inferiores<\/strong><\/h3>\n\n<p><br \/>A capacidade interna do templo \u00e9 de aproximadamente 300 pessoas sentadas. No andar inferior, sob a nave, h\u00e1 o sal\u00e3o paroquial, a secretaria, cozinha, salas multifuncionais, onde realizamos as reuni\u00f5es, catequese para crian\u00e7as, jovens e adultos e algumas atividades sociais.<\/p>\n\n<h3 class=\"wp-block-heading\"><strong>Cap\u00edtulo 7: O Apostolado e as Festividades<\/strong><\/h3>\n\n<p><br \/>O nosso apostolado no Santu\u00e1rio \u00e9 impulsionado pelo esp\u00edrito entorno da Virgem de F\u00e1tima, cuja festa celebramos em dois grandes momentos, antecedida de novena: no dia 13 de maio (recordando a primeira apari\u00e7\u00e3o) e no dia 13 de outubro (recordando a \u00faltima apari\u00e7\u00e3o), com alvorada, missa de hora em hora, barraquinhas e prociss\u00e3o luminosa. Dia 13 de cada m\u00eas, conservamos a tradi\u00e7\u00e3o com o Santo ter\u00e7o e Santa Missa \u00e0s 15horas. Al\u00e9m disso, temos duas Missas di\u00e1rias de segunda a s\u00e1bado e quatro missas aos domingos.<\/p>\n\n<p>Essa divis\u00e3o ajuda a organizar o texto de maneira clara, abordando diferentes aspectos do templo, sua arquitetura, o uso do espa\u00e7o e as atividades religiosas associadas a ele.<\/p>\n\t\t\t\t\t\t\t\t<\/div>\n\t\t\t\t<\/div>\n\t\t\t\t\t<\/div>\n\t\t\t\t<\/div>\n\t\t\t\t<\/div>\n\t\t","protected":false},"excerpt":{"rendered":"<p>Cap\u00edtulo 1: Estrutura Exterior do Templo O templo est\u00e1 constru\u00eddo com tra\u00e7os da arquitetura g\u00f3tica. A fachada apresenta bloco \u00fanico com um segmento central, que&hellip;<\/p>\n","protected":false},"author":1,"featured_media":0,"parent":0,"menu_order":0,"comment_status":"closed","ping_status":"closed","template":"","meta":{"footnotes":""},"class_list":["post-41","page","type-page","status-publish","hentry"],"_links":{"self":[{"href":"https:\/\/santuariodefatimario.org.br\/index2.php\/wp-json\/wp\/v2\/pages\/41","targetHints":{"allow":["GET"]}}],"collection":[{"href":"https:\/\/santuariodefatimario.org.br\/index2.php\/wp-json\/wp\/v2\/pages"}],"about":[{"href":"https:\/\/santuariodefatimario.org.br\/index2.php\/wp-json\/wp\/v2\/types\/page"}],"author":[{"embeddable":true,"href":"https:\/\/santuariodefatimario.org.br\/index2.php\/wp-json\/wp\/v2\/users\/1"}],"replies":[{"embeddable":true,"href":"https:\/\/santuariodefatimario.org.br\/index2.php\/wp-json\/wp\/v2\/comments?post=41"}],"version-history":[{"count":5,"href":"https:\/\/santuariodefatimario.org.br\/index2.php\/wp-json\/wp\/v2\/pages\/41\/revisions"}],"predecessor-version":[{"id":1082,"href":"https:\/\/santuariodefatimario.org.br\/index2.php\/wp-json\/wp\/v2\/pages\/41\/revisions\/1082"}],"wp:attachment":[{"href":"https:\/\/santuariodefatimario.org.br\/index2.php\/wp-json\/wp\/v2\/media?parent=41"}],"curies":[{"name":"wp","href":"https:\/\/api.w.org\/{rel}","templated":true}]}}