{"id":42,"date":"2025-02-28T18:54:07","date_gmt":"2025-02-28T18:54:07","guid":{"rendered":"https:\/\/santuariodefatimario.org.br\/?page_id=42"},"modified":"2025-07-27T21:56:05","modified_gmt":"2025-07-27T21:56:05","slug":"sao-luis-orione","status":"publish","type":"page","link":"https:\/\/santuariodefatimario.org.br\/index2.php\/sao-luis-orione\/","title":{"rendered":"S\u00e3o Luis Orione"},"content":{"rendered":"\t\t<div data-elementor-type=\"wp-page\" data-elementor-id=\"42\" class=\"elementor elementor-42\">\n\t\t\t\t<div class=\"elementor-element elementor-element-3abe2879 e-flex e-con-boxed wpr-particle-no wpr-jarallax-no wpr-parallax-no wpr-sticky-section-no wpr-equal-height-no e-con e-parent\" data-id=\"3abe2879\" data-element_type=\"container\" data-e-type=\"container\">\n\t\t\t\t\t<div class=\"e-con-inner\">\n\t\t\t\t<div class=\"elementor-element elementor-element-220ec7ea elementor-widget elementor-widget-text-editor\" data-id=\"220ec7ea\" data-element_type=\"widget\" data-e-type=\"widget\" data-widget_type=\"text-editor.default\">\n\t\t\t\t<div class=\"elementor-widget-container\">\n\t\t\t\t\t\t\t\t\t<div class=\"wp-block-image\">\n<figure class=\"alignleft\"><img decoding=\"async\" class=\"wp-image-385\" src=\"https:\/\/seashell-zebra-730008.hostingersite.com\/wp-content\/uploads\/2019\/04\/sluis-orione-245x300.png\" alt=\"\" \/><\/figure><\/div>\n<p>\u201cS\u00e3o Lu\u00eds Orione \u00e9 um dos maiores e mais conhecidos ap\u00f3stolos da caridade e do bem surgido em nossos tempos, para dar testemunho de amor a Cristo e aos irm\u00e3os, mediante uma inquebr\u00e1vel fidelidade \u00e0 Igreja.<\/p>\n\n<p>Nasceu em Pontecurone, lugarejo do Piemonte, na It\u00e1lia em 23 de Junho de 1872. No ambiente pobre e profundamente religioso de sua fam\u00edlia, recebeu fundamentos ternos e vigorosos de um apaixonado amor a Deus e aos necessitados, que forma toda a luz de sua exist\u00eancia.<\/p>\n\n<p>Sua voca\u00e7\u00e3o cresceu entre lutas e sacrif\u00edcios e nesses sacrif\u00edcios e lutas se fortaleceu. Passou uma temporada de seis meses com os religiosos franciscanos em Voghera (1885-1886) e outra, de tr\u00eas anos, junto a Dom Bosco em Turim (1886-1889). De 1889 a 1893, Lu\u00eds Orione esteve no semin\u00e1rio diocesano de Tortona entre livros e humildes servi\u00e7os na catedral, para custear seus estudos. Nesse per\u00edodo de profunda viv\u00eancia religiosa, social e pol\u00edtica, enquanto se preparava para o sacerd\u00f3cio, Lu\u00eds sentiu formar-se em seu cora\u00e7\u00e3o o desejo irrefre\u00e1vel de dedicar-se inteiramente aos meninos \u00f3rf\u00e3os e abandonados, conduzindo-os a Deus e educando-os para o bem.<\/p>\n\n<p>Ainda cl\u00e9rigo, iniciou uma s\u00e9rie de a\u00e7\u00f5es juvenis. Mais tarde, abriu institui\u00e7\u00f5es para os mais pobres e abandonados, v\u00edtimas da fome e da mis\u00e9ria, desvalorizados pela sociedade.<\/p>\n\n<p>Foi ordenado sacerdote em 13 de abril de 1895, em Tortona. No dia de sua primeira missa, tomou a decis\u00e3o de n\u00e3o ser um padre somente para os que iam a Igreja, mas ser padre para todos, especialmente para os mais afastados da Igreja e para os pobres.<\/p>\n\n<p>Sua atividade foi crescendo num ritmo apaixonado e foram surgindo obras, escolas, col\u00f4nias agr\u00edcolas, oficinas para aprendizes, escolas profissionalizantes, casas de caridade e os Pequenos Cotolengos.<\/p>\n\n<p>Para atender a tantas obras, fundou as Congrega\u00e7\u00f5es Religiosas: Pequena Obra da Divina Provid\u00eancia, eremitas da Divina Provid\u00eancia, Pequenas Irm\u00e3s Mission\u00e1rias da Caridade e Irm\u00e3s Sacramentinas Cegas.<\/p>\n\n<p>Viveu para amar e servir. N\u00e3o conheceu outro motivo para viver. Fez da sua vida e da sua f\u00e9 uma \u00fanica miss\u00e3o. Sofreu muito, mas a ningu\u00e9m fez sofrer. Tinha como ideal \u201cfazer o bem sempre, fazer o bem a todos. O mal nunca e a ningu\u00e9m\u201d.<\/p>\n\n<p>Para visitar e incentivar os seus filhos mission\u00e1rios esteve diversas vezes na Am\u00e9rica do Sul: Argentina, Uruguai, Chile e no Brasil (1921, 1922, 1934 e 1937) disse que o que n\u00e3o pudesse fazer pelo Brasil quando vivo, o faria depois de morto.<\/p>\n\n<p>Morreu em San Remo, na It\u00e1lia onde fora cuidar da sa\u00fade, por ordem de seus m\u00e9dicos e superiores, em 12 de mar\u00e7o de 1940. Antes de ir a San Remo, protestou que n\u00e3o era entre palmas que queria morrer, mas entre os pobres, que s\u00e3o de Jesus Cristo.<\/p>\n\n<p>Jo\u00e3o Paulo II o beatificou em 26 de outubro de 1980.<\/p>\n\n<p>Depois de reconhecidas suas virtudes heroicas e sua bondade em v\u00e1rios milagres comprovados e aprovados, o mesmo Papa Jo\u00e3o Paulo II o proclamou Santo da Igreja numa missa de Canoniza\u00e7\u00e3o na Pra\u00e7a de S\u00e3o Pedro, em Roma, no dia 16 de maio de 2004. Seu ideal de \u201cfazer o bem sempre\u201d continua vivo em seus filhos e filhas (religiosos, religiosas, leigos e leigas), que continuam difundindo seu carisma atrav\u00e9s de obras de caridade em mais de 30 pa\u00edses.<\/p>\n\n<p><strong>Fonte<\/strong>:\u00a0Ant\u00f4nio.S. Bogaz \u2013 Rodinei C. Thomazella.\u00a0<strong>O Encantador da Juventude \u2013 Aspectos Teol\u00f3gicos da Pedagogia de Dom Orione.<\/strong>\u00a0Edi\u00e7\u00e3o Pequena Obra da Divina Provid\u00eancia, S\u00e3o Paulo, 2001, p. 17 a 19.\u00a0<a href=\"https:\/\/orionitas.com.br\/sao-luis-orione-o-apstolo-da-caridade\/\" target=\"_blank\" rel=\"noreferrer noopener\">https:\/\/orionitas.com.br\/sao-luis-orione-o-apstolo-da-caridade\/<\/a><\/p>\n\t\t\t\t\t\t\t\t<\/div>\n\t\t\t\t<\/div>\n\t\t\t\t\t<\/div>\n\t\t\t\t<\/div>\n\t\t\t\t<\/div>\n\t\t","protected":false},"excerpt":{"rendered":"<p>\u201cS\u00e3o Lu\u00eds Orione \u00e9 um dos maiores e mais conhecidos ap\u00f3stolos da caridade e do bem surgido em nossos tempos, para dar testemunho de amor&hellip;<\/p>\n","protected":false},"author":1,"featured_media":0,"parent":0,"menu_order":0,"comment_status":"closed","ping_status":"closed","template":"","meta":{"footnotes":""},"class_list":["post-42","page","type-page","status-publish","hentry"],"_links":{"self":[{"href":"https:\/\/santuariodefatimario.org.br\/index2.php\/wp-json\/wp\/v2\/pages\/42","targetHints":{"allow":["GET"]}}],"collection":[{"href":"https:\/\/santuariodefatimario.org.br\/index2.php\/wp-json\/wp\/v2\/pages"}],"about":[{"href":"https:\/\/santuariodefatimario.org.br\/index2.php\/wp-json\/wp\/v2\/types\/page"}],"author":[{"embeddable":true,"href":"https:\/\/santuariodefatimario.org.br\/index2.php\/wp-json\/wp\/v2\/users\/1"}],"replies":[{"embeddable":true,"href":"https:\/\/santuariodefatimario.org.br\/index2.php\/wp-json\/wp\/v2\/comments?post=42"}],"version-history":[{"count":5,"href":"https:\/\/santuariodefatimario.org.br\/index2.php\/wp-json\/wp\/v2\/pages\/42\/revisions"}],"predecessor-version":[{"id":1130,"href":"https:\/\/santuariodefatimario.org.br\/index2.php\/wp-json\/wp\/v2\/pages\/42\/revisions\/1130"}],"wp:attachment":[{"href":"https:\/\/santuariodefatimario.org.br\/index2.php\/wp-json\/wp\/v2\/media?parent=42"}],"curies":[{"name":"wp","href":"https:\/\/api.w.org\/{rel}","templated":true}]}}