{"id":44,"date":"2025-02-28T18:54:07","date_gmt":"2025-02-28T18:54:07","guid":{"rendered":"https:\/\/santuariodefatimario.org.br\/?page_id=44"},"modified":"2025-07-31T17:50:44","modified_gmt":"2025-07-31T17:50:44","slug":"acolhida","status":"publish","type":"page","link":"https:\/\/santuariodefatimario.org.br\/index2.php\/acolhida\/","title":{"rendered":"Acolhida"},"content":{"rendered":"\t\t<div data-elementor-type=\"wp-page\" data-elementor-id=\"44\" class=\"elementor elementor-44\">\n\t\t\t\t<div class=\"elementor-element elementor-element-a8fcb3b e-flex e-con-boxed wpr-particle-no wpr-jarallax-no wpr-parallax-no wpr-sticky-section-no wpr-equal-height-no e-con e-parent\" data-id=\"a8fcb3b\" data-element_type=\"container\" data-e-type=\"container\">\n\t\t\t\t\t<div class=\"e-con-inner\">\n\t\t\t\t<div class=\"elementor-element elementor-element-22566152 elementor-widget elementor-widget-text-editor\" data-id=\"22566152\" data-element_type=\"widget\" data-e-type=\"widget\" data-widget_type=\"text-editor.default\">\n\t\t\t\t<div class=\"elementor-widget-container\">\n\t\t\t\t\t\t\t\t\t\n<figure class=\"wp-block-image size-full\">\u00a0 \u00a0<img decoding=\"async\" class=\"wp-image-1038 aligncenter\" src=\"https:\/\/santuariodefatimario.org.br\/wp-content\/uploads\/2025\/07\/Pastoral-da-Acolhida-427x600-2.png\" alt=\"\" width=\"193\" height=\"205\" srcset=\"https:\/\/santuariodefatimario.org.br\/wp-content\/uploads\/2025\/07\/Pastoral-da-Acolhida-427x600-2.png 337w, https:\/\/santuariodefatimario.org.br\/wp-content\/uploads\/2025\/07\/Pastoral-da-Acolhida-427x600-2-282x300.png 282w, https:\/\/santuariodefatimario.org.br\/wp-content\/uploads\/2025\/07\/Pastoral-da-Acolhida-427x600-2-330x350.png 330w\" sizes=\"(max-width: 193px) 100vw, 193px\" \/><\/figure>\n\n<p class=\"has-text-align-center\"><strong><em>Acolhei-vos uns aos outros, como Cristo nos acolheu para a gl\u00f3ria do Pai\u201d<\/em><\/strong>\u202f(Rom 15,7)\u00a0<\/p>\n\n<p>A pastoral da acolhida deve\u00a0propiciar a todos aqueles que chegam \u00e0 par\u00f3quia o acolhimento do pr\u00f3prio Jesus, ambientando as pessoas num clima de fam\u00edlia.\u00a0\u00c9 preciso saber escutar, saber ter iniciativa, conseguir ver os detalhes, conseguir se antecipar \u00e0s necessidades do outro.<strong>\u00a0<\/strong><\/p>\n\n<p class=\"has-text-align-center has-large-font-size\"><strong><mark class=\"has-inline-color has-vivid-cyan-blue-color\" style=\"background-color: rgba(0, 0, 0, 0);\">Objetivo Geral<\/mark><\/strong><\/p>\n\n<p>\u00c9 um trabalho de acolhimento aos irm\u00e3os para que possam se sentir melhores nas missas e encontros. O objetivo da pastoral \u00e9 preocupar-se em passar o rosto de Cristo aos que chegam, por meio da\u00a0comunidade bonita e acolhedora. Essa imagem est\u00e1 muito ligada \u00e0 qualidade de recep\u00e7\u00e3o. As pessoas que v\u00eam \u00e0 nossa igreja devem voltar para casa mais felizes e agradecidas, com a sensa\u00e7\u00e3o de que continuar participando. A pastoral da acolhida deve\u00a0dar\u00a0certeza de que somos acolhidos por Deus e por isso podemos ser seus instrumentos.\u00a0&lt;<\/p>\n\n<p>&gt;Os membros da pastoral da acolhida devem se esfor\u00e7ar por ter a caridade de Cristo, a aten\u00e7\u00e3o de Maria, o esp\u00edrito de servi\u00e7o dos santos. Isso ser\u00e1 alcan\u00e7ado na medida em que eles se aproximarem mais ao Senhor, na ora\u00e7\u00e3o sincera, na devo\u00e7\u00e3o verdadeira \u00e0 Santa Eucaristia, na confian\u00e7a absoluta na gra\u00e7a de Deus.\u00a0&lt;<\/p>\n\n<p>&gt;A pastoral da acolhida deve ser uma\u00a0refer\u00eancia\u00a0de amizade aos que v\u00eam \u00e0 Igreja. Deve buscar conhecer as pessoas, respeit\u00e1-las nas suas limita\u00e7\u00f5es, se apresentar sempre como dispon\u00edvel a ajudar. Deve ser a voz da Igreja mais pr\u00f3xima das pessoas, com suas necessidades reais.\u00a0<\/p>\n\n<p class=\"has-text-align-center has-large-font-size\"><br \/><strong><mark class=\"has-inline-color has-vivid-cyan-blue-color\" style=\"background-color: rgba(0, 0, 0, 0);\">Objetivos espec\u00edficos<\/mark><\/strong><\/p>\n\n<p>A acolhida acontece em dois aspectos:\u00a0\u00a0<\/p>\n\n<ul class=\"wp-block-list\">\n<li>Aspecto f\u00edsico:\u00a0acomod\u00e1-los nos bancos, dar informa\u00e7\u00f5es, entregar folhetos e afins;\u00a0<br \/>\u00a0<\/li>\n\n<li>Aspecto espiritual \u2013 receber a todos com alegria, dar boas-vindas, dirigir a\u00a0todos palavras\u00a0de conforto e esperan\u00e7a tendo sempre estampado no rosto o amor pr\u00f3prio dos crist\u00e3os. A boa atua\u00e7\u00e3o da recep\u00e7\u00e3o \u00e9 fundamental para o\u00a0bom\u00a0andamento das celebra\u00e7\u00f5es.\u00a0<\/li>\n<\/ul>\n\n<p class=\"has-text-align-center has-large-font-size\"><strong><mark class=\"has-inline-color has-vivid-cyan-blue-color\" style=\"background-color: rgba(0, 0, 0, 0);\">Tarefas pr\u00e1ticas<\/mark><\/strong><\/p>\n\n<ul class=\"wp-block-list\">\n<li>Chegar bem antes da Missa para rezar pelos que vir\u00e3o na celebra\u00e7\u00e3o, e pedir a Deus que possam ser a voz e os bra\u00e7os da Igreja a todos os que se reunirem para a celebra\u00e7\u00e3o;\u00a0<\/li>\n<\/ul>\n\n<ul class=\"wp-block-list\">\n<li>Acolher a todos com alegria, com amizade e simpatia. Nunca criticar a algu\u00e9m por ter ficado algum tempo sem aparecer na Igreja, mas acolher a todos com o Pai acolheu o Filho pr\u00f3digo no seu retorno a casa;\u00a0<\/li>\n\n<li>Buscar conhecer aqueles que vieram pela primeira vez na Igreja;\u00a0\u00a0<\/li>\n\n<li>Ter especial aten\u00e7\u00e3o aos idosos, aos enfermos, \u00e0s gr\u00e1vidas, providenciando um lugar adequado a essas pessoas e a todos os que possuem uma especial necessidade;\u00a0<\/li>\n\n<li>Ser um contato com as pessoas que queiram fazer algum encontro ou retiro espiritual. Em ocasi\u00f5es, saber oferecer essas possibilidades aos fi\u00e9is, especialmente aos jovens;\u00a0<\/li>\n\n<li>Ser o ponto de contato entre as pessoas que desejam\u00a0uma visita do sacerdote para se confessarem.\u00a0Muitos precisam da visita do sacerdote e, \u00e0s vezes, t\u00eam vergonha de pedir, ou n\u00e3o encontram a possibilidade de comunicar ao sacerdote;\u00a0<\/li>\n<\/ul>\n\n<ul class=\"wp-block-list\">\n<li>Ajudar a que todos participem bem na Celebra\u00e7\u00e3o, com o bom exemplo, com a aten\u00e7\u00e3o voltada para o Senhor e para \u00e0s necessidades do pr\u00f3ximo;\u00a0<\/li>\n\n<li>No final da Santa Missa, agradecer ao Senhor pelo trabalho realizado e pedir a Ele que continue sendo exemplo de servi\u00e7o aos fi\u00e9is durante toda a semana;\u00a0<\/li>\n<\/ul>\n\n<p>\u00a0<\/p>\n\t\t\t\t\t\t\t\t<\/div>\n\t\t\t\t<\/div>\n\t\t\t\t\t<\/div>\n\t\t\t\t<\/div>\n\t\t<div class=\"elementor-element elementor-element-f001d28 e-flex e-con-boxed wpr-particle-no wpr-jarallax-no wpr-parallax-no wpr-sticky-section-no wpr-equal-height-no e-con e-parent\" data-id=\"f001d28\" data-element_type=\"container\" data-e-type=\"container\">\n\t\t\t\t\t<div class=\"e-con-inner\">\n\t\t\t\t<div class=\"elementor-element elementor-element-ff2355d gallery-spacing-custom elementor-widget elementor-widget-image-gallery\" data-id=\"ff2355d\" data-element_type=\"widget\" data-e-type=\"widget\" data-widget_type=\"image-gallery.default\">\n\t\t\t\t<div class=\"elementor-widget-container\">\n\t\t\t\t\t\t\t<div class=\"elementor-image-gallery\">\n\t\t\t<div id='gallery-1' class='gallery galleryid-44 gallery-columns-2 gallery-size-post-category-slider-size'><figure class='gallery-item'>\n\t\t\t<div class='gallery-icon portrait'>\n\t\t\t\t<a data-elementor-open-lightbox=\"yes\" data-elementor-lightbox-slideshow=\"ff2355d\" data-elementor-lightbox-title=\"Imagem do WhatsApp de 2025-07-31 \u00e0(s) 14.46.56_7ccf88c8\" data-e-action-hash=\"#elementor-action%3Aaction%3Dlightbox%26settings%3DeyJpZCI6MTMzOCwidXJsIjoiaHR0cHM6XC9cL3NhbnR1YXJpb2RlZmF0aW1hcmlvLm9yZy5iclwvd3AtY29udGVudFwvdXBsb2Fkc1wvMjAyNVwvMDdcL0ltYWdlbS1kby1XaGF0c0FwcC1kZS0yMDI1LTA3LTMxLWFzLTE0LjQ2LjU2XzdjY2Y4OGM4LmpwZyIsInNsaWRlc2hvdyI6ImZmMjM1NWQifQ%3D%3D\" href='https:\/\/santuariodefatimario.org.br\/wp-content\/uploads\/2025\/07\/Imagem-do-WhatsApp-de-2025-07-31-as-14.46.56_7ccf88c8.jpg'><img fetchpriority=\"high\" decoding=\"async\" width=\"330\" height=\"350\" src=\"https:\/\/santuariodefatimario.org.br\/wp-content\/uploads\/2025\/07\/Imagem-do-WhatsApp-de-2025-07-31-as-14.46.56_7ccf88c8-330x350.jpg\" class=\"attachment-post-category-slider-size size-post-category-slider-size\" alt=\"\" \/><\/a>\n\t\t\t<\/div><\/figure><figure class='gallery-item'>\n\t\t\t<div class='gallery-icon landscape'>\n\t\t\t\t<a data-elementor-open-lightbox=\"yes\" data-elementor-lightbox-slideshow=\"ff2355d\" data-elementor-lightbox-title=\"Imagem do WhatsApp de 2025-07-31 \u00e0(s) 14.46.56_7e447982\" data-e-action-hash=\"#elementor-action%3Aaction%3Dlightbox%26settings%3DeyJpZCI6MTM0MCwidXJsIjoiaHR0cHM6XC9cL3NhbnR1YXJpb2RlZmF0aW1hcmlvLm9yZy5iclwvd3AtY29udGVudFwvdXBsb2Fkc1wvMjAyNVwvMDdcL0ltYWdlbS1kby1XaGF0c0FwcC1kZS0yMDI1LTA3LTMxLWFzLTE0LjQ2LjU2XzdlNDQ3OTgyLmpwZyIsInNsaWRlc2hvdyI6ImZmMjM1NWQifQ%3D%3D\" href='https:\/\/santuariodefatimario.org.br\/wp-content\/uploads\/2025\/07\/Imagem-do-WhatsApp-de-2025-07-31-as-14.46.56_7e447982.jpg'><img decoding=\"async\" width=\"330\" height=\"350\" src=\"https:\/\/santuariodefatimario.org.br\/wp-content\/uploads\/2025\/07\/Imagem-do-WhatsApp-de-2025-07-31-as-14.46.56_7e447982-330x350.jpg\" class=\"attachment-post-category-slider-size size-post-category-slider-size\" alt=\"\" \/><\/a>\n\t\t\t<\/div><\/figure><figure class='gallery-item'>\n\t\t\t<div class='gallery-icon landscape'>\n\t\t\t\t<a data-elementor-open-lightbox=\"yes\" data-elementor-lightbox-slideshow=\"ff2355d\" data-elementor-lightbox-title=\"Imagem do WhatsApp de 2025-07-31 \u00e0(s) 14.46.56_0d8df413\" data-e-action-hash=\"#elementor-action%3Aaction%3Dlightbox%26settings%3DeyJpZCI6MTM0MSwidXJsIjoiaHR0cHM6XC9cL3NhbnR1YXJpb2RlZmF0aW1hcmlvLm9yZy5iclwvd3AtY29udGVudFwvdXBsb2Fkc1wvMjAyNVwvMDdcL0ltYWdlbS1kby1XaGF0c0FwcC1kZS0yMDI1LTA3LTMxLWFzLTE0LjQ2LjU2XzBkOGRmNDEzLmpwZyIsInNsaWRlc2hvdyI6ImZmMjM1NWQifQ%3D%3D\" href='https:\/\/santuariodefatimario.org.br\/wp-content\/uploads\/2025\/07\/Imagem-do-WhatsApp-de-2025-07-31-as-14.46.56_0d8df413.jpg'><img loading=\"lazy\" decoding=\"async\" width=\"330\" height=\"350\" src=\"https:\/\/santuariodefatimario.org.br\/wp-content\/uploads\/2025\/07\/Imagem-do-WhatsApp-de-2025-07-31-as-14.46.56_0d8df413-330x350.jpg\" class=\"attachment-post-category-slider-size size-post-category-slider-size\" alt=\"\" \/><\/a>\n\t\t\t<\/div><\/figure><figure class='gallery-item'>\n\t\t\t<div class='gallery-icon landscape'>\n\t\t\t\t<a data-elementor-open-lightbox=\"yes\" data-elementor-lightbox-slideshow=\"ff2355d\" data-elementor-lightbox-title=\"Imagem do WhatsApp de 2025-07-31 \u00e0(s) 14.46.55_29ed02e5\" data-e-action-hash=\"#elementor-action%3Aaction%3Dlightbox%26settings%3DeyJpZCI6MTM0MiwidXJsIjoiaHR0cHM6XC9cL3NhbnR1YXJpb2RlZmF0aW1hcmlvLm9yZy5iclwvd3AtY29udGVudFwvdXBsb2Fkc1wvMjAyNVwvMDdcL0ltYWdlbS1kby1XaGF0c0FwcC1kZS0yMDI1LTA3LTMxLWFzLTE0LjQ2LjU1XzI5ZWQwMmU1LmpwZyIsInNsaWRlc2hvdyI6ImZmMjM1NWQifQ%3D%3D\" href='https:\/\/santuariodefatimario.org.br\/wp-content\/uploads\/2025\/07\/Imagem-do-WhatsApp-de-2025-07-31-as-14.46.55_29ed02e5.jpg'><img loading=\"lazy\" decoding=\"async\" width=\"330\" height=\"350\" src=\"https:\/\/santuariodefatimario.org.br\/wp-content\/uploads\/2025\/07\/Imagem-do-WhatsApp-de-2025-07-31-as-14.46.55_29ed02e5-330x350.jpg\" class=\"attachment-post-category-slider-size size-post-category-slider-size\" alt=\"\" \/><\/a>\n\t\t\t<\/div><\/figure>\n\t\t<\/div>\n\t\t<\/div>\n\t\t\t\t\t\t<\/div>\n\t\t\t\t<\/div>\n\t\t\t\t\t<\/div>\n\t\t\t\t<\/div>\n\t\t\t\t<\/div>\n\t\t","protected":false},"excerpt":{"rendered":"<p>Acolhei-vos uns aos outros, como Cristo nos acolheu para a gl\u00f3ria do Pai\u201d\u202f(Rom 15,7)\u00a0 A pastoral da acolhida deve\u00a0propiciar a todos aqueles que chegam \u00e0&hellip;<\/p>\n","protected":false},"author":1,"featured_media":0,"parent":0,"menu_order":0,"comment_status":"closed","ping_status":"closed","template":"","meta":{"footnotes":""},"class_list":["post-44","page","type-page","status-publish","hentry"],"_links":{"self":[{"href":"https:\/\/santuariodefatimario.org.br\/index2.php\/wp-json\/wp\/v2\/pages\/44","targetHints":{"allow":["GET"]}}],"collection":[{"href":"https:\/\/santuariodefatimario.org.br\/index2.php\/wp-json\/wp\/v2\/pages"}],"about":[{"href":"https:\/\/santuariodefatimario.org.br\/index2.php\/wp-json\/wp\/v2\/types\/page"}],"author":[{"embeddable":true,"href":"https:\/\/santuariodefatimario.org.br\/index2.php\/wp-json\/wp\/v2\/users\/1"}],"replies":[{"embeddable":true,"href":"https:\/\/santuariodefatimario.org.br\/index2.php\/wp-json\/wp\/v2\/comments?post=44"}],"version-history":[{"count":19,"href":"https:\/\/santuariodefatimario.org.br\/index2.php\/wp-json\/wp\/v2\/pages\/44\/revisions"}],"predecessor-version":[{"id":1345,"href":"https:\/\/santuariodefatimario.org.br\/index2.php\/wp-json\/wp\/v2\/pages\/44\/revisions\/1345"}],"wp:attachment":[{"href":"https:\/\/santuariodefatimario.org.br\/index2.php\/wp-json\/wp\/v2\/media?parent=44"}],"curies":[{"name":"wp","href":"https:\/\/api.w.org\/{rel}","templated":true}]}}