{"id":45,"date":"2025-02-28T18:54:07","date_gmt":"2025-02-28T18:54:07","guid":{"rendered":"https:\/\/santuariodefatimario.org.br\/?page_id=45"},"modified":"2025-07-31T17:40:45","modified_gmt":"2025-07-31T17:40:45","slug":"batismo","status":"publish","type":"page","link":"https:\/\/santuariodefatimario.org.br\/index2.php\/batismo\/","title":{"rendered":"Batismo"},"content":{"rendered":"\t\t<div data-elementor-type=\"wp-page\" data-elementor-id=\"45\" class=\"elementor elementor-45\">\n\t\t\t\t<div class=\"elementor-element elementor-element-4a213700 e-flex e-con-boxed wpr-particle-no wpr-jarallax-no wpr-parallax-no wpr-sticky-section-no wpr-equal-height-no e-con e-parent\" data-id=\"4a213700\" data-element_type=\"container\" data-e-type=\"container\">\n\t\t\t\t\t<div class=\"e-con-inner\">\n\t\t\t\t<div class=\"elementor-element elementor-element-bff4fd8 elementor-widget elementor-widget-text-editor\" data-id=\"bff4fd8\" data-element_type=\"widget\" data-e-type=\"widget\" data-widget_type=\"text-editor.default\">\n\t\t\t\t<div class=\"elementor-widget-container\">\n\t\t\t\t\t\t\t\t\t<p><img fetchpriority=\"high\" decoding=\"async\" class=\"size-full wp-image-680 aligncenter\" src=\"http:\/\/santuariodefatimario.org.br\/wp-content\/uploads\/2019\/03\/Batismo-e1753973266261.png\" alt=\"\" width=\"300\" height=\"178\" \/><\/p>\n<p class=\"has-text-align-center has-large-font-size\"><strong><mark class=\"has-inline-color has-vivid-cyan-blue-color\" style=\"background-color: rgba(0, 0, 0, 0);\">Import\u00e2ncia do Batismo<\/mark><\/strong><\/p>\n<p><!-- \/wp:paragraph --><!-- wp:paragraph --><\/p>\n<p>\u00c9 atrav\u00e9s do Batismo que participamos da Reden\u00e7\u00e3o que Jesus nos conquistou com o Seu precioso sangue. Tanto assim que Ele disse aos Ap\u00f3stolos, pouco antes de sua Ascens\u00e3o ao C\u00e9u: \u201cQuem crer e for batizado ser\u00e1 salvo, mas quem n\u00e3o crer ser\u00e1 condenado\u201d (Marcos 16,16). Pelo pecado de Ad\u00e3o e Eva, a humanidade se separou de Deus, e experimentou a condena\u00e7\u00e3o, j\u00e1 que Deus \u00e9 a fonte da vida do homem. Jesus veio para \u201ctirar o pecado do mundo\u201d (Jo\u00e3o 1, 29) e recolocar o homem em comunh\u00e3o com Deus. Ele fez isso pela sua Paix\u00e3o e Morte de Cruz, e deixou a Igreja e os Sacramentos para que esta salva\u00e7\u00e3o chegue a cada pessoa. O Batismo \u00e9 exatamente este primeiro sacramento que nos faz \u201cmembros do Corpo de Cristo\u201d (cf. I Cor\u00edntios 12, 27) e participantes de Seus m\u00e9ritos. Assim, ser batizado, \u00e9 fazer parte de Jesus, \u00e9 ser membro de Sua Igreja, \u00e9 ser filho de Deus adotado por Jesus Cristo, \u00e9 ter o C\u00e9u por heran\u00e7a, e ter Maria como M\u00e3e. Logo, ser batizado faz se faz necess\u00e1rio para a salva\u00e7\u00e3o. Ser batizado \u00e9 a maior gra\u00e7a que algu\u00e9m pode receber na terra; por isso, a Igreja n\u00e3o quer que ningu\u00e9m fique sem o Batismo; e a crian\u00e7a, pela f\u00e9 dos pais e padrinhos, deve logo ser batizada.<\/p>\n<p><!-- \/wp:paragraph --><!-- wp:paragraph --><\/p>\n<p>Segundo o Direito Can\u00f4nico n\u00ba 874, para\u00a0<strong>ser padrinho<\/strong>\u00a0de batismo\u00a0<strong>\u00e9 necess\u00e1rio\u00a0<\/strong>que a pessoa tenha no m\u00ednimo 16 anos de idade, seja\u00a0<strong>Cat\u00f3lico, Batizado, Crismado\u00a0<\/strong>e j\u00e1 tenha recebido o Sant\u00edssimo Sacramento da Eucaristia e leve uma vida de acordo com a f\u00e9 e o encargo que vai assumir.<\/p>\n<p><!-- \/wp:paragraph --><!-- wp:paragraph {\"align\":\"center\",\"fontSize\":\"large\"} --><\/p>\n<p class=\"has-text-align-center has-large-font-size\"><strong><mark class=\"has-inline-color has-vivid-cyan-blue-color\" style=\"background-color: rgba(0, 0, 0, 0);\">Objetivo<\/mark><\/strong><\/p>\n<p><!-- \/wp:paragraph --><!-- wp:paragraph --><\/p>\n<p>O Principal objetivo da Pastoral do Batismo \u00e9 levar aos pais e aos padrinhos, o conhecimento da import\u00e2ncia do Batismo, atrav\u00e9s do qual se assume compromisso com Deus e com a comunidade. Assim, sacramento n\u00e3o se resume apenas em batizar. \u00c9 necess\u00e1rio vivenciar, testemunhar e ensinar os filhos e afilhados a serem crist\u00e3os aut\u00eanticos e fi\u00e9is seguidores de Jesus Cristo.\u00a0<strong>Lembramos que ser padrinho ou madrinha n\u00e3o \u00e9 um pr\u00eamio ou fun\u00e7\u00e3o social, mas sim um compromisso crist\u00e3o por toda a vida.<\/strong>\u00a0<\/p>\n<p><!-- \/wp:paragraph --><!-- wp:paragraph {\"align\":\"center\",\"fontSize\":\"large\"} --><\/p>\n<p class=\"has-text-align-center has-large-font-size\"><strong><mark class=\"has-inline-color has-vivid-cyan-blue-color\" style=\"background-color: rgba(0, 0, 0, 0);\">Requisitos para solicitar o Batismo<\/mark><\/strong><\/p>\n<p><!-- \/wp:paragraph --><!-- wp:list --><\/p>\n<ul class=\"wp-block-list\">\n<li style=\"list-style-type: none;\">\n<ul class=\"wp-block-list\"><!-- wp:list-item --><\/ul>\n<\/li>\n<\/ul>\n<ul class=\"wp-block-list\">\n<li style=\"list-style-type: none;\">\n<ul class=\"wp-block-list\">\n<li>Ter f\u00e9 no Sacramento do Batismo;<\/li>\n<\/ul>\n<\/li>\n<\/ul>\n<p><!-- \/wp:list-item --><!-- wp:list-item --><\/p>\n<ul class=\"wp-block-list\">\n<li style=\"list-style-type: none;\">\n<ul class=\"wp-block-list\">\n<li>Querer viver esta f\u00e9 em Jesus Cristo, na comunidade e com os outros;<\/li>\n<\/ul>\n<\/li>\n<\/ul>\n<p><!-- \/wp:list-item --><!-- wp:list-item --><\/p>\n<ul class=\"wp-block-list\">\n<li style=\"list-style-type: none;\">\n<ul class=\"wp-block-list\">\n<li>Possuir firme esperan\u00e7a de que a crian\u00e7a seja educada na f\u00e9 cat\u00f3lica pelos pais, padrinhos e comunidade;<\/li>\n<\/ul>\n<\/li>\n<\/ul>\n<p><!-- \/wp:list-item --><!-- wp:list-item --><\/p>\n<ul class=\"wp-block-list\">\n<li style=\"list-style-type: none;\">\n<ul class=\"wp-block-list\">\n<li>Ter menos de 07 anos de idade;<\/li>\n<\/ul>\n<\/li>\n<\/ul>\n<p><!-- \/wp:list-item --><!-- wp:list-item --><\/p>\n<ul class=\"wp-block-list\">\n<li style=\"list-style-type: none;\">\n<ul class=\"wp-block-list\">\n<li>Ap\u00f3s esta idade a crian\u00e7a deve fazer a prepara\u00e7\u00e3o na catequese;<\/li>\n<\/ul>\n<\/li>\n<\/ul>\n<p><!-- \/wp:list-item --><\/p>\n<p><!-- \/wp:list --><!-- wp:paragraph {\"align\":\"center\",\"fontSize\":\"large\"} --><\/p>\n<p class=\"has-text-align-center has-large-font-size\"><strong><mark class=\"has-inline-color has-vivid-cyan-blue-color\" style=\"background-color: rgba(0, 0, 0, 0);\">Documentos necess\u00e1rios\u00a0para a Inscri\u00e7\u00e3o<\/mark><\/strong><\/p>\n<p><!-- \/wp:paragraph --><!-- wp:list --><\/p>\n<ul class=\"wp-block-list\">\n<li style=\"list-style-type: none;\">\n<ul class=\"wp-block-list\"><!-- wp:list-item --><\/ul>\n<\/li>\n<\/ul>\n<ul class=\"wp-block-list\">\n<li style=\"list-style-type: none;\">\n<ul class=\"wp-block-list\">\n<li>C\u00f3pia de certid\u00e3o de nascimento da crian\u00e7a<\/li>\n<\/ul>\n<\/li>\n<\/ul>\n<p><!-- \/wp:list-item --><!-- wp:list-item --><\/p>\n<ul class=\"wp-block-list\">\n<li style=\"list-style-type: none;\">\n<ul class=\"wp-block-list\">\n<li>Comprovante de endere\u00e7o dos pais<\/li>\n<\/ul>\n<\/li>\n<\/ul>\n<p><!-- \/wp:list-item --><!-- wp:list-item --><\/p>\n<ul class=\"wp-block-list\">\n<li style=\"list-style-type: none;\">\n<ul class=\"wp-block-list\">\n<li>C\u00f3pia do RG dos pais<\/li>\n<\/ul>\n<\/li>\n<\/ul>\n<p><!-- \/wp:list-item --><!-- wp:list-item --><\/p>\n<ul class=\"wp-block-list\">\n<li style=\"list-style-type: none;\">\n<ul class=\"wp-block-list\">\n<li>C\u00f3pia do RG dos padrinhos<\/li>\n<\/ul>\n<\/li>\n<\/ul>\n<p><!-- \/wp:list-item --><!-- wp:list-item --><\/p>\n<ul class=\"wp-block-list\">\n<li style=\"list-style-type: none;\">\n<ul class=\"wp-block-list\">\n<li>Certificado do\u00a0<strong>curso de prepara\u00e7\u00e3o<\/strong>\u00a0dos pais e dos padrinhos (V\u00e1lido)<\/li>\n<\/ul>\n<\/li>\n<\/ul>\n<p><!-- \/wp:list-item --><!-- wp:list-item --><\/p>\n<ul class=\"wp-block-list\">\n<li style=\"list-style-type: none;\">\n<ul class=\"wp-block-list\">\n<li>Contribui\u00e7\u00e3o (R$ 30,00 no ato da inscri\u00e7\u00e3o)<\/li>\n<\/ul>\n<\/li>\n<\/ul>\n<p><!-- \/wp:list-item --><!-- wp:list-item --><\/p>\n<ul class=\"wp-block-list\">\n<li style=\"list-style-type: none;\">\n<ul class=\"wp-block-list\">\n<li><strong>OBS: Os padrinhos que fizerem o curso em outras par\u00f3quias devem apresentar cinco dias antes da data do batizado.<\/strong><\/li>\n<\/ul>\n<\/li>\n<\/ul>\n<p><!-- \/wp:list-item --><\/p>\n<p><!-- \/wp:list --><!-- wp:paragraph {\"align\":\"center\",\"fontSize\":\"large\"} --><\/p>\n<p class=\"has-text-align-center has-large-font-size\"><mark class=\"has-inline-color has-vivid-cyan-blue-color\" style=\"background-color: rgba(0, 0, 0, 0);\"><strong>Quem pode ser Padrinho?<\/strong>\u00a0<\/mark><\/p>\n<p><!-- \/wp:paragraph --><!-- wp:list --><\/p>\n<ul class=\"wp-block-list\">\n<li style=\"list-style-type: none;\">\n<ul class=\"wp-block-list\"><!-- wp:list-item --><\/ul>\n<\/li>\n<\/ul>\n<ul class=\"wp-block-list\">\n<li style=\"list-style-type: none;\">\n<ul class=\"wp-block-list\">\n<li>Quem tem consci\u00eancia da miss\u00e3o que vai assumir;<\/li>\n<\/ul>\n<\/li>\n<\/ul>\n<p><!-- \/wp:list-item --><!-- wp:list-item --><\/p>\n<ul class=\"wp-block-list\">\n<li style=\"list-style-type: none;\">\n<ul class=\"wp-block-list\">\n<li>Quem n\u00e3o seja pai ou m\u00e3e da crian\u00e7a.<\/li>\n<\/ul>\n<\/li>\n<\/ul>\n<p><!-- \/wp:list-item --><!-- wp:list-item --><\/p>\n<ul class=\"wp-block-list\">\n<li style=\"list-style-type: none;\">\n<ul class=\"wp-block-list\">\n<li>Pessoa id\u00f4nea, cat\u00f3lica praticante, com todos os sacramentos da inicia\u00e7\u00e3o crist\u00e3.<\/li>\n<\/ul>\n<\/li>\n<\/ul>\n<p><!-- \/wp:list-item --><!-- wp:list-item --><\/p>\n<ul class=\"wp-block-list\">\n<li style=\"list-style-type: none;\">\n<ul class=\"wp-block-list\">\n<li>Se solteiro(a), que seja maior de 16 anos, crismado(a) (trazer certid\u00e3o de crisma) e n\u00e3o esteja vivendo em estado de concubinato;<\/li>\n<\/ul>\n<\/li>\n<\/ul>\n<p><!-- \/wp:list-item --><!-- wp:list-item --><\/p>\n<ul class=\"wp-block-list\">\n<li style=\"list-style-type: none;\">\n<ul class=\"wp-block-list\">\n<li>Se casado, ser \u00a0na Igreja Cat\u00f3lica Apost\u00f3lica Romana (trazer a certid\u00e3o de casamento no religioso);<\/li>\n<\/ul>\n<\/li>\n<\/ul>\n<p><!-- \/wp:list-item --><\/p>\n<p><!-- \/wp:list --><!-- wp:paragraph {\"align\":\"center\",\"fontSize\":\"large\"} --><\/p>\n<p class=\"has-text-align-center has-large-font-size\"><strong><mark class=\"has-inline-color has-vivid-cyan-blue-color\" style=\"background-color: rgba(0, 0, 0, 0);\">Encontro de prepara\u00e7\u00e3o<\/mark><\/strong><\/p>\n<p><!-- \/wp:paragraph --><!-- wp:paragraph --><\/p>\n<p>Acontece no segundo s\u00e1bado de cada m\u00eas das 16h \u00e0s 20h no sal\u00e3o do Santu\u00e1rio<\/p>\n<p><!-- \/wp:paragraph --><!-- wp:paragraph {\"align\":\"center\",\"fontSize\":\"large\"} --><\/p>\n<p class=\"has-text-align-center has-large-font-size\"><strong><mark class=\"has-inline-color has-vivid-cyan-blue-color\" style=\"background-color: rgba(0, 0, 0, 0);\">Celebra\u00e7\u00e3o<\/mark><\/strong><\/p>\n<p><!-- \/wp:paragraph --><!-- wp:paragraph --><\/p>\n<p>Os\u00a0batizados acontecem sempre no \u00faltimo s\u00e1bado de cada m\u00eas \u00e0s 17h.<\/p>\n<p><!-- \/wp:paragraph --><!-- wp:paragraph {\"align\":\"center\",\"fontSize\":\"large\"} --><\/p>\n<p class=\"has-text-align-center has-large-font-size\"><strong><mark class=\"has-inline-color has-vivid-cyan-blue-color\" style=\"background-color: rgba(0, 0, 0, 0);\">Quando e onde marcar o Batismo?<\/mark><\/strong><\/p>\n<p><!-- \/wp:paragraph --><!-- wp:paragraph --><\/p>\n<p>Com a documenta\u00e7\u00e3o em m\u00e3os e feito prepara\u00e7\u00e3o para o batizado.\u00a0<strong>Agendar pessoalmente:\u00a0<\/strong>05 dias antes, na secretaria do<strong>\u00a0<\/strong>Santu\u00e1rio Nossa Senhora de F\u00e1tima, Rua Riachuelo 367, Centro \u2013<strong>\u00a0<\/strong>Rio, de segunda \u00e0 sexta-feira, das 8hs \u00e0s 12hs e de 13hs \u00e0s 17hs. Para mais informa\u00e7\u00f5es \u2013 Tel.\u00a0<strong>2232-3640<\/strong><\/p>\n<p><!-- \/wp:paragraph --><!-- wp:paragraph --><\/p>\n<p><!-- \/wp:paragraph --><\/p>\t\t\t\t\t\t\t\t<\/div>\n\t\t\t\t<\/div>\n\t\t\t\t\t<\/div>\n\t\t\t\t<\/div>\n\t\t<div class=\"elementor-element elementor-element-cc81131 e-flex e-con-boxed wpr-particle-no wpr-jarallax-no wpr-parallax-no wpr-sticky-section-no wpr-equal-height-no e-con e-parent\" data-id=\"cc81131\" data-element_type=\"container\" data-e-type=\"container\">\n\t\t\t\t\t<div class=\"e-con-inner\">\n\t\t\t\t<div class=\"elementor-element elementor-element-4b25ea6 elementor-widget elementor-widget-image-gallery\" data-id=\"4b25ea6\" data-element_type=\"widget\" data-e-type=\"widget\" data-widget_type=\"image-gallery.default\">\n\t\t\t\t<div class=\"elementor-widget-container\">\n\t\t\t\t\t\t\t<div class=\"elementor-image-gallery\">\n\t\t\t<div id='gallery-1' class='gallery galleryid-45 gallery-columns-1 gallery-size-post-category-slider-size'><figure class='gallery-item'>\n\t\t\t<div class='gallery-icon portrait'>\n\t\t\t\t<a data-elementor-open-lightbox=\"yes\" data-elementor-lightbox-slideshow=\"4b25ea6\" data-elementor-lightbox-title=\"Imagem do WhatsApp de 2025-07-31 \u00e0(s) 14.38.17_7cc6d1a6\" data-e-action-hash=\"#elementor-action%3Aaction%3Dlightbox%26settings%3DeyJpZCI6MTMzNCwidXJsIjoiaHR0cHM6XC9cL3NhbnR1YXJpb2RlZmF0aW1hcmlvLm9yZy5iclwvd3AtY29udGVudFwvdXBsb2Fkc1wvMjAyNVwvMDdcL0ltYWdlbS1kby1XaGF0c0FwcC1kZS0yMDI1LTA3LTMxLWFzLTE0LjM4LjE3XzdjYzZkMWE2LmpwZyIsInNsaWRlc2hvdyI6IjRiMjVlYTYifQ%3D%3D\" href='https:\/\/santuariodefatimario.org.br\/wp-content\/uploads\/2025\/07\/Imagem-do-WhatsApp-de-2025-07-31-as-14.38.17_7cc6d1a6.jpg'><img decoding=\"async\" width=\"330\" height=\"350\" src=\"https:\/\/santuariodefatimario.org.br\/wp-content\/uploads\/2025\/07\/Imagem-do-WhatsApp-de-2025-07-31-as-14.38.17_7cc6d1a6-330x350.jpg\" class=\"attachment-post-category-slider-size size-post-category-slider-size\" alt=\"\" \/><\/a>\n\t\t\t<\/div><\/figure>\n\t\t<\/div>\n\t\t<\/div>\n\t\t\t\t\t\t<\/div>\n\t\t\t\t<\/div>\n\t\t\t\t\t<\/div>\n\t\t\t\t<\/div>\n\t\t\t\t<\/div>\n\t\t","protected":false},"excerpt":{"rendered":"<p>Import\u00e2ncia do Batismo \u00c9 atrav\u00e9s do Batismo que participamos da Reden\u00e7\u00e3o que Jesus nos conquistou com o Seu precioso sangue. Tanto assim que Ele disse&hellip;<\/p>\n","protected":false},"author":1,"featured_media":0,"parent":0,"menu_order":0,"comment_status":"closed","ping_status":"closed","template":"","meta":{"footnotes":""},"class_list":["post-45","page","type-page","status-publish","hentry"],"_links":{"self":[{"href":"https:\/\/santuariodefatimario.org.br\/index2.php\/wp-json\/wp\/v2\/pages\/45","targetHints":{"allow":["GET"]}}],"collection":[{"href":"https:\/\/santuariodefatimario.org.br\/index2.php\/wp-json\/wp\/v2\/pages"}],"about":[{"href":"https:\/\/santuariodefatimario.org.br\/index2.php\/wp-json\/wp\/v2\/types\/page"}],"author":[{"embeddable":true,"href":"https:\/\/santuariodefatimario.org.br\/index2.php\/wp-json\/wp\/v2\/users\/1"}],"replies":[{"embeddable":true,"href":"https:\/\/santuariodefatimario.org.br\/index2.php\/wp-json\/wp\/v2\/comments?post=45"}],"version-history":[{"count":20,"href":"https:\/\/santuariodefatimario.org.br\/index2.php\/wp-json\/wp\/v2\/pages\/45\/revisions"}],"predecessor-version":[{"id":1337,"href":"https:\/\/santuariodefatimario.org.br\/index2.php\/wp-json\/wp\/v2\/pages\/45\/revisions\/1337"}],"wp:attachment":[{"href":"https:\/\/santuariodefatimario.org.br\/index2.php\/wp-json\/wp\/v2\/media?parent=45"}],"curies":[{"name":"wp","href":"https:\/\/api.w.org\/{rel}","templated":true}]}}