{"id":48,"date":"2025-02-28T18:54:07","date_gmt":"2025-02-28T18:54:07","guid":{"rendered":"https:\/\/santuariodefatimario.org.br\/?page_id=48"},"modified":"2025-07-31T16:29:39","modified_gmt":"2025-07-31T16:29:39","slug":"crisma","status":"publish","type":"page","link":"https:\/\/santuariodefatimario.org.br\/index2.php\/crisma\/","title":{"rendered":"Crisma"},"content":{"rendered":"\t\t<div data-elementor-type=\"wp-page\" data-elementor-id=\"48\" class=\"elementor elementor-48\">\n\t\t\t\t<div class=\"elementor-element elementor-element-3f5fa43 e-flex e-con-boxed wpr-particle-no wpr-jarallax-no wpr-parallax-no wpr-sticky-section-no wpr-equal-height-no e-con e-parent\" data-id=\"3f5fa43\" data-element_type=\"container\" data-e-type=\"container\">\n\t\t\t\t\t<div class=\"e-con-inner\">\n\t\t\t\t<div class=\"elementor-element elementor-element-01637d6 elementor-widget elementor-widget-text-editor\" data-id=\"01637d6\" data-element_type=\"widget\" data-e-type=\"widget\" data-widget_type=\"text-editor.default\">\n\t\t\t\t<div class=\"elementor-widget-container\">\n\t\t\t\t\t\t\t\t\t<h2 data-start=\"158\" data-end=\"179\"><img decoding=\"async\" class=\" wp-image-1148 aligncenter\" src=\"http:\/\/santuariodefatimario.org.br\/wp-content\/uploads\/2025\/07\/Crisma-e1753978847229-300x278.jpg\" alt=\"\" width=\"222\" height=\"206\" srcset=\"https:\/\/santuariodefatimario.org.br\/wp-content\/uploads\/2025\/07\/Crisma-e1753978847229-300x278.jpg 300w, https:\/\/santuariodefatimario.org.br\/wp-content\/uploads\/2025\/07\/Crisma-e1753978847229.jpg 345w\" sizes=\"(max-width: 222px) 100vw, 222px\" \/><\/h2><h2 data-start=\"158\" data-end=\"179\"><strong data-start=\"161\" data-end=\"179\">\u00a0 \u00a0 \u00a0 \u00a0 \u00a0 \u00a0 \u00a0 \u00a0 \u00a0 \u00a0 \u00a0 \u00a0 \u00a0 \u00a0 \u00a0 \u00a0 \u00a0 \u00a0 \u00a0Objetivo Geral<\/strong><\/h2><p data-start=\"181\" data-end=\"478\">Promover um processo s\u00f3lido e cont\u00ednuo de amadurecimento na f\u00e9 crist\u00e3, \u00e0 luz da Palavra de Deus e da a\u00e7\u00e3o do Esp\u00edrito Santo, preparando adolescentes, jovens e adultos para receberem o Sacramento da Crisma, fortalecendo sua ades\u00e3o pessoal a Cristo e seu compromisso com a miss\u00e3o da Igreja no mundo.<\/p><hr data-start=\"480\" data-end=\"483\" \/><h2 data-start=\"485\" data-end=\"535\"><strong data-start=\"488\" data-end=\"535\">\u00a0 \u00a0 \u00a0 \u00a0 \u00a0 \u00a0 \u00a0 \u00a0 \u00a0 \u00a0 \u00a0 A Crisma no Santu\u00e1rio de F\u00e1tima<\/strong><\/h2><p data-start=\"537\" data-end=\"844\">A prepara\u00e7\u00e3o para o Sacramento da Crisma no Santu\u00e1rio de Nossa Senhora de F\u00e1tima \u00e9 orientada por uma metodologia catequ\u00e9tica din\u00e2mica, voltada \u00e0 forma\u00e7\u00e3o integral dos participantes, respeitando suas realidades e experi\u00eancias de vida. Os encontros acontecem aos <strong data-start=\"798\" data-end=\"817\">s\u00e1bados, \u00e0s 17h<\/strong>, em duas turmas distintas:<\/p><ul data-start=\"846\" data-end=\"1521\"><li data-start=\"846\" data-end=\"1136\"><p data-start=\"848\" data-end=\"1136\"><strong data-start=\"848\" data-end=\"874\">Crisma de Adolescentes<\/strong>: voltada para adolescentes, geralmente a partir dos 13 anos, que j\u00e1 tenham recebido a Primeira Eucaristia. Os encontros buscam despertar o protagonismo juvenil na Igreja, refor\u00e7ando a viv\u00eancia comunit\u00e1ria, a dimens\u00e3o mission\u00e1ria da f\u00e9 e os valores do Evangelho.<\/p><\/li><li data-start=\"1138\" data-end=\"1521\"><p data-start=\"1140\" data-end=\"1521\"><strong data-start=\"1140\" data-end=\"1176\">Crisma de Adultos (Catecumenato)<\/strong>: destinada a adultos que ainda n\u00e3o receberam o Sacramento da Crisma, muitos dos quais tamb\u00e9m buscam completar outros sacramentos da inicia\u00e7\u00e3o crist\u00e3. A catequese nesta turma \u00e9 adaptada \u00e0 maturidade e ao contexto de vida dos participantes, com foco na experi\u00eancia de f\u00e9, no conhecimento da doutrina e na viv\u00eancia concreta da comunidade eclesial.<\/p><\/li><\/ul><hr data-start=\"1523\" data-end=\"1526\" \/><h2 data-start=\"1528\" data-end=\"1556\"><strong data-start=\"1531\" data-end=\"1556\">\u00a0 \u00a0 \u00a0 \u00a0 \u00a0 \u00a0 \u00a0 \u00a0 \u00a0 \u00a0 \u00a0 \u00a0 \u00a0 \u00a0 \u00a0 \u00a0 Objetivos Espec\u00edficos<\/strong><\/h2><ul data-start=\"1558\" data-end=\"2030\"><li data-start=\"1558\" data-end=\"1691\"><p data-start=\"1560\" data-end=\"1691\">Consolidar a forma\u00e7\u00e3o crist\u00e3 dos adolescentes e adultos, aprofundando sua compreens\u00e3o da f\u00e9, dos sacramentos e da miss\u00e3o da Igreja.<\/p><\/li><li data-start=\"1695\" data-end=\"1828\"><p data-start=\"1697\" data-end=\"1828\">Levar os crismandos a uma experi\u00eancia profunda com o Esp\u00edrito Santo, despertando neles o desejo de viver e testemunhar o Evangelho.<\/p><\/li><li data-start=\"1830\" data-end=\"2030\"><p data-start=\"1832\" data-end=\"2030\">Preparar adequadamente os participantes para a recep\u00e7\u00e3o do Sacramento da Crisma, promovendo sua inser\u00e7\u00e3o ativa na comunidade paroquial e incentivando a viv\u00eancia dos minist\u00e9rios e servi\u00e7os da Igreja.<\/p><\/li><\/ul><hr data-start=\"2032\" data-end=\"2035\" \/><h2 data-start=\"2037\" data-end=\"2055\"><strong data-start=\"2040\" data-end=\"2055\">\u00a0 \u00a0 \u00a0 \u00a0 \u00a0 \u00a0 \u00a0 \u00a0 \u00a0 \u00a0 \u00a0 \u00a0 \u00a0 \u00a0 \u00a0 \u00a0 \u00a0 \u00a0 \u00a0 Coordena\u00e7\u00e3o<\/strong><\/h2><p data-start=\"2057\" data-end=\"2126\">Cl. Wellington Moreira da Silva e Ana\u00a0<\/p><p data-start=\"2128\" data-end=\"2174\"><strong data-start=\"2128\" data-end=\"2139\">E-mail:<\/strong> <a class=\"cursor-pointer\" rel=\"noopener\" data-start=\"2140\" data-end=\"2174\">catequese@santuariodefatimario.org<\/a><\/p>\t\t\t\t\t\t\t\t<\/div>\n\t\t\t\t<\/div>\n\t\t\t\t\t<\/div>\n\t\t\t\t<\/div>\n\t\t<div class=\"elementor-element elementor-element-6d8fa04 e-flex e-con-boxed wpr-particle-no wpr-jarallax-no wpr-parallax-no wpr-sticky-section-no wpr-equal-height-no e-con e-parent\" data-id=\"6d8fa04\" data-element_type=\"container\" data-e-type=\"container\">\n\t\t\t\t\t<div class=\"e-con-inner\">\n\t\t\t\t<div class=\"elementor-element elementor-element-502eff2 gallery-spacing-custom elementor-widget elementor-widget-image-gallery\" data-id=\"502eff2\" data-element_type=\"widget\" data-e-type=\"widget\" data-widget_type=\"image-gallery.default\">\n\t\t\t\t<div class=\"elementor-widget-container\">\n\t\t\t\t\t\t\t<div class=\"elementor-image-gallery\">\n\t\t\t<div id='gallery-1' class='gallery galleryid-48 gallery-columns-3 gallery-size-post-category-slider-size'><figure class='gallery-item'>\n\t\t\t<div class='gallery-icon landscape'>\n\t\t\t\t<a data-elementor-open-lightbox=\"yes\" data-elementor-lightbox-slideshow=\"502eff2\" data-elementor-lightbox-title=\"Imagem do WhatsApp de 2025-07-31 \u00e0(s) 12.51.53_8ab2196c\" data-e-action-hash=\"#elementor-action%3Aaction%3Dlightbox%26settings%3DeyJpZCI6MTI3MywidXJsIjoiaHR0cHM6XC9cL3NhbnR1YXJpb2RlZmF0aW1hcmlvLm9yZy5iclwvd3AtY29udGVudFwvdXBsb2Fkc1wvMjAyNVwvMDdcL0ltYWdlbS1kby1XaGF0c0FwcC1kZS0yMDI1LTA3LTMxLWFzLTEyLjUxLjUzXzhhYjIxOTZjLmpwZyIsInNsaWRlc2hvdyI6IjUwMmVmZjIifQ%3D%3D\" href='https:\/\/santuariodefatimario.org.br\/wp-content\/uploads\/2025\/07\/Imagem-do-WhatsApp-de-2025-07-31-as-12.51.53_8ab2196c.jpg'><img fetchpriority=\"high\" decoding=\"async\" width=\"330\" height=\"350\" src=\"https:\/\/santuariodefatimario.org.br\/wp-content\/uploads\/2025\/07\/Imagem-do-WhatsApp-de-2025-07-31-as-12.51.53_8ab2196c-330x350.jpg\" class=\"attachment-post-category-slider-size size-post-category-slider-size\" alt=\"\" \/><\/a>\n\t\t\t<\/div><\/figure><figure class='gallery-item'>\n\t\t\t<div class='gallery-icon landscape'>\n\t\t\t\t<a data-elementor-open-lightbox=\"yes\" data-elementor-lightbox-slideshow=\"502eff2\" data-elementor-lightbox-title=\"CM1\" data-e-action-hash=\"#elementor-action%3Aaction%3Dlightbox%26settings%3DeyJpZCI6MTI3OCwidXJsIjoiaHR0cHM6XC9cL3NhbnR1YXJpb2RlZmF0aW1hcmlvLm9yZy5iclwvd3AtY29udGVudFwvdXBsb2Fkc1wvMjAyNVwvMDdcL0NNMS5qcGciLCJzbGlkZXNob3ciOiI1MDJlZmYyIn0%3D\" href='https:\/\/santuariodefatimario.org.br\/wp-content\/uploads\/2025\/07\/CM1.jpg'><img decoding=\"async\" width=\"330\" height=\"350\" src=\"https:\/\/santuariodefatimario.org.br\/wp-content\/uploads\/2025\/07\/CM1-330x350.jpg\" class=\"attachment-post-category-slider-size size-post-category-slider-size\" alt=\"\" \/><\/a>\n\t\t\t<\/div><\/figure><figure class='gallery-item'>\n\t\t\t<div class='gallery-icon landscape'>\n\t\t\t\t<a data-elementor-open-lightbox=\"yes\" data-elementor-lightbox-slideshow=\"502eff2\" data-elementor-lightbox-title=\"Imagem do WhatsApp de 2025-07-31 \u00e0(s) 12.51.53_b869455c\" data-e-action-hash=\"#elementor-action%3Aaction%3Dlightbox%26settings%3DeyJpZCI6MTI3NCwidXJsIjoiaHR0cHM6XC9cL3NhbnR1YXJpb2RlZmF0aW1hcmlvLm9yZy5iclwvd3AtY29udGVudFwvdXBsb2Fkc1wvMjAyNVwvMDdcL0ltYWdlbS1kby1XaGF0c0FwcC1kZS0yMDI1LTA3LTMxLWFzLTEyLjUxLjUzX2I4Njk0NTVjLmpwZyIsInNsaWRlc2hvdyI6IjUwMmVmZjIifQ%3D%3D\" href='https:\/\/santuariodefatimario.org.br\/wp-content\/uploads\/2025\/07\/Imagem-do-WhatsApp-de-2025-07-31-as-12.51.53_b869455c.jpg'><img loading=\"lazy\" decoding=\"async\" width=\"330\" height=\"350\" src=\"https:\/\/santuariodefatimario.org.br\/wp-content\/uploads\/2025\/07\/Imagem-do-WhatsApp-de-2025-07-31-as-12.51.53_b869455c-330x350.jpg\" class=\"attachment-post-category-slider-size size-post-category-slider-size\" alt=\"\" \/><\/a>\n\t\t\t<\/div><\/figure><figure class='gallery-item'>\n\t\t\t<div class='gallery-icon landscape'>\n\t\t\t\t<a data-elementor-open-lightbox=\"yes\" data-elementor-lightbox-slideshow=\"502eff2\" data-elementor-lightbox-title=\"CM2\" data-e-action-hash=\"#elementor-action%3Aaction%3Dlightbox%26settings%3DeyJpZCI6MTI3NiwidXJsIjoiaHR0cHM6XC9cL3NhbnR1YXJpb2RlZmF0aW1hcmlvLm9yZy5iclwvd3AtY29udGVudFwvdXBsb2Fkc1wvMjAyNVwvMDdcL0NNMi5qcGciLCJzbGlkZXNob3ciOiI1MDJlZmYyIn0%3D\" href='https:\/\/santuariodefatimario.org.br\/wp-content\/uploads\/2025\/07\/CM2.jpg'><img loading=\"lazy\" decoding=\"async\" width=\"330\" height=\"350\" src=\"https:\/\/santuariodefatimario.org.br\/wp-content\/uploads\/2025\/07\/CM2-330x350.jpg\" class=\"attachment-post-category-slider-size size-post-category-slider-size\" alt=\"\" \/><\/a>\n\t\t\t<\/div><\/figure><figure class='gallery-item'>\n\t\t\t<div class='gallery-icon portrait'>\n\t\t\t\t<a data-elementor-open-lightbox=\"yes\" data-elementor-lightbox-slideshow=\"502eff2\" data-elementor-lightbox-title=\"CM3\" data-e-action-hash=\"#elementor-action%3Aaction%3Dlightbox%26settings%3DeyJpZCI6MTI3NywidXJsIjoiaHR0cHM6XC9cL3NhbnR1YXJpb2RlZmF0aW1hcmlvLm9yZy5iclwvd3AtY29udGVudFwvdXBsb2Fkc1wvMjAyNVwvMDdcL0NNMy5qcGciLCJzbGlkZXNob3ciOiI1MDJlZmYyIn0%3D\" href='https:\/\/santuariodefatimario.org.br\/wp-content\/uploads\/2025\/07\/CM3.jpg'><img loading=\"lazy\" decoding=\"async\" width=\"330\" height=\"350\" src=\"https:\/\/santuariodefatimario.org.br\/wp-content\/uploads\/2025\/07\/CM3-330x350.jpg\" class=\"attachment-post-category-slider-size size-post-category-slider-size\" alt=\"\" \/><\/a>\n\t\t\t<\/div><\/figure><figure class='gallery-item'>\n\t\t\t<div class='gallery-icon landscape'>\n\t\t\t\t<a data-elementor-open-lightbox=\"yes\" data-elementor-lightbox-slideshow=\"502eff2\" data-elementor-lightbox-title=\"CM4\" data-e-action-hash=\"#elementor-action%3Aaction%3Dlightbox%26settings%3DeyJpZCI6MTI3OSwidXJsIjoiaHR0cHM6XC9cL3NhbnR1YXJpb2RlZmF0aW1hcmlvLm9yZy5iclwvd3AtY29udGVudFwvdXBsb2Fkc1wvMjAyNVwvMDdcL0NNNC5qcGciLCJzbGlkZXNob3ciOiI1MDJlZmYyIn0%3D\" href='https:\/\/santuariodefatimario.org.br\/wp-content\/uploads\/2025\/07\/CM4.jpg'><img loading=\"lazy\" decoding=\"async\" width=\"330\" height=\"350\" src=\"https:\/\/santuariodefatimario.org.br\/wp-content\/uploads\/2025\/07\/CM4-330x350.jpg\" class=\"attachment-post-category-slider-size size-post-category-slider-size\" alt=\"\" \/><\/a>\n\t\t\t<\/div><\/figure>\n\t\t<\/div>\n\t\t<\/div>\n\t\t\t\t\t\t<\/div>\n\t\t\t\t<\/div>\n\t\t\t\t\t<\/div>\n\t\t\t\t<\/div>\n\t\t\t\t<\/div>\n\t\t","protected":false},"excerpt":{"rendered":"<p>\u00a0 \u00a0 \u00a0 \u00a0 \u00a0 \u00a0 \u00a0 \u00a0 \u00a0 \u00a0 \u00a0 \u00a0 \u00a0 \u00a0 \u00a0 \u00a0 \u00a0 \u00a0 \u00a0Objetivo Geral Promover um processo s\u00f3lido e&hellip;<\/p>\n","protected":false},"author":1,"featured_media":0,"parent":0,"menu_order":0,"comment_status":"closed","ping_status":"closed","template":"","meta":{"footnotes":""},"class_list":["post-48","page","type-page","status-publish","hentry"],"_links":{"self":[{"href":"https:\/\/santuariodefatimario.org.br\/index2.php\/wp-json\/wp\/v2\/pages\/48","targetHints":{"allow":["GET"]}}],"collection":[{"href":"https:\/\/santuariodefatimario.org.br\/index2.php\/wp-json\/wp\/v2\/pages"}],"about":[{"href":"https:\/\/santuariodefatimario.org.br\/index2.php\/wp-json\/wp\/v2\/types\/page"}],"author":[{"embeddable":true,"href":"https:\/\/santuariodefatimario.org.br\/index2.php\/wp-json\/wp\/v2\/users\/1"}],"replies":[{"embeddable":true,"href":"https:\/\/santuariodefatimario.org.br\/index2.php\/wp-json\/wp\/v2\/comments?post=48"}],"version-history":[{"count":10,"href":"https:\/\/santuariodefatimario.org.br\/index2.php\/wp-json\/wp\/v2\/pages\/48\/revisions"}],"predecessor-version":[{"id":1288,"href":"https:\/\/santuariodefatimario.org.br\/index2.php\/wp-json\/wp\/v2\/pages\/48\/revisions\/1288"}],"wp:attachment":[{"href":"https:\/\/santuariodefatimario.org.br\/index2.php\/wp-json\/wp\/v2\/media?parent=48"}],"curies":[{"name":"wp","href":"https:\/\/api.w.org\/{rel}","templated":true}]}}