{"id":49,"date":"2025-02-28T18:54:07","date_gmt":"2025-02-28T18:54:07","guid":{"rendered":"https:\/\/santuariodefatimario.org.br\/?page_id=49"},"modified":"2025-07-31T16:30:37","modified_gmt":"2025-07-31T16:30:37","slug":"dizimo","status":"publish","type":"page","link":"https:\/\/santuariodefatimario.org.br\/index2.php\/dizimo\/","title":{"rendered":"Dizimo"},"content":{"rendered":"\t\t<div data-elementor-type=\"wp-page\" data-elementor-id=\"49\" class=\"elementor elementor-49\">\n\t\t\t\t<div class=\"elementor-element elementor-element-67b25b77 e-flex e-con-boxed wpr-particle-no wpr-jarallax-no wpr-parallax-no wpr-sticky-section-no wpr-equal-height-no e-con e-parent\" data-id=\"67b25b77\" data-element_type=\"container\" data-e-type=\"container\">\n\t\t\t\t\t<div class=\"e-con-inner\">\n\t\t\t\t<div class=\"elementor-element elementor-element-5e226ca6 elementor-widget elementor-widget-text-editor\" data-id=\"5e226ca6\" data-element_type=\"widget\" data-e-type=\"widget\" data-widget_type=\"text-editor.default\">\n\t\t\t\t<div class=\"elementor-widget-container\">\n\t\t\t\t\t\t\t\t\t<p class=\"has-text-align-center has-large-font-size\"><strong><mark class=\"has-inline-color has-vivid-cyan-blue-color\" style=\"background-color: rgba(0, 0, 0, 0);\"><img decoding=\"async\" class=\" wp-image-707 aligncenter\" src=\"http:\/\/santuariodefatimario.org.br\/wp-content\/uploads\/2019\/03\/dizimo-300x281.png\" alt=\"\" width=\"209\" height=\"196\" srcset=\"https:\/\/santuariodefatimario.org.br\/wp-content\/uploads\/2019\/03\/dizimo-300x281.png 300w, https:\/\/santuariodefatimario.org.br\/wp-content\/uploads\/2019\/03\/dizimo.png 502w\" sizes=\"(max-width: 209px) 100vw, 209px\" \/><\/mark><\/strong><\/p>\n<p class=\"has-text-align-center has-large-font-size\"><strong><mark class=\"has-inline-color has-vivid-cyan-blue-color\" style=\"background-color: rgba(0, 0, 0, 0);\">Objetivo<\/mark><\/strong><\/p>\n<p><!-- \/wp:paragraph --><!-- wp:paragraph --><\/p>\n<p>Apastoral do d\u00edzimo tem como principal objetivo conscientizar todos os paroquianos sobre sua responsabilidade para com a comunidade paroquial onde vive e da qual faz parte. Mais do que fazer dinheiro e aumentar a renda da par\u00f3quia, o objetivo primeiro da Equipe de Pastoral do D\u00edzimo \u00e9: a) conscientizar os fi\u00e9is sobre a dimens\u00e3o b\u00edblica, teol\u00f3gica e espiritual do d\u00edzimo; b) mostrar que o d\u00edzimo \u00e9 um ato de f\u00e9, de esperan\u00e7a e de caridade; c) testemunhar a alegria de uma vida agradecida a Deus, atrav\u00e9s da oferta mensal do d\u00edzimo.<\/p>\n<p><!-- \/wp:paragraph --><!-- wp:paragraph --><\/p>\n<p>Para que aconte\u00e7a uma Pastoral de Conjunto din\u00e2mica e atuante, \u00e9 necess\u00e1rio que todos contribuam. A participa\u00e7\u00e3o n\u00e3o \u00e9 meramente financeira, mas implica tamb\u00e9m na doa\u00e7\u00e3o pessoal de talentos e do pr\u00f3prio tempo \u00e0 comunidade.<\/p>\n<p><!-- \/wp:paragraph --><!-- wp:paragraph --><\/p>\n<p>Sabemos que\u00a0 sem dinheiro n\u00e3o se faz quase nada. Para para a manuten\u00e7\u00e3o religiosa, despesas normais da comunidade e qualquer tipo de evangeliza\u00e7\u00e3o, \u00e9 preciso contar n\u00e3o somente com pessoas e sua boa vontade, mas tamb\u00e9m com dinheiro.T<\/p>\n<p><!-- \/wp:paragraph --><!-- wp:paragraph --><\/p>\n<p>A Igreja n\u00e3o vive de subs\u00eddios do governo, nem de coletas feitas entre as grandes empresas, nem das doa\u00e7\u00f5es dos ricos. A Igreja vive da gratuidade de seus fi\u00e9is. Quanto mais a comunidade puder contar com recursos financeiros, mais ela poder\u00e1 aplicar na obra evangelizadora. Conseguir esses recursos, eis o carisma de quem participa da Pastoral do D\u00edzimo!<\/p>\n<p><!-- \/wp:paragraph --><!-- wp:image {\"id\":177} --><\/p>\n<p><!-- \/wp:image --><!-- wp:paragraph {\"align\":\"center\",\"fontSize\":\"large\"} --><\/p>\n<p class=\"has-text-align-center has-large-font-size\"><strong><mark class=\"has-inline-color has-vivid-cyan-blue-color\" style=\"background-color: rgba(0, 0, 0, 0);\">A\u00e7\u00f5es Concretas<\/mark><\/strong><\/p>\n<p><!-- \/wp:paragraph --><!-- wp:list --><\/p>\n<ul class=\"wp-block-list\">\n<li style=\"list-style-type: none;\">\n<ul class=\"wp-block-list\"><!-- wp:list-item --><\/ul>\n<\/li>\n<\/ul>\n<ul class=\"wp-block-list\">\n<li style=\"list-style-type: none;\">\n<ul class=\"wp-block-list\">\n<li>Dar plant\u00e3o do d\u00edzimo duas vezes por semana;<\/li>\n<\/ul>\n<\/li>\n<\/ul>\n<p><!-- \/wp:list-item --><!-- wp:list-item --><\/p>\n<ul class=\"wp-block-list\">\n<li style=\"list-style-type: none;\">\n<ul class=\"wp-block-list\">\n<li>Acompanhar pastoralmente todos os membros dizimistas, com ora\u00e7\u00f5es, missas, celebra\u00e7\u00f5es de anivers\u00e1rio, visitas, etc;<\/li>\n<\/ul>\n<\/li>\n<\/ul>\n<p><!-- \/wp:list-item --><!-- wp:list-item --><\/p>\n<ul class=\"wp-block-list\">\n<li style=\"list-style-type: none;\">\n<ul class=\"wp-block-list\">\n<li>Devolver e motivar outros a devolverem o d\u00edzimo com regularidade na comunidade;<\/li>\n<\/ul>\n<\/li>\n<\/ul>\n<p><!-- \/wp:list-item --><!-- wp:list-item --><\/p>\n<ul class=\"wp-block-list\">\n<li style=\"list-style-type: none;\">\n<ul class=\"wp-block-list\">\n<li>Apoiar a equipe econ\u00f4mica na administra\u00e7\u00e3o dos bens da comunidade;<\/li>\n<\/ul>\n<\/li>\n<\/ul>\n<p><!-- \/wp:list-item --><!-- wp:list-item --><\/p>\n<ul class=\"wp-block-list\">\n<li style=\"list-style-type: none;\">\n<ul class=\"wp-block-list\">\n<li>Despertar na Comunidade a consci\u00eancia de que tudo o que temos e somos vem de Deus, e o d\u00edzimo que ofertamos expressa nossa gratid\u00e3o, nosso reconhecimento por todos os dons que recebemos gratuitamente por sua bondade;<\/li>\n<\/ul>\n<\/li>\n<\/ul>\n<p><!-- \/wp:list-item --><!-- wp:list-item --><\/p>\n<ul class=\"wp-block-list\">\n<li style=\"list-style-type: none;\">\n<ul class=\"wp-block-list\">\n<li>Conscientizar a Comunidade que o d\u00edzimo deve ser medido conforme o cora\u00e7\u00e3o, porque o cora\u00e7\u00e3o tem a medida do amor, da justi\u00e7a, da abund\u00e2ncia e nunca da mis\u00e9ria;<\/li>\n<\/ul>\n<\/li>\n<\/ul>\n<p><!-- \/wp:list-item --><!-- wp:list-item --><\/p>\n<ul class=\"wp-block-list\">\n<li style=\"list-style-type: none;\">\n<ul class=\"wp-block-list\">\n<li>Fazer com que todos saibam o que \u00e9 e para que serve o d\u00edzimo, incentivando-os a serem dizimistas, bem como conscientizar a comunidade que manter a casa de Deus e as atividades pastorais de evangeliza\u00e7\u00e3o \u00e9 responsabilidade de todos.<\/li>\n<\/ul>\n<\/li>\n<\/ul>\n<p><!-- \/wp:list-item --><\/p>\n<p><!-- \/wp:list --><!-- wp:paragraph {\"align\":\"center\",\"fontSize\":\"large\"} --><\/p>\n<p class=\"has-text-align-center has-large-font-size\"><strong><mark class=\"has-inline-color has-vivid-cyan-blue-color\" style=\"background-color: rgba(0, 0, 0, 0);\">Dia de encontro<\/mark><\/strong><\/p>\n<p><!-- \/wp:paragraph --><!-- wp:paragraph --><\/p>\n<p>Toda 2\u00aa ter\u00e7a-feira de cada m\u00eas, \u00e0s 20hs, no sal\u00e3o do Santu\u00e1rio<\/p>\n<p><!-- \/wp:paragraph --><!-- wp:heading {\"textAlign\":\"center\",\"fontSize\":\"large\"} --><\/p>\n<p class=\"wp-block-heading has-text-align-center has-large-font-size\"><mark class=\"has-inline-color has-vivid-cyan-blue-color\" style=\"background-color: rgba(0, 0, 0, 0);\"><strong>Casal coordenador<\/strong><\/mark><\/p>\n<p><!-- \/wp:heading --><!-- wp:paragraph --><\/p>\n<p>Carlos e Marta<\/p>\n<p><!-- \/wp:image --><\/p>\t\t\t\t\t\t\t\t<\/div>\n\t\t\t\t<\/div>\n\t\t\t\t\t<\/div>\n\t\t\t\t<\/div>\n\t\t\t\t<\/div>\n\t\t","protected":false},"excerpt":{"rendered":"<p>Objetivo Apastoral do d\u00edzimo tem como principal objetivo conscientizar todos os paroquianos sobre sua responsabilidade para com a comunidade paroquial onde vive e da qual&hellip;<\/p>\n","protected":false},"author":1,"featured_media":0,"parent":0,"menu_order":0,"comment_status":"closed","ping_status":"closed","template":"","meta":{"footnotes":""},"class_list":["post-49","page","type-page","status-publish","hentry"],"_links":{"self":[{"href":"https:\/\/santuariodefatimario.org.br\/index2.php\/wp-json\/wp\/v2\/pages\/49","targetHints":{"allow":["GET"]}}],"collection":[{"href":"https:\/\/santuariodefatimario.org.br\/index2.php\/wp-json\/wp\/v2\/pages"}],"about":[{"href":"https:\/\/santuariodefatimario.org.br\/index2.php\/wp-json\/wp\/v2\/types\/page"}],"author":[{"embeddable":true,"href":"https:\/\/santuariodefatimario.org.br\/index2.php\/wp-json\/wp\/v2\/users\/1"}],"replies":[{"embeddable":true,"href":"https:\/\/santuariodefatimario.org.br\/index2.php\/wp-json\/wp\/v2\/comments?post=49"}],"version-history":[{"count":8,"href":"https:\/\/santuariodefatimario.org.br\/index2.php\/wp-json\/wp\/v2\/pages\/49\/revisions"}],"predecessor-version":[{"id":1291,"href":"https:\/\/santuariodefatimario.org.br\/index2.php\/wp-json\/wp\/v2\/pages\/49\/revisions\/1291"}],"wp:attachment":[{"href":"https:\/\/santuariodefatimario.org.br\/index2.php\/wp-json\/wp\/v2\/media?parent=49"}],"curies":[{"name":"wp","href":"https:\/\/api.w.org\/{rel}","templated":true}]}}