{"id":50,"date":"2025-02-28T18:54:07","date_gmt":"2025-02-28T18:54:07","guid":{"rendered":"https:\/\/santuariodefatimario.org.br\/?page_id=50"},"modified":"2025-07-31T14:21:56","modified_gmt":"2025-07-31T14:21:56","slug":"juventude-orionita","status":"publish","type":"page","link":"https:\/\/santuariodefatimario.org.br\/index2.php\/juventude-orionita\/","title":{"rendered":"Juventude Orionita"},"content":{"rendered":"\t\t<div data-elementor-type=\"wp-page\" data-elementor-id=\"50\" class=\"elementor elementor-50\">\n\t\t\t\t<div class=\"elementor-element elementor-element-3032950 e-flex e-con-boxed wpr-particle-no wpr-jarallax-no wpr-parallax-no wpr-sticky-section-no wpr-equal-height-no e-con e-parent\" data-id=\"3032950\" data-element_type=\"container\" data-e-type=\"container\">\n\t\t\t\t\t<div class=\"e-con-inner\">\n\t\t\t\t<div class=\"elementor-element elementor-element-37456fc elementor-widget elementor-widget-text-editor\" data-id=\"37456fc\" data-element_type=\"widget\" data-e-type=\"widget\" data-widget_type=\"text-editor.default\">\n\t\t\t\t<div class=\"elementor-widget-container\">\n\t\t\t\t\t\t\t\t\t<h2 data-start=\"210\" data-end=\"231\"><img fetchpriority=\"high\" decoding=\"async\" class=\"size-medium wp-image-1157 aligncenter\" src=\"http:\/\/santuariodefatimario.org.br\/wp-content\/uploads\/2025\/07\/Movimento-Juvenil-Orionita-300x300.jpg\" alt=\"\" width=\"300\" height=\"300\" srcset=\"https:\/\/santuariodefatimario.org.br\/wp-content\/uploads\/2025\/07\/Movimento-Juvenil-Orionita-300x300.jpg 300w, https:\/\/santuariodefatimario.org.br\/wp-content\/uploads\/2025\/07\/Movimento-Juvenil-Orionita-150x150.jpg 150w, https:\/\/santuariodefatimario.org.br\/wp-content\/uploads\/2025\/07\/Movimento-Juvenil-Orionita.jpg 429w\" sizes=\"(max-width: 300px) 100vw, 300px\" \/><\/h2><h2 data-start=\"210\" data-end=\"231\"><strong data-start=\"213\" data-end=\"231\">\u00a0 \u00a0 \u00a0 \u00a0 \u00a0 \u00a0 \u00a0 \u00a0 \u00a0 \u00a0 \u00a0 \u00a0 \u00a0 \u00a0 \u00a0 \u00a0 \u00a0 \u00a0 Objetivo Geral<\/strong><\/h2><p data-start=\"233\" data-end=\"487\">Animar e fortalecer a caminhada dos jovens \u00e0 luz do Evangelho, promovendo a viv\u00eancia da f\u00e9, do carisma orionita e da miss\u00e3o crist\u00e3, a partir do seguimento de Jesus Cristo e do servi\u00e7o aos mais pobres e necessitados, segundo o esp\u00edrito de S\u00e3o Lu\u00eds Orione.<\/p><hr data-start=\"489\" data-end=\"492\" \/><h2 data-start=\"494\" data-end=\"544\"><strong data-start=\"497\" data-end=\"544\">\u00a0 \u00a0 \u00a0 \u00a0 \u00a0 \u00a0A Juventude Orionita no Santu\u00e1rio de F\u00e1tima<\/strong><\/h2><p data-start=\"546\" data-end=\"970\">A <strong data-start=\"548\" data-end=\"570\">Juventude Orionita<\/strong> \u00e9 o grupo oficial de jovens do Santu\u00e1rio de Nossa Senhora de F\u00e1tima, que se inspira no carisma da <strong data-start=\"669\" data-end=\"722\">Congrega\u00e7\u00e3o da Pequena Obra da Divina Provid\u00eancia<\/strong>, fundada por <strong data-start=\"736\" data-end=\"755\">S\u00e3o Lu\u00eds Orione<\/strong>. Este carisma, centrado no amor a Jesus Cristo, \u00e0 Igreja, ao Papa e especialmente aos mais pobres, orienta a forma\u00e7\u00e3o e atua\u00e7\u00e3o dos jovens, que s\u00e3o chamados a viver com alegria, generosidade e esp\u00edrito mission\u00e1rio.<\/p><p data-start=\"972\" data-end=\"1335\">Os <strong data-start=\"975\" data-end=\"1010\">encontros da Juventude Orionita<\/strong> acontecem no <strong data-start=\"1024\" data-end=\"1072\">segundo e \u00faltimo domingo de cada m\u00eas, \u00e0s 16h<\/strong>, sendo momentos de forma\u00e7\u00e3o, conviv\u00eancia, espiritualidade e a\u00e7\u00e3o. J\u00e1 no <strong data-start=\"1145\" data-end=\"1175\">\u00faltimo domingo de cada m\u00eas<\/strong>, a juventude se re\u00fane de forma especial para a <strong data-start=\"1223\" data-end=\"1253\">Missa da Juventude, \u00e0s 19h<\/strong>, com liturgia preparada pelos pr\u00f3prios jovens e participa\u00e7\u00e3o ativa na celebra\u00e7\u00e3o.<\/p><p data-start=\"1337\" data-end=\"1513\">Atrav\u00e9s desse espa\u00e7o, os jovens s\u00e3o convidados a crescer como disc\u00edpulos-mission\u00e1rios, vivendo com entusiasmo a f\u00e9 cat\u00f3lica e assumindo o protagonismo na Igreja e na sociedade.<\/p><hr data-start=\"1515\" data-end=\"1518\" \/><h2 data-start=\"1520\" data-end=\"1548\"><strong data-start=\"1523\" data-end=\"1548\">\u00a0 \u00a0 \u00a0 \u00a0 \u00a0 \u00a0 \u00a0 \u00a0 \u00a0 \u00a0 \u00a0 \u00a0 \u00a0 \u00a0 \u00a0 \u00a0Objetivos Espec\u00edficos<\/strong><\/h2><ul data-start=\"1550\" data-end=\"2041\"><li data-start=\"1550\" data-end=\"1661\"><p data-start=\"1552\" data-end=\"1661\">Proporcionar aos jovens um ambiente fraterno de viv\u00eancia da f\u00e9 e descoberta da voca\u00e7\u00e3o pessoal e comunit\u00e1ria.<\/p><\/li><li data-start=\"1663\" data-end=\"1825\"><p data-start=\"1665\" data-end=\"1825\">Formar jovens segundo o carisma de <strong data-start=\"1700\" data-end=\"1719\">S\u00e3o Lu\u00eds Orione<\/strong>, comprometidos com o servi\u00e7o aos mais necessitados e com a constru\u00e7\u00e3o de um mundo mais justo e solid\u00e1rio.<\/p><\/li><li data-start=\"1827\" data-end=\"1948\"><p data-start=\"1829\" data-end=\"1948\">Estimular o engajamento dos jovens nas diversas pastorais e servi\u00e7os da par\u00f3quia, promovendo seu protagonismo eclesial.<\/p><\/li><li data-start=\"1950\" data-end=\"2041\"><p data-start=\"1952\" data-end=\"2041\">Fomentar a espiritualidade mission\u00e1ria e o amor \u00e0 Igreja, ao Papa e \u00e0 Divina Provid\u00eancia.<\/p><\/li><\/ul><hr data-start=\"2043\" data-end=\"2046\" \/><h2 data-start=\"2048\" data-end=\"2066\"><strong data-start=\"2051\" data-end=\"2066\">\u00a0 \u00a0 \u00a0 \u00a0 \u00a0 \u00a0 \u00a0 \u00a0 \u00a0 \u00a0 \u00a0 \u00a0 \u00a0 \u00a0 \u00a0 \u00a0 \u00a0 \u00a0 \u00a0Coordena\u00e7\u00e3o<\/strong><\/h2><p data-start=\"2068\" data-end=\"2089\">Maria Clara Alvarenga<\/p><p data-start=\"2091\" data-end=\"2137\"><strong data-start=\"2091\" data-end=\"2102\">E-mail:<\/strong>\u00a0secretaria<a class=\"cursor-pointer\" rel=\"noopener\" data-start=\"2103\" data-end=\"2137\">@santuariodefatimario.org<\/a><\/p>\t\t\t\t\t\t\t\t<\/div>\n\t\t\t\t<\/div>\n\t\t\t\t\t<\/div>\n\t\t\t\t<\/div>\n\t\t<div class=\"elementor-element elementor-element-5e7ddc8 e-flex e-con-boxed wpr-particle-no wpr-jarallax-no wpr-parallax-no wpr-sticky-section-no wpr-equal-height-no e-con e-parent\" data-id=\"5e7ddc8\" data-element_type=\"container\" data-e-type=\"container\">\n\t\t\t\t\t<div class=\"e-con-inner\">\n\t\t\t\t<div class=\"elementor-element elementor-element-e933ebe gallery-spacing-custom elementor-widget elementor-widget-image-gallery\" data-id=\"e933ebe\" data-element_type=\"widget\" data-e-type=\"widget\" data-widget_type=\"image-gallery.default\">\n\t\t\t\t<div class=\"elementor-widget-container\">\n\t\t\t\t\t\t\t<div class=\"elementor-image-gallery\">\n\t\t\t<div id='gallery-1' class='gallery galleryid-50 gallery-columns-3 gallery-size-post-category-slider-size'><figure class='gallery-item'>\n\t\t\t<div class='gallery-icon landscape'>\n\t\t\t\t<a data-elementor-open-lightbox=\"yes\" data-elementor-lightbox-slideshow=\"e933ebe\" data-elementor-lightbox-title=\"Imagem do WhatsApp de 2025-07-31 \u00e0(s) 10.34.00_c943f0be\" data-e-action-hash=\"#elementor-action%3Aaction%3Dlightbox%26settings%3DeyJpZCI6MTIwMSwidXJsIjoiaHR0cHM6XC9cL3NhbnR1YXJpb2RlZmF0aW1hcmlvLm9yZy5iclwvd3AtY29udGVudFwvdXBsb2Fkc1wvMjAyNVwvMDdcL0ltYWdlbS1kby1XaGF0c0FwcC1kZS0yMDI1LTA3LTMxLWFzLTEwLjM0LjAwX2M5NDNmMGJlLXNjYWxlZC5qcGciLCJzbGlkZXNob3ciOiJlOTMzZWJlIn0%3D\" href='https:\/\/santuariodefatimario.org.br\/wp-content\/uploads\/2025\/07\/Imagem-do-WhatsApp-de-2025-07-31-as-10.34.00_c943f0be-scaled.jpg'><img decoding=\"async\" width=\"330\" height=\"350\" src=\"https:\/\/santuariodefatimario.org.br\/wp-content\/uploads\/2025\/07\/Imagem-do-WhatsApp-de-2025-07-31-as-10.34.00_c943f0be-330x350.jpg\" class=\"attachment-post-category-slider-size size-post-category-slider-size\" alt=\"\" \/><\/a>\n\t\t\t<\/div><\/figure><figure class='gallery-item'>\n\t\t\t<div class='gallery-icon landscape'>\n\t\t\t\t<a data-elementor-open-lightbox=\"yes\" data-elementor-lightbox-slideshow=\"e933ebe\" data-elementor-lightbox-title=\"Imagem do WhatsApp de 2025-07-31 \u00e0(s) 10.33.58_cb1bab66\" data-e-action-hash=\"#elementor-action%3Aaction%3Dlightbox%26settings%3DeyJpZCI6MTIwMiwidXJsIjoiaHR0cHM6XC9cL3NhbnR1YXJpb2RlZmF0aW1hcmlvLm9yZy5iclwvd3AtY29udGVudFwvdXBsb2Fkc1wvMjAyNVwvMDdcL0ltYWdlbS1kby1XaGF0c0FwcC1kZS0yMDI1LTA3LTMxLWFzLTEwLjMzLjU4X2NiMWJhYjY2LXNjYWxlZC5qcGciLCJzbGlkZXNob3ciOiJlOTMzZWJlIn0%3D\" href='https:\/\/santuariodefatimario.org.br\/wp-content\/uploads\/2025\/07\/Imagem-do-WhatsApp-de-2025-07-31-as-10.33.58_cb1bab66-scaled.jpg'><img decoding=\"async\" width=\"330\" height=\"350\" src=\"https:\/\/santuariodefatimario.org.br\/wp-content\/uploads\/2025\/07\/Imagem-do-WhatsApp-de-2025-07-31-as-10.33.58_cb1bab66-330x350.jpg\" class=\"attachment-post-category-slider-size size-post-category-slider-size\" alt=\"\" \/><\/a>\n\t\t\t<\/div><\/figure><figure class='gallery-item'>\n\t\t\t<div class='gallery-icon landscape'>\n\t\t\t\t<a data-elementor-open-lightbox=\"yes\" data-elementor-lightbox-slideshow=\"e933ebe\" data-elementor-lightbox-title=\"Imagem do WhatsApp de 2025-07-31 \u00e0(s) 10.33.55_ef3f7502\" data-e-action-hash=\"#elementor-action%3Aaction%3Dlightbox%26settings%3DeyJpZCI6MTIwMywidXJsIjoiaHR0cHM6XC9cL3NhbnR1YXJpb2RlZmF0aW1hcmlvLm9yZy5iclwvd3AtY29udGVudFwvdXBsb2Fkc1wvMjAyNVwvMDdcL0ltYWdlbS1kby1XaGF0c0FwcC1kZS0yMDI1LTA3LTMxLWFzLTEwLjMzLjU1X2VmM2Y3NTAyLmpwZyIsInNsaWRlc2hvdyI6ImU5MzNlYmUifQ%3D%3D\" href='https:\/\/santuariodefatimario.org.br\/wp-content\/uploads\/2025\/07\/Imagem-do-WhatsApp-de-2025-07-31-as-10.33.55_ef3f7502.jpg'><img loading=\"lazy\" decoding=\"async\" width=\"330\" height=\"350\" src=\"https:\/\/santuariodefatimario.org.br\/wp-content\/uploads\/2025\/07\/Imagem-do-WhatsApp-de-2025-07-31-as-10.33.55_ef3f7502-330x350.jpg\" class=\"attachment-post-category-slider-size size-post-category-slider-size\" alt=\"\" \/><\/a>\n\t\t\t<\/div><\/figure><figure class='gallery-item'>\n\t\t\t<div class='gallery-icon landscape'>\n\t\t\t\t<a data-elementor-open-lightbox=\"yes\" data-elementor-lightbox-slideshow=\"e933ebe\" data-elementor-lightbox-title=\"Imagem do WhatsApp de 2025-07-31 \u00e0(s) 10.33.52_a5026a67\" data-e-action-hash=\"#elementor-action%3Aaction%3Dlightbox%26settings%3DeyJpZCI6MTIwNCwidXJsIjoiaHR0cHM6XC9cL3NhbnR1YXJpb2RlZmF0aW1hcmlvLm9yZy5iclwvd3AtY29udGVudFwvdXBsb2Fkc1wvMjAyNVwvMDdcL0ltYWdlbS1kby1XaGF0c0FwcC1kZS0yMDI1LTA3LTMxLWFzLTEwLjMzLjUyX2E1MDI2YTY3LmpwZyIsInNsaWRlc2hvdyI6ImU5MzNlYmUifQ%3D%3D\" href='https:\/\/santuariodefatimario.org.br\/wp-content\/uploads\/2025\/07\/Imagem-do-WhatsApp-de-2025-07-31-as-10.33.52_a5026a67.jpg'><img loading=\"lazy\" decoding=\"async\" width=\"330\" height=\"350\" src=\"https:\/\/santuariodefatimario.org.br\/wp-content\/uploads\/2025\/07\/Imagem-do-WhatsApp-de-2025-07-31-as-10.33.52_a5026a67-330x350.jpg\" class=\"attachment-post-category-slider-size size-post-category-slider-size\" alt=\"\" \/><\/a>\n\t\t\t<\/div><\/figure><figure class='gallery-item'>\n\t\t\t<div class='gallery-icon landscape'>\n\t\t\t\t<a data-elementor-open-lightbox=\"yes\" data-elementor-lightbox-slideshow=\"e933ebe\" data-elementor-lightbox-title=\"Imagem do WhatsApp de 2025-07-31 \u00e0(s) 10.33.47_80635307\" data-e-action-hash=\"#elementor-action%3Aaction%3Dlightbox%26settings%3DeyJpZCI6MTIwNSwidXJsIjoiaHR0cHM6XC9cL3NhbnR1YXJpb2RlZmF0aW1hcmlvLm9yZy5iclwvd3AtY29udGVudFwvdXBsb2Fkc1wvMjAyNVwvMDdcL0ltYWdlbS1kby1XaGF0c0FwcC1kZS0yMDI1LTA3LTMxLWFzLTEwLjMzLjQ3XzgwNjM1MzA3LmpwZyIsInNsaWRlc2hvdyI6ImU5MzNlYmUifQ%3D%3D\" href='https:\/\/santuariodefatimario.org.br\/wp-content\/uploads\/2025\/07\/Imagem-do-WhatsApp-de-2025-07-31-as-10.33.47_80635307.jpg'><img loading=\"lazy\" decoding=\"async\" width=\"330\" height=\"350\" src=\"https:\/\/santuariodefatimario.org.br\/wp-content\/uploads\/2025\/07\/Imagem-do-WhatsApp-de-2025-07-31-as-10.33.47_80635307-330x350.jpg\" class=\"attachment-post-category-slider-size size-post-category-slider-size\" alt=\"\" \/><\/a>\n\t\t\t<\/div><\/figure><figure class='gallery-item'>\n\t\t\t<div class='gallery-icon landscape'>\n\t\t\t\t<a data-elementor-open-lightbox=\"yes\" data-elementor-lightbox-slideshow=\"e933ebe\" data-elementor-lightbox-title=\"Imagem do WhatsApp de 2025-07-31 \u00e0(s) 10.33.46_c19e5b5c\" data-e-action-hash=\"#elementor-action%3Aaction%3Dlightbox%26settings%3DeyJpZCI6MTIwNiwidXJsIjoiaHR0cHM6XC9cL3NhbnR1YXJpb2RlZmF0aW1hcmlvLm9yZy5iclwvd3AtY29udGVudFwvdXBsb2Fkc1wvMjAyNVwvMDdcL0ltYWdlbS1kby1XaGF0c0FwcC1kZS0yMDI1LTA3LTMxLWFzLTEwLjMzLjQ2X2MxOWU1YjVjLmpwZyIsInNsaWRlc2hvdyI6ImU5MzNlYmUifQ%3D%3D\" href='https:\/\/santuariodefatimario.org.br\/wp-content\/uploads\/2025\/07\/Imagem-do-WhatsApp-de-2025-07-31-as-10.33.46_c19e5b5c.jpg'><img loading=\"lazy\" decoding=\"async\" width=\"330\" height=\"350\" src=\"https:\/\/santuariodefatimario.org.br\/wp-content\/uploads\/2025\/07\/Imagem-do-WhatsApp-de-2025-07-31-as-10.33.46_c19e5b5c-330x350.jpg\" class=\"attachment-post-category-slider-size size-post-category-slider-size\" alt=\"\" \/><\/a>\n\t\t\t<\/div><\/figure>\n\t\t<\/div>\n\t\t<\/div>\n\t\t\t\t\t\t<\/div>\n\t\t\t\t<\/div>\n\t\t\t\t\t<\/div>\n\t\t\t\t<\/div>\n\t\t\t\t<\/div>\n\t\t","protected":false},"excerpt":{"rendered":"<p>\u00a0 \u00a0 \u00a0 \u00a0 \u00a0 \u00a0 \u00a0 \u00a0 \u00a0 \u00a0 \u00a0 \u00a0 \u00a0 \u00a0 \u00a0 \u00a0 \u00a0 \u00a0 Objetivo Geral Animar e fortalecer a caminhada&hellip;<\/p>\n","protected":false},"author":1,"featured_media":0,"parent":0,"menu_order":0,"comment_status":"closed","ping_status":"closed","template":"","meta":{"footnotes":""},"class_list":["post-50","page","type-page","status-publish","hentry"],"_links":{"self":[{"href":"https:\/\/santuariodefatimario.org.br\/index2.php\/wp-json\/wp\/v2\/pages\/50","targetHints":{"allow":["GET"]}}],"collection":[{"href":"https:\/\/santuariodefatimario.org.br\/index2.php\/wp-json\/wp\/v2\/pages"}],"about":[{"href":"https:\/\/santuariodefatimario.org.br\/index2.php\/wp-json\/wp\/v2\/types\/page"}],"author":[{"embeddable":true,"href":"https:\/\/santuariodefatimario.org.br\/index2.php\/wp-json\/wp\/v2\/users\/1"}],"replies":[{"embeddable":true,"href":"https:\/\/santuariodefatimario.org.br\/index2.php\/wp-json\/wp\/v2\/comments?post=50"}],"version-history":[{"count":7,"href":"https:\/\/santuariodefatimario.org.br\/index2.php\/wp-json\/wp\/v2\/pages\/50\/revisions"}],"predecessor-version":[{"id":1215,"href":"https:\/\/santuariodefatimario.org.br\/index2.php\/wp-json\/wp\/v2\/pages\/50\/revisions\/1215"}],"wp:attachment":[{"href":"https:\/\/santuariodefatimario.org.br\/index2.php\/wp-json\/wp\/v2\/media?parent=50"}],"curies":[{"name":"wp","href":"https:\/\/api.w.org\/{rel}","templated":true}]}}