{"id":51,"date":"2025-02-28T18:54:07","date_gmt":"2025-02-28T18:54:07","guid":{"rendered":"https:\/\/santuariodefatimario.org.br\/?page_id=51"},"modified":"2025-07-31T17:16:46","modified_gmt":"2025-07-31T17:16:46","slug":"liturgia","status":"publish","type":"page","link":"https:\/\/santuariodefatimario.org.br\/index2.php\/liturgia\/","title":{"rendered":"Liturgia"},"content":{"rendered":"\t\t<div data-elementor-type=\"wp-page\" data-elementor-id=\"51\" class=\"elementor elementor-51\">\n\t\t\t\t<div class=\"elementor-element elementor-element-659013b e-flex e-con-boxed wpr-particle-no wpr-jarallax-no wpr-parallax-no wpr-sticky-section-no wpr-equal-height-no e-con e-parent\" data-id=\"659013b\" data-element_type=\"container\" data-e-type=\"container\">\n\t\t\t\t\t<div class=\"e-con-inner\">\n\t\t\t\t<div class=\"elementor-element elementor-element-37f15c80 elementor-widget elementor-widget-text-editor\" data-id=\"37f15c80\" data-element_type=\"widget\" data-e-type=\"widget\" data-widget_type=\"text-editor.default\">\n\t\t\t\t<div class=\"elementor-widget-container\">\n\t\t\t\t\t\t\t\t\t<figure class=\"wp-block-image\"><img fetchpriority=\"high\" decoding=\"async\" class=\"size-medium wp-image-712 aligncenter\" src=\"http:\/\/santuariodefatimario.org.br\/wp-content\/uploads\/2019\/03\/liturgia-300x276.jpg\" alt=\"\" width=\"300\" height=\"276\" srcset=\"https:\/\/santuariodefatimario.org.br\/wp-content\/uploads\/2019\/03\/liturgia-300x276.jpg 300w, https:\/\/santuariodefatimario.org.br\/wp-content\/uploads\/2019\/03\/liturgia.jpg 315w\" sizes=\"(max-width: 300px) 100vw, 300px\" \/><strong style=\"font-size: 36px; text-align: center;\"><mark class=\"has-inline-color has-vivid-cyan-blue-color\" style=\"background-color: rgba(0, 0, 0, 0);\">&nbsp; &nbsp; &nbsp; &nbsp; &nbsp; &nbsp; &nbsp; &nbsp; &nbsp; &nbsp; &nbsp; &nbsp; &nbsp; &nbsp; &nbsp; &nbsp; &nbsp; &nbsp; &nbsp; Objetivo<\/mark><\/strong><\/figure>\n<p><!-- \/wp:paragraph --><!-- wp:paragraph --><\/p>\n<p>Promover e estimular com criatividade uma ativa e frutuosa participa\u00e7\u00e3o dos fieis nas Celebra\u00e7\u00f5es lit\u00fargicas atrav\u00e9s de uma digna e consciente prepara\u00e7\u00e3o do ambiente da Celebra\u00e7\u00e3o, das leituras e coment\u00e1rios.<\/p>\n<p><!-- \/wp:paragraph --><!-- wp:paragraph {\"align\":\"center\",\"fontSize\":\"large\"} --><\/p>\n<p class=\"has-text-align-center has-large-font-size\"><strong><mark class=\"has-inline-color has-vivid-cyan-blue-color\" style=\"background-color: rgba(0, 0, 0, 0);\">A\u00e7\u00e3o concreta<\/mark><\/strong><\/p>\n<p><!-- \/wp:paragraph --><!-- wp:paragraph --><\/p>\n<p>Organizar o ambiente da Celebra\u00e7\u00e3o;<\/p>\n<p><!-- \/wp:paragraph --><!-- wp:paragraph --><\/p>\n<p>Ocupar da forma\u00e7\u00e3o de novos leitores, salmistas,<\/p>\n<p><!-- \/wp:paragraph --><!-- wp:paragraph --><\/p>\n<p>Ler as inten\u00e7\u00f5es da Missa do dia;<\/p>\n<p><!-- \/wp:paragraph --><!-- wp:paragraph --><\/p>\n<p>Preparar antecipadamente a liturgia do dia;<\/p>\n<p><!-- \/wp:paragraph --><!-- wp:paragraph --><\/p>\n<p>Fazer os coment\u00e1rios das leituras;<\/p>\n<p><!-- \/wp:paragraph --><!-- wp:paragraph --><\/p>\n<p>Proclamar as leituras;<\/p>\n<p><!-- \/wp:paragraph --><!-- wp:paragraph --><\/p>\n<p>Manter uma boa rela\u00e7\u00e3o com o minist\u00e9rio de m\u00fasica para que haja uma unidade equipe de&nbsp; celebra\u00e7\u00e3o<\/p>\n<p><!-- \/wp:paragraph --><!-- wp:paragraph {\"align\":\"center\",\"fontSize\":\"large\"} --><\/p>\n<p class=\"has-text-align-center has-large-font-size\"><strong><mark class=\"has-inline-color has-vivid-cyan-blue-color\" style=\"background-color: rgba(0, 0, 0, 0);\">Dia de reuni\u00e3o<\/mark><\/strong><\/p>\n<p><!-- \/wp:paragraph --><!-- wp:paragraph --><\/p>\n<p>1\u00ba s\u00e1bado de cada m\u00eas, \u00e0s 15h00.<\/p>\n<p><!-- \/wp:paragraph --><!-- wp:paragraph {\"align\":\"center\",\"fontSize\":\"large\"} --><\/p>\n<p class=\"has-text-align-center has-large-font-size\"><strong><mark class=\"has-inline-color has-vivid-cyan-blue-color\" style=\"background-color: rgba(0, 0, 0, 0);\">Contato<\/mark><\/strong><\/p>\n<p><!-- \/wp:paragraph --><!-- wp:paragraph --><\/p>\n<p><strong>Coordenadora:&nbsp;<\/strong>Ana C\u00e9lia e sua equipe<\/p>\n<p><!-- \/wp:paragraph --><!-- wp:paragraph --><\/p>\n<p><strong>Email:<\/strong>&nbsp;liturgia@santuariodefatimario.org<\/p>\n<p><!-- \/wp:paragraph --><!-- wp:paragraph --><\/p>\n<p><!-- \/wp:paragraph --><\/p>\t\t\t\t\t\t\t\t<\/div>\n\t\t\t\t<\/div>\n\t\t\t\t\t<\/div>\n\t\t\t\t<\/div>\n\t\t<div class=\"elementor-element elementor-element-db9affb e-flex e-con-boxed wpr-particle-no wpr-jarallax-no wpr-parallax-no wpr-sticky-section-no wpr-equal-height-no e-con e-parent\" data-id=\"db9affb\" data-element_type=\"container\" data-e-type=\"container\">\n\t\t\t\t\t<div class=\"e-con-inner\">\n\t\t\t\t<div class=\"elementor-element elementor-element-4819e9e gallery-spacing-custom elementor-widget elementor-widget-image-gallery\" data-id=\"4819e9e\" data-element_type=\"widget\" data-e-type=\"widget\" data-widget_type=\"image-gallery.default\">\n\t\t\t\t<div class=\"elementor-widget-container\">\n\t\t\t\t\t\t\t<div class=\"elementor-image-gallery\">\n\t\t\t<div id='gallery-1' class='gallery galleryid-51 gallery-columns-3 gallery-size-post-category-slider-size'><figure class='gallery-item'>\n\t\t\t<div class='gallery-icon portrait'>\n\t\t\t\t<a data-elementor-open-lightbox=\"yes\" data-elementor-lightbox-slideshow=\"4819e9e\" data-elementor-lightbox-title=\"Imagem do WhatsApp de 2025-07-31 \u00e0(s) 14.08.24_7513bfad\" data-e-action-hash=\"#elementor-action%3Aaction%3Dlightbox%26settings%3DeyJpZCI6MTMxMCwidXJsIjoiaHR0cHM6XC9cL3NhbnR1YXJpb2RlZmF0aW1hcmlvLm9yZy5iclwvd3AtY29udGVudFwvdXBsb2Fkc1wvMjAyNVwvMDdcL0ltYWdlbS1kby1XaGF0c0FwcC1kZS0yMDI1LTA3LTMxLWFzLTE0LjA4LjI0Xzc1MTNiZmFkLmpwZyIsInNsaWRlc2hvdyI6IjQ4MTllOWUifQ%3D%3D\" href='https:\/\/santuariodefatimario.org.br\/wp-content\/uploads\/2025\/07\/Imagem-do-WhatsApp-de-2025-07-31-as-14.08.24_7513bfad.jpg'><img decoding=\"async\" width=\"330\" height=\"350\" src=\"https:\/\/santuariodefatimario.org.br\/wp-content\/uploads\/2025\/07\/Imagem-do-WhatsApp-de-2025-07-31-as-14.08.24_7513bfad-330x350.jpg\" class=\"attachment-post-category-slider-size size-post-category-slider-size\" alt=\"\" \/><\/a>\n\t\t\t<\/div><\/figure><figure class='gallery-item'>\n\t\t\t<div class='gallery-icon portrait'>\n\t\t\t\t<a data-elementor-open-lightbox=\"yes\" data-elementor-lightbox-slideshow=\"4819e9e\" data-elementor-lightbox-title=\"Imagem do WhatsApp de 2025-07-31 \u00e0(s) 14.08.24_1cb42f73\" data-e-action-hash=\"#elementor-action%3Aaction%3Dlightbox%26settings%3DeyJpZCI6MTMxMSwidXJsIjoiaHR0cHM6XC9cL3NhbnR1YXJpb2RlZmF0aW1hcmlvLm9yZy5iclwvd3AtY29udGVudFwvdXBsb2Fkc1wvMjAyNVwvMDdcL0ltYWdlbS1kby1XaGF0c0FwcC1kZS0yMDI1LTA3LTMxLWFzLTE0LjA4LjI0XzFjYjQyZjczLXNjYWxlZC5qcGciLCJzbGlkZXNob3ciOiI0ODE5ZTllIn0%3D\" href='https:\/\/santuariodefatimario.org.br\/wp-content\/uploads\/2025\/07\/Imagem-do-WhatsApp-de-2025-07-31-as-14.08.24_1cb42f73-scaled.jpg'><img decoding=\"async\" width=\"330\" height=\"350\" src=\"https:\/\/santuariodefatimario.org.br\/wp-content\/uploads\/2025\/07\/Imagem-do-WhatsApp-de-2025-07-31-as-14.08.24_1cb42f73-330x350.jpg\" class=\"attachment-post-category-slider-size size-post-category-slider-size\" alt=\"\" \/><\/a>\n\t\t\t<\/div><\/figure><figure class='gallery-item'>\n\t\t\t<div class='gallery-icon portrait'>\n\t\t\t\t<a data-elementor-open-lightbox=\"yes\" data-elementor-lightbox-slideshow=\"4819e9e\" data-elementor-lightbox-title=\"Imagem do WhatsApp de 2025-07-31 \u00e0(s) 14.08.24_dd140d79\" data-e-action-hash=\"#elementor-action%3Aaction%3Dlightbox%26settings%3DeyJpZCI6MTMxMiwidXJsIjoiaHR0cHM6XC9cL3NhbnR1YXJpb2RlZmF0aW1hcmlvLm9yZy5iclwvd3AtY29udGVudFwvdXBsb2Fkc1wvMjAyNVwvMDdcL0ltYWdlbS1kby1XaGF0c0FwcC1kZS0yMDI1LTA3LTMxLWFzLTE0LjA4LjI0X2RkMTQwZDc5LXNjYWxlZC5qcGciLCJzbGlkZXNob3ciOiI0ODE5ZTllIn0%3D\" href='https:\/\/santuariodefatimario.org.br\/wp-content\/uploads\/2025\/07\/Imagem-do-WhatsApp-de-2025-07-31-as-14.08.24_dd140d79-scaled.jpg'><img loading=\"lazy\" decoding=\"async\" width=\"330\" height=\"350\" src=\"https:\/\/santuariodefatimario.org.br\/wp-content\/uploads\/2025\/07\/Imagem-do-WhatsApp-de-2025-07-31-as-14.08.24_dd140d79-330x350.jpg\" class=\"attachment-post-category-slider-size size-post-category-slider-size\" alt=\"\" \/><\/a>\n\t\t\t<\/div><\/figure><figure class='gallery-item'>\n\t\t\t<div class='gallery-icon portrait'>\n\t\t\t\t<a data-elementor-open-lightbox=\"yes\" data-elementor-lightbox-slideshow=\"4819e9e\" data-elementor-lightbox-title=\"Imagem do WhatsApp de 2025-07-31 \u00e0(s) 14.08.24_db4c9134\" data-e-action-hash=\"#elementor-action%3Aaction%3Dlightbox%26settings%3DeyJpZCI6MTMxMywidXJsIjoiaHR0cHM6XC9cL3NhbnR1YXJpb2RlZmF0aW1hcmlvLm9yZy5iclwvd3AtY29udGVudFwvdXBsb2Fkc1wvMjAyNVwvMDdcL0ltYWdlbS1kby1XaGF0c0FwcC1kZS0yMDI1LTA3LTMxLWFzLTE0LjA4LjI0X2RiNGM5MTM0LXNjYWxlZC5qcGciLCJzbGlkZXNob3ciOiI0ODE5ZTllIn0%3D\" href='https:\/\/santuariodefatimario.org.br\/wp-content\/uploads\/2025\/07\/Imagem-do-WhatsApp-de-2025-07-31-as-14.08.24_db4c9134-scaled.jpg'><img loading=\"lazy\" decoding=\"async\" width=\"330\" height=\"350\" src=\"https:\/\/santuariodefatimario.org.br\/wp-content\/uploads\/2025\/07\/Imagem-do-WhatsApp-de-2025-07-31-as-14.08.24_db4c9134-330x350.jpg\" class=\"attachment-post-category-slider-size size-post-category-slider-size\" alt=\"\" \/><\/a>\n\t\t\t<\/div><\/figure><figure class='gallery-item'>\n\t\t\t<div class='gallery-icon portrait'>\n\t\t\t\t<a data-elementor-open-lightbox=\"yes\" data-elementor-lightbox-slideshow=\"4819e9e\" data-elementor-lightbox-title=\"Imagem do WhatsApp de 2025-07-31 \u00e0(s) 14.08.23_7b893fc9\" data-e-action-hash=\"#elementor-action%3Aaction%3Dlightbox%26settings%3DeyJpZCI6MTMxNSwidXJsIjoiaHR0cHM6XC9cL3NhbnR1YXJpb2RlZmF0aW1hcmlvLm9yZy5iclwvd3AtY29udGVudFwvdXBsb2Fkc1wvMjAyNVwvMDdcL0ltYWdlbS1kby1XaGF0c0FwcC1kZS0yMDI1LTA3LTMxLWFzLTE0LjA4LjIzXzdiODkzZmM5LXNjYWxlZC5qcGciLCJzbGlkZXNob3ciOiI0ODE5ZTllIn0%3D\" href='https:\/\/santuariodefatimario.org.br\/wp-content\/uploads\/2025\/07\/Imagem-do-WhatsApp-de-2025-07-31-as-14.08.23_7b893fc9-scaled.jpg'><img loading=\"lazy\" decoding=\"async\" width=\"330\" height=\"350\" src=\"https:\/\/santuariodefatimario.org.br\/wp-content\/uploads\/2025\/07\/Imagem-do-WhatsApp-de-2025-07-31-as-14.08.23_7b893fc9-330x350.jpg\" class=\"attachment-post-category-slider-size size-post-category-slider-size\" alt=\"\" \/><\/a>\n\t\t\t<\/div><\/figure><figure class='gallery-item'>\n\t\t\t<div class='gallery-icon portrait'>\n\t\t\t\t<a data-elementor-open-lightbox=\"yes\" data-elementor-lightbox-slideshow=\"4819e9e\" data-elementor-lightbox-title=\"Imagem do WhatsApp de 2025-07-31 \u00e0(s) 14.08.23_d831649d\" data-e-action-hash=\"#elementor-action%3Aaction%3Dlightbox%26settings%3DeyJpZCI6MTMxNiwidXJsIjoiaHR0cHM6XC9cL3NhbnR1YXJpb2RlZmF0aW1hcmlvLm9yZy5iclwvd3AtY29udGVudFwvdXBsb2Fkc1wvMjAyNVwvMDdcL0ltYWdlbS1kby1XaGF0c0FwcC1kZS0yMDI1LTA3LTMxLWFzLTE0LjA4LjIzX2Q4MzE2NDlkLXNjYWxlZC5qcGciLCJzbGlkZXNob3ciOiI0ODE5ZTllIn0%3D\" href='https:\/\/santuariodefatimario.org.br\/wp-content\/uploads\/2025\/07\/Imagem-do-WhatsApp-de-2025-07-31-as-14.08.23_d831649d-scaled.jpg'><img loading=\"lazy\" decoding=\"async\" width=\"330\" height=\"350\" src=\"https:\/\/santuariodefatimario.org.br\/wp-content\/uploads\/2025\/07\/Imagem-do-WhatsApp-de-2025-07-31-as-14.08.23_d831649d-330x350.jpg\" class=\"attachment-post-category-slider-size size-post-category-slider-size\" alt=\"\" \/><\/a>\n\t\t\t<\/div><\/figure>\n\t\t<\/div>\n\t\t<\/div>\n\t\t\t\t\t\t<\/div>\n\t\t\t\t<\/div>\n\t\t\t\t\t<\/div>\n\t\t\t\t<\/div>\n\t\t\t\t<\/div>\n\t\t","protected":false},"excerpt":{"rendered":"<p>&nbsp; &nbsp; &nbsp; &nbsp; &nbsp; &nbsp; &nbsp; &nbsp; &nbsp; &nbsp; &nbsp; &nbsp; &nbsp; &nbsp; &nbsp; &nbsp; &nbsp; &nbsp; &nbsp; Objetivo Promover e estimular com criatividade&hellip;<\/p>\n","protected":false},"author":1,"featured_media":0,"parent":0,"menu_order":0,"comment_status":"closed","ping_status":"closed","template":"","meta":{"footnotes":""},"class_list":["post-51","page","type-page","status-publish","hentry"],"_links":{"self":[{"href":"https:\/\/santuariodefatimario.org.br\/index2.php\/wp-json\/wp\/v2\/pages\/51","targetHints":{"allow":["GET"]}}],"collection":[{"href":"https:\/\/santuariodefatimario.org.br\/index2.php\/wp-json\/wp\/v2\/pages"}],"about":[{"href":"https:\/\/santuariodefatimario.org.br\/index2.php\/wp-json\/wp\/v2\/types\/page"}],"author":[{"embeddable":true,"href":"https:\/\/santuariodefatimario.org.br\/index2.php\/wp-json\/wp\/v2\/users\/1"}],"replies":[{"embeddable":true,"href":"https:\/\/santuariodefatimario.org.br\/index2.php\/wp-json\/wp\/v2\/comments?post=51"}],"version-history":[{"count":8,"href":"https:\/\/santuariodefatimario.org.br\/index2.php\/wp-json\/wp\/v2\/pages\/51\/revisions"}],"predecessor-version":[{"id":1319,"href":"https:\/\/santuariodefatimario.org.br\/index2.php\/wp-json\/wp\/v2\/pages\/51\/revisions\/1319"}],"wp:attachment":[{"href":"https:\/\/santuariodefatimario.org.br\/index2.php\/wp-json\/wp\/v2\/media?parent=51"}],"curies":[{"name":"wp","href":"https:\/\/api.w.org\/{rel}","templated":true}]}}