{"id":52,"date":"2025-02-28T18:54:07","date_gmt":"2025-02-28T18:54:07","guid":{"rendered":"https:\/\/santuariodefatimario.org.br\/?page_id=52"},"modified":"2025-07-31T17:10:33","modified_gmt":"2025-07-31T17:10:33","slug":"mesc","status":"publish","type":"page","link":"https:\/\/santuariodefatimario.org.br\/index2.php\/mesc\/","title":{"rendered":"Mesc"},"content":{"rendered":"\t\t<div data-elementor-type=\"wp-page\" data-elementor-id=\"52\" class=\"elementor elementor-52\">\n\t\t\t\t<div class=\"elementor-element elementor-element-49ddcd5d e-flex e-con-boxed wpr-particle-no wpr-jarallax-no wpr-parallax-no wpr-sticky-section-no wpr-equal-height-no e-con e-parent\" data-id=\"49ddcd5d\" data-element_type=\"container\" data-e-type=\"container\">\n\t\t\t\t\t<div class=\"e-con-inner\">\n\t\t\t\t<div class=\"elementor-element elementor-element-5e78d340 elementor-widget elementor-widget-text-editor\" data-id=\"5e78d340\" data-element_type=\"widget\" data-e-type=\"widget\" data-widget_type=\"text-editor.default\">\n\t\t\t\t<div class=\"elementor-widget-container\">\n\t\t\t\t\t\t\t\t\t<p><img decoding=\"async\" class=\" wp-image-1256 aligncenter\" src=\"http:\/\/santuariodefatimario.org.br\/wp-content\/uploads\/2025\/07\/meces-300x252.png\" alt=\"\" width=\"239\" height=\"201\" srcset=\"https:\/\/santuariodefatimario.org.br\/wp-content\/uploads\/2025\/07\/meces-300x252.png 300w, https:\/\/santuariodefatimario.org.br\/wp-content\/uploads\/2025\/07\/meces.png 600w\" sizes=\"(max-width: 239px) 100vw, 239px\" \/><\/p>\n<p>O Ministro Extraordin\u00e1rio da Sagrada Comunh\u00e3o Eucar\u00edstica \u00e9 um servidor e dever\u00e1 conscientizar-se de que a sua aten\u00e7\u00e3o deve estar voltada para uma rela\u00e7\u00e3o \u00edntima entre o minist\u00e9rio, Cristo e a comunidade. \u00c9 estar a servi\u00e7o de Jesus antes da comunidade, isto \u00e9, uma intimidade de pura espiritualidade, tornando essa comunidade mais crist\u00e3, mais mission\u00e1ria e ativa a caminho da salva\u00e7\u00e3o. O MESC deve ser perante o mundo testemunho da ressurrei\u00e7\u00e3o e da vida de Jesus Cristo, e sinal do Deus vivo. Deve aprimorar-se na ora\u00e7\u00e3o, praticar a penit\u00eancia, conhecer os documentos da Igreja e viver a doutrina crist\u00e3.<\/p>\n<p><!-- \/wp:paragraph --><!-- wp:paragraph --><\/p>\n<p>A espiritualidade do MESC deve ser fundamentada na escuta e viv\u00eancia da Palavra. O Ministro se disp\u00f5e a caminhar em nome de Jesus e da comunidade at\u00e9 aos irm\u00e3os e levando-lhes o P\u00e3o da Vida. \u00c9 responsabilidade da comunidade dar aten\u00e7\u00e3o primeira aos mais necessitados fazendo chegar at\u00e9 eles a for\u00e7a do P\u00e3o Vivo, a Eucaristia.<\/p>\n<p><!-- \/wp:paragraph --><!-- wp:paragraph --><\/p>\n<p>Os Ministros Extraordin\u00e1rios da Sagrada Comunh\u00e3o t\u00eam como patrono S\u00e3o Mateus Moreira, que enfrentou seus algozes gritando\u00a0<strong>\u201c<\/strong><strong>Louvado seja o Sant\u00edssimo Sacramento\u201d<\/strong>.\u00a0<\/p>\n<p><!-- \/wp:paragraph --><!-- wp:paragraph {\"align\":\"center\",\"fontSize\":\"large\"} --><\/p>\n<p class=\"has-text-align-center has-large-font-size\"><strong><mark class=\"has-inline-color has-vivid-cyan-blue-color\" style=\"background-color: rgba(0, 0, 0, 0);\">Espiritualidade<\/mark><\/strong><\/p>\n<p><!-- \/wp:paragraph --><!-- wp:paragraph --><\/p>\n<p>O MESC deve ser perante o mundo, testemunho da ressurrei\u00e7\u00e3o e da vida de Jesus Cristo, e sinal do Deus vivo, deve aprimorar-se na ora\u00e7\u00e3o, praticar a penit\u00eancia, conhecer os documentos da Igreja e viver a doutrina crist\u00e3. O aprimoramento espiritual dos Ministros Extraordin\u00e1rios da Sagrada Comunh\u00e3o Eucar\u00edstica consiste no aprofundamento, escuta e viv\u00eancia da Palavra. O Ministro se disp\u00f5e a caminhar em nome de Jesus e da comunidade at\u00e9 aos irm\u00e3os e levando-lhes o P\u00e3o da Vida! \u00c9 responsabilidade da comunidade dar aten\u00e7\u00e3o primeira aos mais necessitados fazendo chegar at\u00e9 eles a for\u00e7a do P\u00e3o Vivo, a Eucaristia.<\/p>\n<p><!-- \/wp:paragraph --><!-- wp:paragraph {\"align\":\"center\",\"fontSize\":\"large\"} --><\/p>\n<p class=\"has-text-align-center has-large-font-size\"><strong><mark class=\"has-inline-color has-vivid-cyan-blue-color\" style=\"background-color: rgba(0, 0, 0, 0);\">Objetivo Geral<\/mark><\/strong><\/p>\n<p><!-- \/wp:paragraph --><!-- wp:paragraph --><\/p>\n<p>Colaborar nas celebra\u00e7\u00f5es eucar\u00edsticas, visitar os doentes e idosos da comunidade em suas resid\u00eancias, hospitais e casas de repouso, levando o conforto espiritual, a solidariedade e a esperan\u00e7a. Iluminados pelo Esp\u00edrito Santo anunciar Palavra de Deus e favorecer o fortalecimento da f\u00e9.\u00a0<\/p>\n<p><!-- \/wp:paragraph --><!-- wp:paragraph --><\/p>\n<p>O MESC deve ter como princ\u00edpios estar \u00e0 servi\u00e7o para a edifica\u00e7\u00e3o da comunidade, exercer o minist\u00e9rio segundo os valores evang\u00e9licos da gratuidade e viver a constante experi\u00eancia da Celebra\u00e7\u00e3o da Eucaristia e da comunh\u00e3o do Corpo de Cristo.<\/p>\n<p><!-- \/wp:paragraph --><!-- wp:paragraph {\"align\":\"center\",\"fontSize\":\"large\"} --><\/p>\n<p class=\"has-text-align-center has-large-font-size\"><strong><mark class=\"has-inline-color has-vivid-cyan-blue-color\" style=\"background-color: rgba(0, 0, 0, 0);\">A\u00e7\u00e3o concreta<\/mark><\/strong><\/p>\n<p><!-- \/wp:paragraph --><!-- wp:list --><\/p>\n<ul class=\"wp-block-list\">\n<li style=\"list-style-type: none;\">\n<ul class=\"wp-block-list\"><!-- wp:list-item --><\/ul>\n<\/li>\n<\/ul>\n<ul class=\"wp-block-list\">\n<li style=\"list-style-type: none;\">\n<ul class=\"wp-block-list\">\n<li>Preparar o Altar para Celebra\u00e7\u00e3o Eucar\u00edstica<\/li>\n<\/ul>\n<\/li>\n<\/ul>\n<p><!-- \/wp:list-item --><!-- wp:list-item --><\/p>\n<ul class=\"wp-block-list\">\n<li style=\"list-style-type: none;\">\n<ul class=\"wp-block-list\">\n<li>\u00a0Zelar pelos objetos e paramentos lit\u00fargicos<\/li>\n<\/ul>\n<\/li>\n<\/ul>\n<p><!-- \/wp:list-item --><!-- wp:list-item --><\/p>\n<ul class=\"wp-block-list\">\n<li style=\"list-style-type: none;\">\n<ul class=\"wp-block-list\">\n<li>Servir aos sacerdotes e di\u00e1conos durante o santo sacrif\u00edcio da missa e em outras \u00a0\u00a0\u00a0\u00a0\u00a0\u00a0celebra\u00e7\u00f5es, e, quando necess\u00e1rio, ajuda-los na distribui\u00e7\u00e3o da Sagrada Comunh\u00e3o<\/li>\n<\/ul>\n<\/li>\n<\/ul>\n<p><!-- \/wp:list-item --><!-- wp:list-item --><\/p>\n<ul class=\"wp-block-list\">\n<li style=\"list-style-type: none;\">\n<ul class=\"wp-block-list\">\n<li>Levar a Sagrada Eucaristia aos idosos e doentes com dedica\u00e7\u00e3o, dignidade, esp\u00edrito de f\u00e9 e alegria crist\u00e3<\/li>\n<\/ul>\n<\/li>\n<\/ul>\n<p><!-- \/wp:list-item --><!-- wp:list-item --><\/p>\n<ul class=\"wp-block-list\">\n<li style=\"list-style-type: none;\">\n<ul class=\"wp-block-list\">\n<li>Evangelizar os doentes e idosos, bem como seus familiares, procurando incentiv\u00e1-los na f\u00e9 e na aceita\u00e7\u00e3o dos seus sofrimentos<\/li>\n<\/ul>\n<\/li>\n<\/ul>\n<p><!-- \/wp:list-item --><!-- wp:list-item --><\/p>\n<ul class=\"wp-block-list\">\n<li style=\"list-style-type: none;\">\n<ul class=\"wp-block-list\">\n<li>Dirigir a adora\u00e7\u00e3o ao Sant\u00edssimo Sacramento<\/li>\n<\/ul>\n<\/li>\n<\/ul>\n<p><!-- \/wp:list-item --><\/p>\n<p><!-- \/wp:list --><!-- wp:paragraph --><\/p>\n<p>\u00c9 importante que o Ministro cultive sua f\u00e9, o esp\u00edrito comunit\u00e1rio, cres\u00e7a na consci\u00eancia do an\u00fancio do Reino de Deus e da den\u00fancia daquilo que n\u00e3o constr\u00f3i fraternidade. Cres\u00e7a no dom de si mesmo, na espiritualidade Eucar\u00edstica, visando transforma\u00e7\u00e3o. Suas atividades s\u00e3o di\u00e1rias e constantes, concentradas basicamente no servir.<\/p>\n<p><!-- \/wp:paragraph --><!-- wp:paragraph {\"align\":\"center\",\"fontSize\":\"large\"} --><\/p>\n<p class=\"has-text-align-center has-large-font-size\"><strong><mark class=\"has-inline-color has-vivid-cyan-blue-color\" style=\"background-color: rgba(0, 0, 0, 0);\">Princ\u00edpios<\/mark><\/strong><\/p>\n<p><!-- \/wp:paragraph --><!-- wp:list --><\/p>\n<ul class=\"wp-block-list\">\n<li style=\"list-style-type: none;\">\n<ul class=\"wp-block-list\"><!-- wp:list-item --><\/ul>\n<\/li>\n<\/ul>\n<ul class=\"wp-block-list\">\n<li style=\"list-style-type: none;\">\n<ul class=\"wp-block-list\">\n<li>O Minist\u00e9rio Extraordin\u00e1rio da Sagrada Comunh\u00e3o Eucar\u00edstica, assim como todo o minist\u00e9rio \u00e9 um servi\u00e7o recebido da Igreja para edifica\u00e7\u00e3o da comunidade.<\/li>\n<\/ul>\n<\/li>\n<\/ul>\n<p><!-- \/wp:list-item --><!-- wp:list-item --><\/p>\n<ul class=\"wp-block-list\">\n<li style=\"list-style-type: none;\">\n<ul class=\"wp-block-list\">\n<li>O Minist\u00e9rio Extraordin\u00e1rio da Sagrada Comunh\u00e3o Eucar\u00edstica \u00e9 exercido segundo os princ\u00edpios evang\u00e9licos da gratuidade.<\/li>\n<\/ul>\n<\/li>\n<\/ul>\n<p><!-- \/wp:list-item --><!-- wp:list-item --><\/p>\n<ul class=\"wp-block-list\">\n<li style=\"list-style-type: none;\">\n<ul class=\"wp-block-list\">\n<li>O Ministro Extraordin\u00e1rio da Sagrada Comunh\u00e3o Eucar\u00edstica vive a constante experi\u00eancia da Celebra\u00e7\u00e3o da Eucaristia e da comunh\u00e3o do Corpo de Cristo.<\/li>\n<\/ul>\n<\/li>\n<\/ul>\n<p><!-- \/wp:list-item --><\/p>\n<p><!-- \/wp:list --><!-- wp:paragraph --><\/p>\n<p>Os Ministros Extraordin\u00e1rios da Sagrada Comunh\u00e3o t\u00eam como patrono S\u00e3o Mateus Moreira, que enfrentou seus algozes gritando\u00a0<strong>\u201cLouvado seja o Sant\u00edssimo Sacramento\u201d.<\/strong><\/p>\n<p><!-- \/wp:paragraph --><!-- wp:paragraph {\"align\":\"center\",\"fontSize\":\"large\"} --><\/p>\n<p class=\"has-text-align-center has-large-font-size\"><strong><mark class=\"has-inline-color has-vivid-cyan-blue-color\" style=\"background-color: rgba(0, 0, 0, 0);\">Dia de reuni\u00e3o<\/mark><\/strong><\/p>\n<p><!-- \/wp:paragraph --><!-- wp:paragraph --><\/p>\n<p>As reuni\u00f5es s\u00e3o realizadas nas \u00faltimas ter\u00e7as-feiras de cada m\u00eas \u00e0s 20h00 no sal\u00e3o do Santu\u00e1rio.<\/p>\n<p><!-- \/wp:paragraph --><!-- wp:paragraph {\"align\":\"center\",\"fontSize\":\"large\"} --><\/p>\n<p class=\"has-text-align-center has-large-font-size\"><strong><mark class=\"has-inline-color has-vivid-cyan-blue-color\" style=\"background-color: rgba(0, 0, 0, 0);\">Contato<\/mark><\/strong><\/p>\n<p><!-- \/wp:paragraph --><!-- wp:paragraph --><\/p>\n<p><strong>Coordenador:\u00a0<\/strong>Neusa Teresinha Campos de Oliveira<\/p>\n<p><!-- \/wp:paragraph --><!-- wp:paragraph --><\/p>\n<p><strong>E-mail:<\/strong>\u00a0mesc@santuariodefatimario.org<\/p>\n<p><!-- \/wp:paragraph --><\/p>\t\t\t\t\t\t\t\t<\/div>\n\t\t\t\t<\/div>\n\t\t\t\t\t<\/div>\n\t\t\t\t<\/div>\n\t\t<div class=\"elementor-element elementor-element-72561b1 e-flex e-con-boxed wpr-particle-no wpr-jarallax-no wpr-parallax-no wpr-sticky-section-no wpr-equal-height-no e-con e-parent\" data-id=\"72561b1\" data-element_type=\"container\" data-e-type=\"container\">\n\t\t\t\t\t<div class=\"e-con-inner\">\n\t\t\t\t<div class=\"elementor-element elementor-element-917f5e0 gallery-spacing-custom elementor-widget elementor-widget-image-gallery\" data-id=\"917f5e0\" data-element_type=\"widget\" data-e-type=\"widget\" data-widget_type=\"image-gallery.default\">\n\t\t\t\t<div class=\"elementor-widget-container\">\n\t\t\t\t\t\t\t<div class=\"elementor-image-gallery\">\n\t\t\t<div id='gallery-1' class='gallery galleryid-52 gallery-columns-3 gallery-size-post-category-slider-size'><figure class='gallery-item'>\n\t\t\t<div class='gallery-icon portrait'>\n\t\t\t\t<a data-elementor-open-lightbox=\"yes\" data-elementor-lightbox-slideshow=\"917f5e0\" data-elementor-lightbox-title=\"Imagem do WhatsApp de 2025-07-31 \u00e0(s) 14.01.55_a51129c4\" data-e-action-hash=\"#elementor-action%3Aaction%3Dlightbox%26settings%3DeyJpZCI6MTMwMCwidXJsIjoiaHR0cHM6XC9cL3NhbnR1YXJpb2RlZmF0aW1hcmlvLm9yZy5iclwvd3AtY29udGVudFwvdXBsb2Fkc1wvMjAyNVwvMDdcL0ltYWdlbS1kby1XaGF0c0FwcC1kZS0yMDI1LTA3LTMxLWFzLTE0LjAxLjU1X2E1MTEyOWM0LmpwZyIsInNsaWRlc2hvdyI6IjkxN2Y1ZTAifQ%3D%3D\" href='https:\/\/santuariodefatimario.org.br\/wp-content\/uploads\/2025\/07\/Imagem-do-WhatsApp-de-2025-07-31-as-14.01.55_a51129c4.jpg'><img fetchpriority=\"high\" decoding=\"async\" width=\"330\" height=\"350\" src=\"https:\/\/santuariodefatimario.org.br\/wp-content\/uploads\/2025\/07\/Imagem-do-WhatsApp-de-2025-07-31-as-14.01.55_a51129c4-330x350.jpg\" class=\"attachment-post-category-slider-size size-post-category-slider-size\" alt=\"\" \/><\/a>\n\t\t\t<\/div><\/figure><figure class='gallery-item'>\n\t\t\t<div class='gallery-icon portrait'>\n\t\t\t\t<a data-elementor-open-lightbox=\"yes\" data-elementor-lightbox-slideshow=\"917f5e0\" data-elementor-lightbox-title=\"M4\" data-e-action-hash=\"#elementor-action%3Aaction%3Dlightbox%26settings%3DeyJpZCI6MTMwMiwidXJsIjoiaHR0cHM6XC9cL3NhbnR1YXJpb2RlZmF0aW1hcmlvLm9yZy5iclwvd3AtY29udGVudFwvdXBsb2Fkc1wvMjAyNVwvMDdcL000LmpwZyIsInNsaWRlc2hvdyI6IjkxN2Y1ZTAifQ%3D%3D\" href='https:\/\/santuariodefatimario.org.br\/wp-content\/uploads\/2025\/07\/M4.jpg'><img decoding=\"async\" width=\"330\" height=\"350\" src=\"https:\/\/santuariodefatimario.org.br\/wp-content\/uploads\/2025\/07\/M4-330x350.jpg\" class=\"attachment-post-category-slider-size size-post-category-slider-size\" alt=\"\" \/><\/a>\n\t\t\t<\/div><\/figure><figure class='gallery-item'>\n\t\t\t<div class='gallery-icon portrait'>\n\t\t\t\t<a data-elementor-open-lightbox=\"yes\" data-elementor-lightbox-slideshow=\"917f5e0\" data-elementor-lightbox-title=\"M5\" data-e-action-hash=\"#elementor-action%3Aaction%3Dlightbox%26settings%3DeyJpZCI6MTMwMywidXJsIjoiaHR0cHM6XC9cL3NhbnR1YXJpb2RlZmF0aW1hcmlvLm9yZy5iclwvd3AtY29udGVudFwvdXBsb2Fkc1wvMjAyNVwvMDdcL001LmpwZyIsInNsaWRlc2hvdyI6IjkxN2Y1ZTAifQ%3D%3D\" href='https:\/\/santuariodefatimario.org.br\/wp-content\/uploads\/2025\/07\/M5.jpg'><img loading=\"lazy\" decoding=\"async\" width=\"330\" height=\"350\" src=\"https:\/\/santuariodefatimario.org.br\/wp-content\/uploads\/2025\/07\/M5-330x350.jpg\" class=\"attachment-post-category-slider-size size-post-category-slider-size\" alt=\"\" \/><\/a>\n\t\t\t<\/div><\/figure><figure class='gallery-item'>\n\t\t\t<div class='gallery-icon landscape'>\n\t\t\t\t<a data-elementor-open-lightbox=\"yes\" data-elementor-lightbox-slideshow=\"917f5e0\" data-elementor-lightbox-title=\"M1\" data-e-action-hash=\"#elementor-action%3Aaction%3Dlightbox%26settings%3DeyJpZCI6MTMwNCwidXJsIjoiaHR0cHM6XC9cL3NhbnR1YXJpb2RlZmF0aW1hcmlvLm9yZy5iclwvd3AtY29udGVudFwvdXBsb2Fkc1wvMjAyNVwvMDdcL00xLmpwZyIsInNsaWRlc2hvdyI6IjkxN2Y1ZTAifQ%3D%3D\" href='https:\/\/santuariodefatimario.org.br\/wp-content\/uploads\/2025\/07\/M1.jpg'><img loading=\"lazy\" decoding=\"async\" width=\"330\" height=\"350\" src=\"https:\/\/santuariodefatimario.org.br\/wp-content\/uploads\/2025\/07\/M1-330x350.jpg\" class=\"attachment-post-category-slider-size size-post-category-slider-size\" alt=\"\" \/><\/a>\n\t\t\t<\/div><\/figure><figure class='gallery-item'>\n\t\t\t<div class='gallery-icon landscape'>\n\t\t\t\t<a data-elementor-open-lightbox=\"yes\" data-elementor-lightbox-slideshow=\"917f5e0\" data-elementor-lightbox-title=\"M2\" data-e-action-hash=\"#elementor-action%3Aaction%3Dlightbox%26settings%3DeyJpZCI6MTMwNSwidXJsIjoiaHR0cHM6XC9cL3NhbnR1YXJpb2RlZmF0aW1hcmlvLm9yZy5iclwvd3AtY29udGVudFwvdXBsb2Fkc1wvMjAyNVwvMDdcL00yLmpwZyIsInNsaWRlc2hvdyI6IjkxN2Y1ZTAifQ%3D%3D\" href='https:\/\/santuariodefatimario.org.br\/wp-content\/uploads\/2025\/07\/M2.jpg'><img loading=\"lazy\" decoding=\"async\" width=\"330\" height=\"350\" src=\"https:\/\/santuariodefatimario.org.br\/wp-content\/uploads\/2025\/07\/M2-330x350.jpg\" class=\"attachment-post-category-slider-size size-post-category-slider-size\" alt=\"\" \/><\/a>\n\t\t\t<\/div><\/figure><figure class='gallery-item'>\n\t\t\t<div class='gallery-icon portrait'>\n\t\t\t\t<a data-elementor-open-lightbox=\"yes\" data-elementor-lightbox-slideshow=\"917f5e0\" data-elementor-lightbox-title=\"M3\" data-e-action-hash=\"#elementor-action%3Aaction%3Dlightbox%26settings%3DeyJpZCI6MTMwNiwidXJsIjoiaHR0cHM6XC9cL3NhbnR1YXJpb2RlZmF0aW1hcmlvLm9yZy5iclwvd3AtY29udGVudFwvdXBsb2Fkc1wvMjAyNVwvMDdcL00zLmpwZyIsInNsaWRlc2hvdyI6IjkxN2Y1ZTAifQ%3D%3D\" href='https:\/\/santuariodefatimario.org.br\/wp-content\/uploads\/2025\/07\/M3.jpg'><img loading=\"lazy\" decoding=\"async\" width=\"330\" height=\"350\" src=\"https:\/\/santuariodefatimario.org.br\/wp-content\/uploads\/2025\/07\/M3-330x350.jpg\" class=\"attachment-post-category-slider-size size-post-category-slider-size\" alt=\"\" \/><\/a>\n\t\t\t<\/div><\/figure>\n\t\t<\/div>\n\t\t<\/div>\n\t\t\t\t\t\t<\/div>\n\t\t\t\t<\/div>\n\t\t\t\t\t<\/div>\n\t\t\t\t<\/div>\n\t\t\t\t<\/div>\n\t\t","protected":false},"excerpt":{"rendered":"<p>O Ministro Extraordin\u00e1rio da Sagrada Comunh\u00e3o Eucar\u00edstica \u00e9 um servidor e dever\u00e1 conscientizar-se de que a sua aten\u00e7\u00e3o deve estar voltada para uma rela\u00e7\u00e3o \u00edntima&hellip;<\/p>\n","protected":false},"author":1,"featured_media":0,"parent":0,"menu_order":0,"comment_status":"closed","ping_status":"closed","template":"","meta":{"footnotes":""},"class_list":["post-52","page","type-page","status-publish","hentry"],"_links":{"self":[{"href":"https:\/\/santuariodefatimario.org.br\/index2.php\/wp-json\/wp\/v2\/pages\/52","targetHints":{"allow":["GET"]}}],"collection":[{"href":"https:\/\/santuariodefatimario.org.br\/index2.php\/wp-json\/wp\/v2\/pages"}],"about":[{"href":"https:\/\/santuariodefatimario.org.br\/index2.php\/wp-json\/wp\/v2\/types\/page"}],"author":[{"embeddable":true,"href":"https:\/\/santuariodefatimario.org.br\/index2.php\/wp-json\/wp\/v2\/users\/1"}],"replies":[{"embeddable":true,"href":"https:\/\/santuariodefatimario.org.br\/index2.php\/wp-json\/wp\/v2\/comments?post=52"}],"version-history":[{"count":20,"href":"https:\/\/santuariodefatimario.org.br\/index2.php\/wp-json\/wp\/v2\/pages\/52\/revisions"}],"predecessor-version":[{"id":1309,"href":"https:\/\/santuariodefatimario.org.br\/index2.php\/wp-json\/wp\/v2\/pages\/52\/revisions\/1309"}],"wp:attachment":[{"href":"https:\/\/santuariodefatimario.org.br\/index2.php\/wp-json\/wp\/v2\/media?parent=52"}],"curies":[{"name":"wp","href":"https:\/\/api.w.org\/{rel}","templated":true}]}}