{"id":54,"date":"2025-02-28T18:54:07","date_gmt":"2025-02-28T18:54:07","guid":{"rendered":"https:\/\/santuariodefatimario.org.br\/?page_id=54"},"modified":"2025-07-31T17:20:43","modified_gmt":"2025-07-31T17:20:43","slug":"pascom","status":"publish","type":"page","link":"https:\/\/santuariodefatimario.org.br\/index2.php\/pascom\/","title":{"rendered":"Pascom"},"content":{"rendered":"\t\t<div data-elementor-type=\"wp-page\" data-elementor-id=\"54\" class=\"elementor elementor-54\">\n\t\t\t\t<div class=\"elementor-element elementor-element-153d289 e-flex e-con-boxed wpr-particle-no wpr-jarallax-no wpr-parallax-no wpr-sticky-section-no wpr-equal-height-no e-con e-parent\" data-id=\"153d289\" data-element_type=\"container\" data-e-type=\"container\">\n\t\t\t\t\t<div class=\"e-con-inner\">\n\t\t\t\t<div class=\"elementor-element elementor-element-6a78bf65 elementor-widget elementor-widget-text-editor\" data-id=\"6a78bf65\" data-element_type=\"widget\" data-e-type=\"widget\" data-widget_type=\"text-editor.default\">\n\t\t\t\t<div class=\"elementor-widget-container\">\n\t\t\t\t\t\t\t\t\t\n<p><img decoding=\"async\" class=\" wp-image-1121 aligncenter\" src=\"http:\/\/santuariodefatimario.org.br\/wp-content\/uploads\/2025\/07\/pascom-300x300.png\" alt=\"\" width=\"182\" height=\"182\" srcset=\"https:\/\/santuariodefatimario.org.br\/wp-content\/uploads\/2025\/07\/pascom-300x300.png 300w, https:\/\/santuariodefatimario.org.br\/wp-content\/uploads\/2025\/07\/pascom-150x150.png 150w, https:\/\/santuariodefatimario.org.br\/wp-content\/uploads\/2025\/07\/pascom.png 500w\" sizes=\"(max-width: 182px) 100vw, 182px\" \/><\/p>\n<p>Pastoral da Comunica\u00e7\u00e3o \u00e9\u00a0comunh\u00e3o, \u00e9 o\u00a0elo de liga\u00e7\u00e3o entre todos os eventos, pastorais, movimentos, associa\u00e7\u00f5es que tem na comunidade. Ela \u00e9 o\u00a0instrumento\u00a0que d\u00e1 comunh\u00e3o, pulsa\u00e7\u00e3o nas atividades e na exist\u00eancia da comunidade. \u00c9 a presen\u00e7a efetiva de toda a comunidade em todo e qualquer evento.\u00a0A\u00a0Pascom\u00a0utiliza-se de todos os meios de comunica\u00e7\u00e3o dispon\u00edveis e acess\u00edveis ao maior n\u00famero de pessoas poss\u00edvel\u00a0para propagar o evangelho nas mais diversas inst\u00e2ncias da sociedade.\u00a0<\/p>\n\n<p class=\"has-text-align-center has-large-font-size\"><strong><mark class=\"has-inline-color has-vivid-cyan-blue-color\" style=\"background-color: rgba(0, 0, 0, 0);\">Objetivo Geral<\/mark><\/strong><\/p>\n\n<p>A Pascom deve facilitar a divulga\u00e7\u00e3o das atividades paroquiais dentro e fora dela e dos eventos entre as pastorais. \u00c9 um dos mais eficientes recursos para levar a Boa Nova a todos, sem distin\u00e7\u00f5es, separa\u00e7\u00f5es, medos ou preconceitos. Tem uma responsabilidade muito grande: \u00e9 a poderosa solu\u00e7\u00e3o para a necessidade urgente de convers\u00e3o e evangeliza\u00e7\u00e3o.\u00a0<\/p>\n\n<p class=\"has-text-align-center has-large-font-size\"><strong><mark class=\"has-inline-color has-vivid-cyan-blue-color\" style=\"background-color: rgba(0, 0, 0, 0);\">Objetivos espec\u00edficos<\/mark><\/strong><\/p>\n\n<ul class=\"wp-block-list\">\n<li>Evangelizar atrav\u00e9s da comunica\u00e7\u00e3o, tornando presente os valores da mensagem de Cristo nos meios de comunica\u00e7\u00e3o social;\u00a0<\/li>\n\n<li>Atrav\u00e9s\u00a0de meios de comunica\u00e7\u00e3o manter\u202fos fi\u00e9is informados de tudo que acontece\u00a0na\u202fcomunidade;\u00a0<\/li>\n\n<li>Fazer a divulga\u00e7\u00e3o dos eventos e festas que acontecem na Comunidade.\u00a0<\/li>\n\n<li>Manter uma estreita rela\u00e7\u00e3o de comunh\u00e3o com o p\u00e1roco que por sua vez deve estar em profunda comunh\u00e3o com a Igreja local.\u00a0<\/li>\n<\/ul>\n\n<p><strong>Coordenadora:\u00a0<\/strong><br \/><strong>Ariadne Rodrigues<\/strong><\/p>\n\n<p><strong>E-mail:<\/strong><br \/>pascom@santuariodefatimario.org<\/p>\n\n<p><strong>Dias de encontro<\/strong><\/p>\n\n<p>Terceira ter\u00e7a do m\u00eas, \u00e0s 20h<\/p>\n\t\t\t\t\t\t\t\t<\/div>\n\t\t\t\t<\/div>\n\t\t\t\t\t<\/div>\n\t\t\t\t<\/div>\n\t\t<div class=\"elementor-element elementor-element-99f4c01 e-flex e-con-boxed wpr-particle-no wpr-jarallax-no wpr-parallax-no wpr-sticky-section-no wpr-equal-height-no e-con e-parent\" data-id=\"99f4c01\" data-element_type=\"container\" data-e-type=\"container\">\n\t\t\t\t\t<div class=\"e-con-inner\">\n\t\t\t\t<div class=\"elementor-element elementor-element-731b799 gallery-spacing-custom elementor-widget elementor-widget-image-gallery\" data-id=\"731b799\" data-element_type=\"widget\" data-e-type=\"widget\" data-widget_type=\"image-gallery.default\">\n\t\t\t\t<div class=\"elementor-widget-container\">\n\t\t\t\t\t\t\t<div class=\"elementor-image-gallery\">\n\t\t\t<div id='gallery-1' class='gallery galleryid-54 gallery-columns-2 gallery-size-post-category-slider-size'><figure class='gallery-item'>\n\t\t\t<div class='gallery-icon portrait'>\n\t\t\t\t<a data-elementor-open-lightbox=\"yes\" data-elementor-lightbox-slideshow=\"731b799\" data-elementor-lightbox-title=\"Imagem do WhatsApp de 2025-07-31 \u00e0(s) 14.07.50_f571177a\" data-e-action-hash=\"#elementor-action%3Aaction%3Dlightbox%26settings%3DeyJpZCI6MTMyMCwidXJsIjoiaHR0cHM6XC9cL3NhbnR1YXJpb2RlZmF0aW1hcmlvLm9yZy5iclwvd3AtY29udGVudFwvdXBsb2Fkc1wvMjAyNVwvMDdcL0ltYWdlbS1kby1XaGF0c0FwcC1kZS0yMDI1LTA3LTMxLWFzLTE0LjA3LjUwX2Y1NzExNzdhLXNjYWxlZC5qcGciLCJzbGlkZXNob3ciOiI3MzFiNzk5In0%3D\" href='https:\/\/santuariodefatimario.org.br\/wp-content\/uploads\/2025\/07\/Imagem-do-WhatsApp-de-2025-07-31-as-14.07.50_f571177a-scaled.jpg'><img fetchpriority=\"high\" decoding=\"async\" width=\"330\" height=\"350\" src=\"https:\/\/santuariodefatimario.org.br\/wp-content\/uploads\/2025\/07\/Imagem-do-WhatsApp-de-2025-07-31-as-14.07.50_f571177a-330x350.jpg\" class=\"attachment-post-category-slider-size size-post-category-slider-size\" alt=\"\" \/><\/a>\n\t\t\t<\/div><\/figure><figure class='gallery-item'>\n\t\t\t<div class='gallery-icon portrait'>\n\t\t\t\t<a data-elementor-open-lightbox=\"yes\" data-elementor-lightbox-slideshow=\"731b799\" data-elementor-lightbox-title=\"Imagem do WhatsApp de 2025-07-31 \u00e0(s) 14.07.50_92b066b1\" data-e-action-hash=\"#elementor-action%3Aaction%3Dlightbox%26settings%3DeyJpZCI6MTMyMSwidXJsIjoiaHR0cHM6XC9cL3NhbnR1YXJpb2RlZmF0aW1hcmlvLm9yZy5iclwvd3AtY29udGVudFwvdXBsb2Fkc1wvMjAyNVwvMDdcL0ltYWdlbS1kby1XaGF0c0FwcC1kZS0yMDI1LTA3LTMxLWFzLTE0LjA3LjUwXzkyYjA2NmIxLXNjYWxlZC5qcGciLCJzbGlkZXNob3ciOiI3MzFiNzk5In0%3D\" href='https:\/\/santuariodefatimario.org.br\/wp-content\/uploads\/2025\/07\/Imagem-do-WhatsApp-de-2025-07-31-as-14.07.50_92b066b1-scaled.jpg'><img decoding=\"async\" width=\"330\" height=\"350\" src=\"https:\/\/santuariodefatimario.org.br\/wp-content\/uploads\/2025\/07\/Imagem-do-WhatsApp-de-2025-07-31-as-14.07.50_92b066b1-330x350.jpg\" class=\"attachment-post-category-slider-size size-post-category-slider-size\" alt=\"\" \/><\/a>\n\t\t\t<\/div><\/figure><figure class='gallery-item'>\n\t\t\t<div class='gallery-icon portrait'>\n\t\t\t\t<a data-elementor-open-lightbox=\"yes\" data-elementor-lightbox-slideshow=\"731b799\" data-elementor-lightbox-title=\"Imagem do WhatsApp de 2025-07-31 \u00e0(s) 14.07.50_5ae9363a\" data-e-action-hash=\"#elementor-action%3Aaction%3Dlightbox%26settings%3DeyJpZCI6MTMyMiwidXJsIjoiaHR0cHM6XC9cL3NhbnR1YXJpb2RlZmF0aW1hcmlvLm9yZy5iclwvd3AtY29udGVudFwvdXBsb2Fkc1wvMjAyNVwvMDdcL0ltYWdlbS1kby1XaGF0c0FwcC1kZS0yMDI1LTA3LTMxLWFzLTE0LjA3LjUwXzVhZTkzNjNhLXNjYWxlZC5qcGciLCJzbGlkZXNob3ciOiI3MzFiNzk5In0%3D\" href='https:\/\/santuariodefatimario.org.br\/wp-content\/uploads\/2025\/07\/Imagem-do-WhatsApp-de-2025-07-31-as-14.07.50_5ae9363a-scaled.jpg'><img loading=\"lazy\" decoding=\"async\" width=\"330\" height=\"350\" src=\"https:\/\/santuariodefatimario.org.br\/wp-content\/uploads\/2025\/07\/Imagem-do-WhatsApp-de-2025-07-31-as-14.07.50_5ae9363a-330x350.jpg\" class=\"attachment-post-category-slider-size size-post-category-slider-size\" alt=\"\" \/><\/a>\n\t\t\t<\/div><\/figure><figure class='gallery-item'>\n\t\t\t<div class='gallery-icon landscape'>\n\t\t\t\t<a data-elementor-open-lightbox=\"yes\" data-elementor-lightbox-slideshow=\"731b799\" data-elementor-lightbox-title=\"Imagem do WhatsApp de 2025-07-31 \u00e0(s) 14.07.50_b2681fed\" data-e-action-hash=\"#elementor-action%3Aaction%3Dlightbox%26settings%3DeyJpZCI6MTMyMywidXJsIjoiaHR0cHM6XC9cL3NhbnR1YXJpb2RlZmF0aW1hcmlvLm9yZy5iclwvd3AtY29udGVudFwvdXBsb2Fkc1wvMjAyNVwvMDdcL0ltYWdlbS1kby1XaGF0c0FwcC1kZS0yMDI1LTA3LTMxLWFzLTE0LjA3LjUwX2IyNjgxZmVkLmpwZyIsInNsaWRlc2hvdyI6IjczMWI3OTkifQ%3D%3D\" href='https:\/\/santuariodefatimario.org.br\/wp-content\/uploads\/2025\/07\/Imagem-do-WhatsApp-de-2025-07-31-as-14.07.50_b2681fed.jpg'><img loading=\"lazy\" decoding=\"async\" width=\"330\" height=\"350\" src=\"https:\/\/santuariodefatimario.org.br\/wp-content\/uploads\/2025\/07\/Imagem-do-WhatsApp-de-2025-07-31-as-14.07.50_b2681fed-330x350.jpg\" class=\"attachment-post-category-slider-size size-post-category-slider-size\" alt=\"\" \/><\/a>\n\t\t\t<\/div><\/figure>\n\t\t<\/div>\n\t\t<\/div>\n\t\t\t\t\t\t<\/div>\n\t\t\t\t<\/div>\n\t\t\t\t\t<\/div>\n\t\t\t\t<\/div>\n\t\t\t\t<\/div>\n\t\t","protected":false},"excerpt":{"rendered":"<p>Pastoral da Comunica\u00e7\u00e3o \u00e9\u00a0comunh\u00e3o, \u00e9 o\u00a0elo de liga\u00e7\u00e3o entre todos os eventos, pastorais, movimentos, associa\u00e7\u00f5es que tem na comunidade. Ela \u00e9 o\u00a0instrumento\u00a0que d\u00e1 comunh\u00e3o, pulsa\u00e7\u00e3o&hellip;<\/p>\n","protected":false},"author":1,"featured_media":0,"parent":0,"menu_order":0,"comment_status":"closed","ping_status":"closed","template":"","meta":{"footnotes":""},"class_list":["post-54","page","type-page","status-publish","hentry"],"_links":{"self":[{"href":"https:\/\/santuariodefatimario.org.br\/index2.php\/wp-json\/wp\/v2\/pages\/54","targetHints":{"allow":["GET"]}}],"collection":[{"href":"https:\/\/santuariodefatimario.org.br\/index2.php\/wp-json\/wp\/v2\/pages"}],"about":[{"href":"https:\/\/santuariodefatimario.org.br\/index2.php\/wp-json\/wp\/v2\/types\/page"}],"author":[{"embeddable":true,"href":"https:\/\/santuariodefatimario.org.br\/index2.php\/wp-json\/wp\/v2\/users\/1"}],"replies":[{"embeddable":true,"href":"https:\/\/santuariodefatimario.org.br\/index2.php\/wp-json\/wp\/v2\/comments?post=54"}],"version-history":[{"count":11,"href":"https:\/\/santuariodefatimario.org.br\/index2.php\/wp-json\/wp\/v2\/pages\/54\/revisions"}],"predecessor-version":[{"id":1327,"href":"https:\/\/santuariodefatimario.org.br\/index2.php\/wp-json\/wp\/v2\/pages\/54\/revisions\/1327"}],"wp:attachment":[{"href":"https:\/\/santuariodefatimario.org.br\/index2.php\/wp-json\/wp\/v2\/media?parent=54"}],"curies":[{"name":"wp","href":"https:\/\/api.w.org\/{rel}","templated":true}]}}