{"id":55,"date":"2025-02-28T18:54:07","date_gmt":"2025-02-28T18:54:07","guid":{"rendered":"https:\/\/santuariodefatimario.org.br\/?page_id=55"},"modified":"2025-07-31T16:26:20","modified_gmt":"2025-07-31T16:26:20","slug":"saude","status":"publish","type":"page","link":"https:\/\/santuariodefatimario.org.br\/index2.php\/saude\/","title":{"rendered":"Sa\u00fade"},"content":{"rendered":"\t\t<div data-elementor-type=\"wp-page\" data-elementor-id=\"55\" class=\"elementor elementor-55\">\n\t\t\t\t<div class=\"elementor-element elementor-element-26b4f7b9 e-flex e-con-boxed wpr-particle-no wpr-jarallax-no wpr-parallax-no wpr-sticky-section-no wpr-equal-height-no e-con e-parent\" data-id=\"26b4f7b9\" data-element_type=\"container\" data-e-type=\"container\">\n\t\t\t\t\t<div class=\"e-con-inner\">\n\t\t\t\t<div class=\"elementor-element elementor-element-58bc3b2b elementor-widget elementor-widget-text-editor\" data-id=\"58bc3b2b\" data-element_type=\"widget\" data-e-type=\"widget\" data-widget_type=\"text-editor.default\">\n\t\t\t\t<div class=\"elementor-widget-container\">\n\t\t\t\t\t\t\t\t\t\n<p><img decoding=\"async\" class=\" wp-image-1131 aligncenter\" src=\"http:\/\/santuariodefatimario.org.br\/wp-content\/uploads\/2025\/07\/pastoral-da-saude-300x300.png\" alt=\"\" width=\"218\" height=\"218\" srcset=\"https:\/\/santuariodefatimario.org.br\/wp-content\/uploads\/2025\/07\/pastoral-da-saude-300x300.png 300w, https:\/\/santuariodefatimario.org.br\/wp-content\/uploads\/2025\/07\/pastoral-da-saude-1024x1024.png 1024w, https:\/\/santuariodefatimario.org.br\/wp-content\/uploads\/2025\/07\/pastoral-da-saude-150x150.png 150w, https:\/\/santuariodefatimario.org.br\/wp-content\/uploads\/2025\/07\/pastoral-da-saude-768x768.png 768w, https:\/\/santuariodefatimario.org.br\/wp-content\/uploads\/2025\/07\/pastoral-da-saude-1536x1536.png 1536w, https:\/\/santuariodefatimario.org.br\/wp-content\/uploads\/2025\/07\/pastoral-da-saude.png 2000w\" sizes=\"(max-width: 218px) 100vw, 218px\" \/><\/p>\n<p>A Pastoral da Sa\u00fade, de acordo com as diretrizes da CNBB, \u00e9 a a\u00e7\u00e3o evangelizadora de todo o povo de Deus, comprometido a defender promover, preservar, cuidar e celebrar a vida, tornando presente na sociedade de hoje a miss\u00e3o libertadora de Cristo no mundo da sa\u00fade.\u00a0\u00a0<\/p>\n\n<p>\u00c9 seguindo os passos de Jesus Cristo que a Pastoral da Sa\u00fade da Par\u00f3quia Santu\u00e1rio Nossa Senhora de F\u00e1tima do Centro do Rio de Janeiro descobre o seu lugar e import\u00e2ncia na sociedade. A vida \u00e9 o dom mais precioso com que Deus agraciou o ser humano. Proteg\u00ea-la \u00e9 miss\u00e3o sagrada de todos.\u00a0\u00a0<\/p>\n\n<p>Dentro de nosso territ\u00f3rio paroquial h\u00e1 v\u00e1rios hospitais. Por isso, a comunidade do Santu\u00e1rio de F\u00e1tima, orientada pelo p\u00e1roco, sentiu a necessidade de criar uma pastoral da sa\u00fade para prestar assist\u00eancia espiritual mais organizada aos doentes nestes hospitais e apoiar algumas iniciativas que favore\u00e7am pol\u00edticas p\u00fablicas no \u00e2mbito da sa\u00fade.\u00a0<\/p>\n\n<p class=\"has-text-align-center has-large-font-size\"><strong><mark class=\"has-inline-color has-vivid-cyan-blue-color\" style=\"background-color: rgba(0, 0, 0, 0);\">Objetivo Geral<\/mark><\/strong><\/p>\n\n<p>A raz\u00e3o da Pastoral da Sa\u00fade est\u00e1 no fato de que ela existe \u201cpara que todos tenham vida e a tenham em abund\u00e2ncia\u201d (cf.\u00a0Jo\u00a010,10). \u00c9 sua miss\u00e3o evangelizar com renovador ardor o mundo da sa\u00fade, \u00e0 luz da op\u00e7\u00e3o preferencial pelos pobres e enfermos, participando da constru\u00e7\u00e3o de uma sociedade justa e solid\u00e1ria a servi\u00e7o da vida.\u00a0<\/p>\n\n<p>A Pastoral da Sa\u00fade, numa sociedade preocupada com o \u201cter\u201d e o \u201cpoder\u201d, na qual a sa\u00fade \u00e9 vista como mercadoria e as pessoas adoecidas como um peso para o Estado, se torna o instrumento que d\u00e1 visibilidade \u00e0s causas e denuncia a exclus\u00e3o e a marginaliza\u00e7\u00e3o do doente.\u00a0<\/p>\n\n<p class=\"has-text-align-center has-large-font-size\"><strong><mark class=\"has-inline-color has-vivid-cyan-blue-color\" style=\"background-color: rgba(0, 0, 0, 0);\">Objetivos Espec\u00edficos\u00a0<\/mark><\/strong><\/p>\n\n<ul class=\"wp-block-list\">\n<li>Defender a sa\u00fade como um direito fundamental da pessoa, sem distin\u00e7\u00e3o de cor, ra\u00e7a, status ou credo;\u00a0<\/li>\n\n<li>Atender a pessoa integralmente nas dimens\u00f5es f\u00edsica, ps\u00edquica, social e espiritual;\u00a0<\/li>\n<\/ul>\n\n<ul class=\"wp-block-list\">\n<li>Valorizar o conhecimento, sabedoria e religiosidade popular em rela\u00e7\u00e3o \u00e0 sa\u00fade; Respeitar todas as pessoas porque Cristo vive nelas;\u00a0<\/li>\n\n<li>Pensar bem de todo mundo, n\u00e3o pensar mal de ningu\u00e9m.\u00a0 At\u00e9 na pessoa mais m\u00e1, tentar encontrar algo bom;\u00a0\u00a0<\/li>\n\n<li>Falar bem dos outros, n\u00e3o falar mal do pr\u00f3ximo;\u00a0<\/li>\n\n<li>\u00a0Reparar o dano que tenha cometido com as palavras. N\u00e3o semear disc\u00f3rdia entre as pessoas;\u00a0<\/li>\n\n<li>\u00a0Falar\u00a0com as pessoas usando a linguagem do amor. N\u00e3o levantar a voz;\u00a0\u00a0<\/li>\n<\/ul>\n\n<ul class=\"wp-block-list\">\n<li>Ser capaz de perdoar e n\u00e3o guardar rancor;\u00a0<\/li>\n\n<li>Ser o primeiro a estender a m\u00e3o para a reconcilia\u00e7\u00e3o;\u00a0<\/li>\n\n<li>Fazer o bem, do jeito que voc\u00ea gostaria que fizessem com voc\u00ea;\u00a0\u00a0<\/li>\n\n<li>Ser diligente em oferecer consolo, conselho, ajuda e cora\u00e7\u00e3o\u00a0<\/li>\n\n<li>Participar da ajuda social ao pr\u00f3ximo, aos pobres e aos doentes,\u00a0<\/li>\n\n<li>Rezar por todos, inclusive, pelos seus inimigos.<strong>\u00a0<\/strong>\u00a0<\/li>\n<\/ul>\n\n<p class=\"has-text-align-center has-large-font-size\"><strong><mark class=\"has-inline-color has-vivid-cyan-blue-color\" style=\"background-color: rgba(0, 0, 0, 0);\">Os Agentes\u00a0<\/mark><\/strong><\/p>\n\n<p>Qualquer pessoa da comunidade, que se coloca \u00e0 disposi\u00e7\u00e3o de seus semelhantes, contribuindo para pensar formas simples e adequadas para que todos tenham sa\u00fade, pode participar e ser\u00e1 bem-vindo \u00e0 Pastoral da Sa\u00fade. Quem se prop\u00f5e a trabalhar nesta Pastoral deve ser uma pessoa que cultiva pensamentos positivos, alegria e esperan\u00e7a. Deve estar disposto a participar dos encontros, momentos de estudo, cursos, deve preocupar-se com a encultura\u00e7\u00e3o, ter bom relacionamento com as pessoas, enfim, acreditar que seu trabalho ajuda na constru\u00e7\u00e3o de um mundo mais humano, justo e fraterno, onde a sa\u00fade \u00e9 um direito de todos e um dever do Estado.\u00a0<\/p>\n\n<p><strong>Casal Coordenador:<\/strong><\/p>\n\n<p>Hilton Cunha Magnellii<br \/>Gl\u00f3ria Monteiro de Souza<\/p>\n\n<p><strong>Contato<\/strong><\/p>\n\n<p>Email: saude@santuariodefatimario.org<br \/>Telefone: (21) 2232-3640<\/p>\n\n<p><strong>Dia de reuni\u00e3o<\/strong><\/p>\n\n<p>Segunda sexta-feira do m\u00eas, \u00e0s 20hs.<\/p>\n\t\t\t\t\t\t\t\t<\/div>\n\t\t\t\t<\/div>\n\t\t\t\t\t<\/div>\n\t\t\t\t<\/div>\n\t\t\t\t<\/div>\n\t\t","protected":false},"excerpt":{"rendered":"<p>A Pastoral da Sa\u00fade, de acordo com as diretrizes da CNBB, \u00e9 a a\u00e7\u00e3o evangelizadora de todo o povo de Deus, comprometido a defender promover,&hellip;<\/p>\n","protected":false},"author":1,"featured_media":0,"parent":0,"menu_order":0,"comment_status":"closed","ping_status":"closed","template":"","meta":{"footnotes":""},"class_list":["post-55","page","type-page","status-publish","hentry"],"_links":{"self":[{"href":"https:\/\/santuariodefatimario.org.br\/index2.php\/wp-json\/wp\/v2\/pages\/55","targetHints":{"allow":["GET"]}}],"collection":[{"href":"https:\/\/santuariodefatimario.org.br\/index2.php\/wp-json\/wp\/v2\/pages"}],"about":[{"href":"https:\/\/santuariodefatimario.org.br\/index2.php\/wp-json\/wp\/v2\/types\/page"}],"author":[{"embeddable":true,"href":"https:\/\/santuariodefatimario.org.br\/index2.php\/wp-json\/wp\/v2\/users\/1"}],"replies":[{"embeddable":true,"href":"https:\/\/santuariodefatimario.org.br\/index2.php\/wp-json\/wp\/v2\/comments?post=55"}],"version-history":[{"count":8,"href":"https:\/\/santuariodefatimario.org.br\/index2.php\/wp-json\/wp\/v2\/pages\/55\/revisions"}],"predecessor-version":[{"id":1285,"href":"https:\/\/santuariodefatimario.org.br\/index2.php\/wp-json\/wp\/v2\/pages\/55\/revisions\/1285"}],"wp:attachment":[{"href":"https:\/\/santuariodefatimario.org.br\/index2.php\/wp-json\/wp\/v2\/media?parent=55"}],"curies":[{"name":"wp","href":"https:\/\/api.w.org\/{rel}","templated":true}]}}