{"id":57,"date":"2025-02-28T18:54:07","date_gmt":"2025-02-28T18:54:07","guid":{"rendered":"https:\/\/santuariodefatimario.org.br\/?page_id=57"},"modified":"2025-07-27T22:15:01","modified_gmt":"2025-07-27T22:15:01","slug":"alianca-de-casais","status":"publish","type":"page","link":"https:\/\/santuariodefatimario.org.br\/index2.php\/alianca-de-casais\/","title":{"rendered":"Alian\u00e7a de Casais"},"content":{"rendered":"\t\t<div data-elementor-type=\"wp-page\" data-elementor-id=\"57\" class=\"elementor elementor-57\">\n\t\t\t\t<div class=\"elementor-element elementor-element-3bcb287 e-flex e-con-boxed wpr-particle-no wpr-jarallax-no wpr-parallax-no wpr-sticky-section-no wpr-equal-height-no e-con e-parent\" data-id=\"3bcb287\" data-element_type=\"container\" data-e-type=\"container\">\n\t\t\t\t\t<div class=\"e-con-inner\">\n\t\t\t\t<div class=\"elementor-element elementor-element-37ffc873 elementor-widget elementor-widget-text-editor\" data-id=\"37ffc873\" data-element_type=\"widget\" data-e-type=\"widget\" data-widget_type=\"text-editor.default\">\n\t\t\t\t<div class=\"elementor-widget-container\">\n\t\t\t\t\t\t\t\t\t<p class=\"has-text-align-center has-large-font-size\"><img decoding=\"async\" class=\"wp-image-193 aligncenter\" style=\"text-align: left;\" src=\"https:\/\/seashell-zebra-730008.hostingersite.com\/wp-content\/uploads\/2019\/03\/acc.jpg\" alt=\"\" \/><\/p>\n<p class=\"has-text-align-center has-large-font-size\"><strong>Objetivo<\/strong><\/p>\n<p><!-- \/wp:image --><!-- wp:paragraph --><\/p>\n<p>Cuidar dos casais e das fam\u00edlias em todos os n\u00edveis, visando o bom relacionamento conjugal (marido e mulher) e familiar (pais e filhos), e formando a consci\u00eancia de sua responsabilidade social e eclesial.<\/p>\n<p><!-- \/wp:paragraph --><!-- wp:paragraph {\"align\":\"center\",\"fontSize\":\"large\"} --><\/p>\n<p class=\"has-text-align-center has-large-font-size\"><strong><mark class=\"has-inline-color has-vivid-cyan-blue-color\" style=\"background-color: rgba(0, 0, 0, 0);\">Objetivos espec\u00edficos<\/mark><\/strong><\/p>\n<p><!-- \/wp:paragraph --><!-- wp:list --><\/p>\n<ul class=\"wp-block-list\">\n<li style=\"list-style-type: none;\">\n<ul class=\"wp-block-list\"><!-- wp:list-item --><\/ul>\n<\/li>\n<\/ul>\n<ul class=\"wp-block-list\">\n<li style=\"list-style-type: none;\">\n<ul class=\"wp-block-list\">\n<li>Levar os casais a se conhecerem melhor e a descobrirem seus verdadeiros valores, individualmente e como casal.<\/li>\n<\/ul>\n<\/li>\n<\/ul>\n<p><!-- \/wp:list-item --><!-- wp:list-item --><\/p>\n<ul class=\"wp-block-list\">\n<li style=\"list-style-type: none;\">\n<ul class=\"wp-block-list\">\n<li>Oferecer aos casais a consci\u00eancia do valor do matrim\u00f4nio como Sacramento.<\/li>\n<\/ul>\n<\/li>\n<\/ul>\n<p><!-- \/wp:list-item --><!-- wp:list-item --><\/p>\n<ul class=\"wp-block-list\">\n<li style=\"list-style-type: none;\">\n<ul class=\"wp-block-list\">\n<li>Ajudar os casais a constru\u00edrem atrav\u00e9s do di\u00e1logo aberto e sincero, um melhor relacionamento, conscientes de que o matrim\u00f4nio \u00e9 vida a tr\u00eas: marido, mulher e Deus.<\/li>\n<\/ul>\n<\/li>\n<\/ul>\n<p><!-- \/wp:list-item --><!-- wp:list-item --><\/p>\n<ul class=\"wp-block-list\">\n<li style=\"list-style-type: none;\">\n<ul class=\"wp-block-list\">\n<li>Motivar os casais a transmitirem, a outros os valores crist\u00e3os, o que descobriram para suas vidas.<\/li>\n<\/ul>\n<\/li>\n<\/ul>\n<p><!-- \/wp:list-item --><!-- wp:list-item --><\/p>\n<ul class=\"wp-block-list\">\n<li style=\"list-style-type: none;\">\n<ul class=\"wp-block-list\">\n<li>Levar a fam\u00edlia a assumir a sua espec\u00edfica responsabilidade social.<\/li>\n<\/ul>\n<\/li>\n<\/ul>\n<p><!-- \/wp:list-item --><!-- wp:list-item --><\/p>\n<ul class=\"wp-block-list\">\n<li style=\"list-style-type: none;\">\n<ul class=\"wp-block-list\">\n<li>Despertar o interesse do casal pelas coisas de Deus, motivando-os ao engajamento, n\u00e3o s\u00f3 na ACC e nas atividades paroquiais, mas tamb\u00e9m, na evangeliza\u00e7\u00e3o da sociedade.\u00a0\u00a0<\/li>\n<\/ul>\n<\/li>\n<\/ul>\n<p><!-- \/wp:list-item --><\/p>\n<p><!-- \/wp:list --><!-- wp:paragraph {\"align\":\"center\",\"fontSize\":\"large\"} --><\/p>\n<p class=\"has-text-align-center has-large-font-size\"><strong>\u00a0 \u00a0 \u00a0 \u00a0 \u00a0 \u00a0 \u00a0 \u00a0<br \/><mark class=\"has-inline-color has-vivid-cyan-blue-color\" style=\"background-color: rgba(0, 0, 0, 0);\">Dias de encontro<\/mark><\/strong><\/p>\n<p><!-- \/wp:paragraph --><!-- wp:paragraph --><\/p>\n<p>Na primeira quarta-feira de cada m\u00eas \u00e0s 20h00 e no \u00faltimo s\u00e1bado na missa da fam\u00edlia as 19h00\u00a0 \u00a0 \u00a0 \u00a0 \u00a0\u00a0<\/p>\n<p><!-- \/wp:paragraph --><!-- wp:paragraph {\"align\":\"center\",\"fontSize\":\"large\"} --><\/p>\n<p class=\"has-text-align-center has-large-font-size\"><strong><mark class=\"has-inline-color has-vivid-cyan-blue-color\" style=\"background-color: rgba(0, 0, 0, 0);\">Contato<\/mark><\/strong><\/p>\n<p><!-- \/wp:paragraph --><!-- wp:paragraph --><\/p>\n<p><strong>Coordenador Geral:<\/strong>\u00a0Jos\u00e9 Carlos e F\u00e1tima Benincaza<br \/><strong>Casal auxiliar:<\/strong>\u00a0Sandra e Eug\u00eanio<br \/><strong>E-mail:<\/strong>\u00a0acc@santuariodefatimario.org<\/p>\n<p><!-- \/wp:paragraph --><!-- wp:paragraph --><\/p>\n<p><!-- \/wp:paragraph --><\/p>\t\t\t\t\t\t\t\t<\/div>\n\t\t\t\t<\/div>\n\t\t\t\t\t<\/div>\n\t\t\t\t<\/div>\n\t\t<div class=\"elementor-element elementor-element-8caf2fd e-flex e-con-boxed wpr-particle-no wpr-jarallax-no wpr-parallax-no wpr-sticky-section-no wpr-equal-height-no e-con e-parent\" data-id=\"8caf2fd\" data-element_type=\"container\" data-e-type=\"container\">\n\t\t\t\t\t<div class=\"e-con-inner\">\n\t\t\t\t<div class=\"elementor-element elementor-element-d82e044 gallery-spacing-custom elementor-widget elementor-widget-image-gallery\" data-id=\"d82e044\" data-element_type=\"widget\" data-e-type=\"widget\" data-widget_type=\"image-gallery.default\">\n\t\t\t\t<div class=\"elementor-widget-container\">\n\t\t\t\t\t\t\t<div class=\"elementor-image-gallery\">\n\t\t\t<div id='gallery-1' class='gallery galleryid-57 gallery-columns-3 gallery-size-post-category-slider-size'><figure class='gallery-item'>\n\t\t\t<div class='gallery-icon landscape'>\n\t\t\t\t<a data-elementor-open-lightbox=\"yes\" data-elementor-lightbox-slideshow=\"d82e044\" data-elementor-lightbox-title=\"IMG-20190729-WA0060-1\" data-e-action-hash=\"#elementor-action%3Aaction%3Dlightbox%26settings%3DeyJpZCI6OTk3LCJ1cmwiOiJodHRwczpcL1wvc2FudHVhcmlvZGVmYXRpbWFyaW8ub3JnLmJyXC93cC1jb250ZW50XC91cGxvYWRzXC8yMDIzXC8xMVwvSU1HLTIwMTkwNzI5LVdBMDA2MC0xLmpwZyIsInNsaWRlc2hvdyI6ImQ4MmUwNDQifQ%3D%3D\" href='https:\/\/santuariodefatimario.org.br\/wp-content\/uploads\/2023\/11\/IMG-20190729-WA0060-1.jpg'><img fetchpriority=\"high\" decoding=\"async\" width=\"330\" height=\"350\" src=\"https:\/\/santuariodefatimario.org.br\/wp-content\/uploads\/2023\/11\/IMG-20190729-WA0060-1-330x350.jpg\" class=\"attachment-post-category-slider-size size-post-category-slider-size\" alt=\"\" \/><\/a>\n\t\t\t<\/div><\/figure><figure class='gallery-item'>\n\t\t\t<div class='gallery-icon landscape'>\n\t\t\t\t<a data-elementor-open-lightbox=\"yes\" data-elementor-lightbox-slideshow=\"d82e044\" data-elementor-lightbox-title=\"IMG-20190729-WA0049\" data-e-action-hash=\"#elementor-action%3Aaction%3Dlightbox%26settings%3DeyJpZCI6OTk0LCJ1cmwiOiJodHRwczpcL1wvc2FudHVhcmlvZGVmYXRpbWFyaW8ub3JnLmJyXC93cC1jb250ZW50XC91cGxvYWRzXC8yMDIzXC8xMVwvSU1HLTIwMTkwNzI5LVdBMDA0OS5qcGciLCJzbGlkZXNob3ciOiJkODJlMDQ0In0%3D\" href='https:\/\/santuariodefatimario.org.br\/wp-content\/uploads\/2023\/11\/IMG-20190729-WA0049.jpg'><img decoding=\"async\" width=\"330\" height=\"350\" src=\"https:\/\/santuariodefatimario.org.br\/wp-content\/uploads\/2023\/11\/IMG-20190729-WA0049-330x350.jpg\" class=\"attachment-post-category-slider-size size-post-category-slider-size\" alt=\"\" \/><\/a>\n\t\t\t<\/div><\/figure><figure class='gallery-item'>\n\t\t\t<div class='gallery-icon portrait'>\n\t\t\t\t<a data-elementor-open-lightbox=\"yes\" data-elementor-lightbox-slideshow=\"d82e044\" data-elementor-lightbox-title=\"IMG-20190729-WA0042-1\" data-e-action-hash=\"#elementor-action%3Aaction%3Dlightbox%26settings%3DeyJpZCI6OTg3LCJ1cmwiOiJodHRwczpcL1wvc2FudHVhcmlvZGVmYXRpbWFyaW8ub3JnLmJyXC93cC1jb250ZW50XC91cGxvYWRzXC8yMDIzXC8xMVwvSU1HLTIwMTkwNzI5LVdBMDA0Mi0xLmpwZyIsInNsaWRlc2hvdyI6ImQ4MmUwNDQifQ%3D%3D\" href='https:\/\/santuariodefatimario.org.br\/wp-content\/uploads\/2023\/11\/IMG-20190729-WA0042-1.jpg'><img decoding=\"async\" width=\"330\" height=\"350\" src=\"https:\/\/santuariodefatimario.org.br\/wp-content\/uploads\/2023\/11\/IMG-20190729-WA0042-1-330x350.jpg\" class=\"attachment-post-category-slider-size size-post-category-slider-size\" alt=\"\" \/><\/a>\n\t\t\t<\/div><\/figure><figure class='gallery-item'>\n\t\t\t<div class='gallery-icon landscape'>\n\t\t\t\t<a data-elementor-open-lightbox=\"yes\" data-elementor-lightbox-slideshow=\"d82e044\" data-elementor-lightbox-title=\"IMG-20190729-WA0045\" data-e-action-hash=\"#elementor-action%3Aaction%3Dlightbox%26settings%3DeyJpZCI6OTkwLCJ1cmwiOiJodHRwczpcL1wvc2FudHVhcmlvZGVmYXRpbWFyaW8ub3JnLmJyXC93cC1jb250ZW50XC91cGxvYWRzXC8yMDIzXC8xMVwvSU1HLTIwMTkwNzI5LVdBMDA0NS5qcGciLCJzbGlkZXNob3ciOiJkODJlMDQ0In0%3D\" href='https:\/\/santuariodefatimario.org.br\/wp-content\/uploads\/2023\/11\/IMG-20190729-WA0045.jpg'><img loading=\"lazy\" decoding=\"async\" width=\"330\" height=\"350\" src=\"https:\/\/santuariodefatimario.org.br\/wp-content\/uploads\/2023\/11\/IMG-20190729-WA0045-330x350.jpg\" class=\"attachment-post-category-slider-size size-post-category-slider-size\" alt=\"\" \/><\/a>\n\t\t\t<\/div><\/figure><figure class='gallery-item'>\n\t\t\t<div class='gallery-icon landscape'>\n\t\t\t\t<a data-elementor-open-lightbox=\"yes\" data-elementor-lightbox-slideshow=\"d82e044\" data-elementor-lightbox-title=\"IMG-20190729-WA0033-1\" data-e-action-hash=\"#elementor-action%3Aaction%3Dlightbox%26settings%3DeyJpZCI6OTg1LCJ1cmwiOiJodHRwczpcL1wvc2FudHVhcmlvZGVmYXRpbWFyaW8ub3JnLmJyXC93cC1jb250ZW50XC91cGxvYWRzXC8yMDIzXC8xMVwvSU1HLTIwMTkwNzI5LVdBMDAzMy0xLmpwZyIsInNsaWRlc2hvdyI6ImQ4MmUwNDQifQ%3D%3D\" href='https:\/\/santuariodefatimario.org.br\/wp-content\/uploads\/2023\/11\/IMG-20190729-WA0033-1.jpg'><img loading=\"lazy\" decoding=\"async\" width=\"330\" height=\"350\" src=\"https:\/\/santuariodefatimario.org.br\/wp-content\/uploads\/2023\/11\/IMG-20190729-WA0033-1-330x350.jpg\" class=\"attachment-post-category-slider-size size-post-category-slider-size\" alt=\"\" \/><\/a>\n\t\t\t<\/div><\/figure><figure class='gallery-item'>\n\t\t\t<div class='gallery-icon landscape'>\n\t\t\t\t<a data-elementor-open-lightbox=\"yes\" data-elementor-lightbox-slideshow=\"d82e044\" data-elementor-lightbox-title=\"ACC-Site\" data-e-action-hash=\"#elementor-action%3Aaction%3Dlightbox%26settings%3DeyJpZCI6OTg0LCJ1cmwiOiJodHRwczpcL1wvc2FudHVhcmlvZGVmYXRpbWFyaW8ub3JnLmJyXC93cC1jb250ZW50XC91cGxvYWRzXC8yMDIzXC8xMVwvQUNDLVNpdGUuanBnIiwic2xpZGVzaG93IjoiZDgyZTA0NCJ9\" href='https:\/\/santuariodefatimario.org.br\/wp-content\/uploads\/2023\/11\/ACC-Site.jpg'><img loading=\"lazy\" decoding=\"async\" width=\"330\" height=\"350\" src=\"https:\/\/santuariodefatimario.org.br\/wp-content\/uploads\/2023\/11\/ACC-Site-330x350.jpg\" class=\"attachment-post-category-slider-size size-post-category-slider-size\" alt=\"\" \/><\/a>\n\t\t\t<\/div><\/figure><figure class='gallery-item'>\n\t\t\t<div class='gallery-icon landscape'>\n\t\t\t\t<a data-elementor-open-lightbox=\"yes\" data-elementor-lightbox-slideshow=\"d82e044\" data-elementor-lightbox-title=\"074f1a21-9c6b-42fa-abdf-62938115dc46\" data-e-action-hash=\"#elementor-action%3Aaction%3Dlightbox%26settings%3DeyJpZCI6OTgwLCJ1cmwiOiJodHRwczpcL1wvc2FudHVhcmlvZGVmYXRpbWFyaW8ub3JnLmJyXC93cC1jb250ZW50XC91cGxvYWRzXC8yMDIzXC8xMVwvMDc0ZjFhMjEtOWM2Yi00MmZhLWFiZGYtNjI5MzgxMTVkYzQ2LmpwZyIsInNsaWRlc2hvdyI6ImQ4MmUwNDQifQ%3D%3D\" href='https:\/\/santuariodefatimario.org.br\/wp-content\/uploads\/2023\/11\/074f1a21-9c6b-42fa-abdf-62938115dc46.jpg'><img loading=\"lazy\" decoding=\"async\" width=\"330\" height=\"350\" src=\"https:\/\/santuariodefatimario.org.br\/wp-content\/uploads\/2023\/11\/074f1a21-9c6b-42fa-abdf-62938115dc46-330x350.jpg\" class=\"attachment-post-category-slider-size size-post-category-slider-size\" alt=\"\" \/><\/a>\n\t\t\t<\/div><\/figure><figure class='gallery-item'>\n\t\t\t<div class='gallery-icon portrait'>\n\t\t\t\t<a data-elementor-open-lightbox=\"yes\" data-elementor-lightbox-slideshow=\"d82e044\" data-elementor-lightbox-title=\"thumbnail-4\" data-e-action-hash=\"#elementor-action%3Aaction%3Dlightbox%26settings%3DeyJpZCI6OTA3LCJ1cmwiOiJodHRwczpcL1wvc2FudHVhcmlvZGVmYXRpbWFyaW8ub3JnLmJyXC93cC1jb250ZW50XC91cGxvYWRzXC8yMDE5XC8wN1wvdGh1bWJuYWlsLTQuanBnIiwic2xpZGVzaG93IjoiZDgyZTA0NCJ9\" href='https:\/\/santuariodefatimario.org.br\/wp-content\/uploads\/2019\/07\/thumbnail-4.jpg'><img loading=\"lazy\" decoding=\"async\" width=\"330\" height=\"350\" src=\"https:\/\/santuariodefatimario.org.br\/wp-content\/uploads\/2019\/07\/thumbnail-4-330x350.jpg\" class=\"attachment-post-category-slider-size size-post-category-slider-size\" alt=\"\" \/><\/a>\n\t\t\t<\/div><\/figure><figure class='gallery-item'>\n\t\t\t<div class='gallery-icon portrait'>\n\t\t\t\t<a data-elementor-open-lightbox=\"yes\" data-elementor-lightbox-slideshow=\"d82e044\" data-elementor-lightbox-title=\"thumbnail-5\" data-e-action-hash=\"#elementor-action%3Aaction%3Dlightbox%26settings%3DeyJpZCI6OTA4LCJ1cmwiOiJodHRwczpcL1wvc2FudHVhcmlvZGVmYXRpbWFyaW8ub3JnLmJyXC93cC1jb250ZW50XC91cGxvYWRzXC8yMDE5XC8wN1wvdGh1bWJuYWlsLTUuanBnIiwic2xpZGVzaG93IjoiZDgyZTA0NCJ9\" href='https:\/\/santuariodefatimario.org.br\/wp-content\/uploads\/2019\/07\/thumbnail-5.jpg'><img loading=\"lazy\" decoding=\"async\" width=\"330\" height=\"350\" src=\"https:\/\/santuariodefatimario.org.br\/wp-content\/uploads\/2019\/07\/thumbnail-5-330x350.jpg\" class=\"attachment-post-category-slider-size size-post-category-slider-size\" alt=\"\" \/><\/a>\n\t\t\t<\/div><\/figure><figure class='gallery-item'>\n\t\t\t<div class='gallery-icon portrait'>\n\t\t\t\t<a data-elementor-open-lightbox=\"yes\" data-elementor-lightbox-slideshow=\"d82e044\" data-elementor-lightbox-title=\"thumbnail-16\" data-e-action-hash=\"#elementor-action%3Aaction%3Dlightbox%26settings%3DeyJpZCI6OTAzLCJ1cmwiOiJodHRwczpcL1wvc2FudHVhcmlvZGVmYXRpbWFyaW8ub3JnLmJyXC93cC1jb250ZW50XC91cGxvYWRzXC8yMDE5XC8wN1wvdGh1bWJuYWlsLTE2LmpwZyIsInNsaWRlc2hvdyI6ImQ4MmUwNDQifQ%3D%3D\" href='https:\/\/santuariodefatimario.org.br\/wp-content\/uploads\/2019\/07\/thumbnail-16.jpg'><img loading=\"lazy\" decoding=\"async\" width=\"330\" height=\"350\" src=\"https:\/\/santuariodefatimario.org.br\/wp-content\/uploads\/2019\/07\/thumbnail-16-330x350.jpg\" class=\"attachment-post-category-slider-size size-post-category-slider-size\" alt=\"\" \/><\/a>\n\t\t\t<\/div><\/figure><figure class='gallery-item'>\n\t\t\t<div class='gallery-icon landscape'>\n\t\t\t\t<a data-elementor-open-lightbox=\"yes\" data-elementor-lightbox-slideshow=\"d82e044\" data-elementor-lightbox-title=\"thumbnail-6\" data-e-action-hash=\"#elementor-action%3Aaction%3Dlightbox%26settings%3DeyJpZCI6OTA5LCJ1cmwiOiJodHRwczpcL1wvc2FudHVhcmlvZGVmYXRpbWFyaW8ub3JnLmJyXC93cC1jb250ZW50XC91cGxvYWRzXC8yMDE5XC8wN1wvdGh1bWJuYWlsLTYuanBnIiwic2xpZGVzaG93IjoiZDgyZTA0NCJ9\" href='https:\/\/santuariodefatimario.org.br\/wp-content\/uploads\/2019\/07\/thumbnail-6.jpg'><img loading=\"lazy\" decoding=\"async\" width=\"330\" height=\"350\" src=\"https:\/\/santuariodefatimario.org.br\/wp-content\/uploads\/2019\/07\/thumbnail-6-330x350.jpg\" class=\"attachment-post-category-slider-size size-post-category-slider-size\" alt=\"\" \/><\/a>\n\t\t\t<\/div><\/figure><figure class='gallery-item'>\n\t\t\t<div class='gallery-icon landscape'>\n\t\t\t\t<a data-elementor-open-lightbox=\"yes\" data-elementor-lightbox-slideshow=\"d82e044\" data-elementor-lightbox-title=\"thumbnail-3\" data-e-action-hash=\"#elementor-action%3Aaction%3Dlightbox%26settings%3DeyJpZCI6OTA2LCJ1cmwiOiJodHRwczpcL1wvc2FudHVhcmlvZGVmYXRpbWFyaW8ub3JnLmJyXC93cC1jb250ZW50XC91cGxvYWRzXC8yMDE5XC8wN1wvdGh1bWJuYWlsLTMuanBnIiwic2xpZGVzaG93IjoiZDgyZTA0NCJ9\" href='https:\/\/santuariodefatimario.org.br\/wp-content\/uploads\/2019\/07\/thumbnail-3.jpg'><img loading=\"lazy\" decoding=\"async\" width=\"330\" height=\"350\" src=\"https:\/\/santuariodefatimario.org.br\/wp-content\/uploads\/2019\/07\/thumbnail-3-330x350.jpg\" class=\"attachment-post-category-slider-size size-post-category-slider-size\" alt=\"\" \/><\/a>\n\t\t\t<\/div><\/figure><figure class='gallery-item'>\n\t\t\t<div class='gallery-icon landscape'>\n\t\t\t\t<a data-elementor-open-lightbox=\"yes\" data-elementor-lightbox-slideshow=\"d82e044\" data-elementor-lightbox-title=\"thumbnail-12\" data-e-action-hash=\"#elementor-action%3Aaction%3Dlightbox%26settings%3DeyJpZCI6ODk5LCJ1cmwiOiJodHRwczpcL1wvc2FudHVhcmlvZGVmYXRpbWFyaW8ub3JnLmJyXC93cC1jb250ZW50XC91cGxvYWRzXC8yMDE5XC8wN1wvdGh1bWJuYWlsLTEyLmpwZyIsInNsaWRlc2hvdyI6ImQ4MmUwNDQifQ%3D%3D\" href='https:\/\/santuariodefatimario.org.br\/wp-content\/uploads\/2019\/07\/thumbnail-12.jpg'><img loading=\"lazy\" decoding=\"async\" width=\"330\" height=\"350\" src=\"https:\/\/santuariodefatimario.org.br\/wp-content\/uploads\/2019\/07\/thumbnail-12-330x350.jpg\" class=\"attachment-post-category-slider-size size-post-category-slider-size\" alt=\"\" \/><\/a>\n\t\t\t<\/div><\/figure><figure class='gallery-item'>\n\t\t\t<div class='gallery-icon portrait'>\n\t\t\t\t<a data-elementor-open-lightbox=\"yes\" data-elementor-lightbox-slideshow=\"d82e044\" data-elementor-lightbox-title=\"IMG-20190729-WA0052\" data-e-action-hash=\"#elementor-action%3Aaction%3Dlightbox%26settings%3DeyJpZCI6OTk2LCJ1cmwiOiJodHRwczpcL1wvc2FudHVhcmlvZGVmYXRpbWFyaW8ub3JnLmJyXC93cC1jb250ZW50XC91cGxvYWRzXC8yMDIzXC8xMVwvSU1HLTIwMTkwNzI5LVdBMDA1Mi5qcGciLCJzbGlkZXNob3ciOiJkODJlMDQ0In0%3D\" href='https:\/\/santuariodefatimario.org.br\/wp-content\/uploads\/2023\/11\/IMG-20190729-WA0052.jpg'><img loading=\"lazy\" decoding=\"async\" width=\"330\" height=\"350\" src=\"https:\/\/santuariodefatimario.org.br\/wp-content\/uploads\/2023\/11\/IMG-20190729-WA0052-330x350.jpg\" class=\"attachment-post-category-slider-size size-post-category-slider-size\" alt=\"\" \/><\/a>\n\t\t\t<\/div><\/figure><figure class='gallery-item'>\n\t\t\t<div class='gallery-icon landscape'>\n\t\t\t\t<a data-elementor-open-lightbox=\"yes\" data-elementor-lightbox-slideshow=\"d82e044\" data-elementor-lightbox-title=\"thumbnail-1\" data-e-action-hash=\"#elementor-action%3Aaction%3Dlightbox%26settings%3DeyJpZCI6ODk2LCJ1cmwiOiJodHRwczpcL1wvc2FudHVhcmlvZGVmYXRpbWFyaW8ub3JnLmJyXC93cC1jb250ZW50XC91cGxvYWRzXC8yMDE5XC8wN1wvdGh1bWJuYWlsLTEuanBnIiwic2xpZGVzaG93IjoiZDgyZTA0NCJ9\" href='https:\/\/santuariodefatimario.org.br\/wp-content\/uploads\/2019\/07\/thumbnail-1.jpg'><img loading=\"lazy\" decoding=\"async\" width=\"330\" height=\"350\" src=\"https:\/\/santuariodefatimario.org.br\/wp-content\/uploads\/2019\/07\/thumbnail-1-330x350.jpg\" class=\"attachment-post-category-slider-size size-post-category-slider-size\" alt=\"\" \/><\/a>\n\t\t\t<\/div><\/figure>\n\t\t<\/div>\n\t\t<\/div>\n\t\t\t\t\t\t<\/div>\n\t\t\t\t<\/div>\n\t\t\t\t\t<\/div>\n\t\t\t\t<\/div>\n\t\t\t\t<\/div>\n\t\t","protected":false},"excerpt":{"rendered":"<p>Objetivo Cuidar dos casais e das fam\u00edlias em todos os n\u00edveis, visando o bom relacionamento conjugal (marido e mulher) e familiar (pais e filhos), e&hellip;<\/p>\n","protected":false},"author":1,"featured_media":0,"parent":0,"menu_order":0,"comment_status":"closed","ping_status":"closed","template":"","meta":{"footnotes":""},"class_list":["post-57","page","type-page","status-publish","hentry"],"_links":{"self":[{"href":"https:\/\/santuariodefatimario.org.br\/index2.php\/wp-json\/wp\/v2\/pages\/57","targetHints":{"allow":["GET"]}}],"collection":[{"href":"https:\/\/santuariodefatimario.org.br\/index2.php\/wp-json\/wp\/v2\/pages"}],"about":[{"href":"https:\/\/santuariodefatimario.org.br\/index2.php\/wp-json\/wp\/v2\/types\/page"}],"author":[{"embeddable":true,"href":"https:\/\/santuariodefatimario.org.br\/index2.php\/wp-json\/wp\/v2\/users\/1"}],"replies":[{"embeddable":true,"href":"https:\/\/santuariodefatimario.org.br\/index2.php\/wp-json\/wp\/v2\/comments?post=57"}],"version-history":[{"count":19,"href":"https:\/\/santuariodefatimario.org.br\/index2.php\/wp-json\/wp\/v2\/pages\/57\/revisions"}],"predecessor-version":[{"id":1146,"href":"https:\/\/santuariodefatimario.org.br\/index2.php\/wp-json\/wp\/v2\/pages\/57\/revisions\/1146"}],"wp:attachment":[{"href":"https:\/\/santuariodefatimario.org.br\/index2.php\/wp-json\/wp\/v2\/media?parent=57"}],"curies":[{"name":"wp","href":"https:\/\/api.w.org\/{rel}","templated":true}]}}