{"id":58,"date":"2025-02-28T18:54:07","date_gmt":"2025-02-28T18:54:07","guid":{"rendered":"https:\/\/santuariodefatimario.org.br\/?page_id=58"},"modified":"2025-07-27T21:21:44","modified_gmt":"2025-07-27T21:21:44","slug":"apostolado-da-oracao","status":"publish","type":"page","link":"https:\/\/santuariodefatimario.org.br\/index2.php\/apostolado-da-oracao\/","title":{"rendered":"Apostolado da ora\u00e7\u00e3o"},"content":{"rendered":"\t\t<div data-elementor-type=\"wp-page\" data-elementor-id=\"58\" class=\"elementor elementor-58\">\n\t\t\t\t<div class=\"elementor-element elementor-element-56d6af08 e-flex e-con-boxed wpr-particle-no wpr-jarallax-no wpr-parallax-no wpr-sticky-section-no wpr-equal-height-no e-con e-parent\" data-id=\"56d6af08\" data-element_type=\"container\" data-e-type=\"container\">\n\t\t\t\t\t<div class=\"e-con-inner\">\n\t\t\t\t<div class=\"elementor-element elementor-element-30b8429a elementor-widget elementor-widget-text-editor\" data-id=\"30b8429a\" data-element_type=\"widget\" data-e-type=\"widget\" data-widget_type=\"text-editor.default\">\n\t\t\t\t<div class=\"elementor-widget-container\">\n\t\t\t\t\t\t\t\t\t<p class=\"has-text-align-center has-large-font-size\"><strong><mark class=\"has-inline-color has-vivid-cyan-blue-color\" style=\"background-color: rgba(0, 0, 0, 0);\"><img decoding=\"async\" class=\"size-medium wp-image-1064 aligncenter\" src=\"http:\/\/santuariodefatimario.org.br\/wp-content\/uploads\/2025\/07\/Apostolado-300x96.webp\" alt=\"\" width=\"300\" height=\"96\" srcset=\"https:\/\/santuariodefatimario.org.br\/wp-content\/uploads\/2025\/07\/Apostolado-300x96.webp 300w, https:\/\/santuariodefatimario.org.br\/wp-content\/uploads\/2025\/07\/Apostolado-768x245.webp 768w, https:\/\/santuariodefatimario.org.br\/wp-content\/uploads\/2025\/07\/Apostolado.webp 1024w\" sizes=\"(max-width: 300px) 100vw, 300px\" \/><\/mark><\/strong><\/p>\n<p class=\"has-text-align-center has-large-font-size\"><strong><mark class=\"has-inline-color has-vivid-cyan-blue-color\" style=\"background-color: rgba(0, 0, 0, 0);\">Hist\u00f3ria<\/mark><\/strong><\/p>\n<p><!-- \/wp:paragraph --><!-- wp:paragraph --><\/p>\n<p>O Apostolado logo se espalhou por todo o mundo e chegou ao Brasil atrav\u00e9s de dois mission\u00e1rios jesu\u00edtas. O Pe. Bento Schembri, fundou em Recife o 1\u00ba centro do AO em 1867 e poucos anos depois em 1871, em Itu, o Pe. Bartolomeu Taddei fundou o centro do AO que espalhou ramos por todo o pa\u00eds. Por essa raz\u00e3o, o Pe. B. Taddei \u00e9 considerado o fundador e o propagador no Brasil. Nomeado Diretor Nacional, Pe. Taddei estendeu o AO a todos os estados, de tal forma que o Cardeal D. Sebasti\u00e3o Leme afirmou que o \u201crenascimento espiritual do Brasil \u00e9 obra do AO\u201d.<\/p>\n<p><!-- \/wp:paragraph --><!-- wp:paragraph --><\/p>\n<p>No dia 1\u00ba de junho de 1896, Pe. Taddei conseguiu superar todas as dificuldades e lan\u00e7ar o primeiro n\u00famero da revista Mensageiro do Cora\u00e7\u00e3o de Jesus, como revista de forma\u00e7\u00e3o crist\u00e3 e \u00f3rg\u00e3o oficial do AO. Al\u00e9m disso, com a colabora\u00e7\u00e3o fervorosa do AO, Pe. Taddei realizou o Primeiro Congresso Cat\u00f3lico Brasileiro, em 1900, na Bahia, completado com o Congresso de S\u00e3o Paulo e o do Rio de Janeiro. Esses congressos preparam o caminho para a A\u00e7\u00e3o Cat\u00f3lica e para a A\u00e7\u00e3o Social em nosso pa\u00eds.<\/p>\n<p><!-- \/wp:paragraph --><!-- wp:paragraph --><\/p>\n<p>Intensificando a vida eucar\u00edstica e a devo\u00e7\u00e3o ao Sagrado Cora\u00e7\u00e3o de Jesus, o AO revitalizou por toda a parte a pr\u00e1tica da religi\u00e3o, tanto individualmente como nas fam\u00edlias (por meio da consagra\u00e7\u00e3o das fam\u00edlias), atrav\u00e9s da consagra\u00e7\u00e3o de munic\u00edpios, de cidades, de estados e de todo o Brasil. A consagra\u00e7\u00e3o do nosso pa\u00eds ao Sagrado Cora\u00e7\u00e3o de Jesus foi realizada oficialmente por ocasi\u00e3o do 36\u00ba Congresso Eucar\u00edstico Internacional celebrado em 1956 no Rio de Janeiro.<\/p>\n<p><!-- \/wp:paragraph --><!-- wp:paragraph --><\/p>\n<p>Pe. Taddei faleceu dia 3 de junho de 1913, m Itu, junto ao Santu\u00e1rio do Cora\u00e7\u00e3o de Jesus, por ele edificado, deixando em pleno funcionamento 1.290 centros do AO espalhados por todo o Brasil, com milhares de associados.<\/p>\n<p><!-- \/wp:paragraph --><!-- wp:paragraph --><\/p>\n<p><strong>Coordena\u00e7\u00e3o:<br \/><\/strong>Adilma Lopes<\/p>\n<p><!-- \/wp:paragraph --><!-- wp:paragraph --><\/p>\n<p><strong>E-mail:\u00a0<\/strong>apostolado@santuariodefatimario.org\u00a0<\/p>\n<p><!-- \/wp:paragraph --><!-- wp:paragraph --><\/p>\n<p><strong>Dias de encontro: U<\/strong>ltima sexta-feira de cada m\u00eas<\/p>\n<p><!-- \/wp:paragraph --><\/p>\t\t\t\t\t\t\t\t<\/div>\n\t\t\t\t<\/div>\n\t\t\t\t\t<\/div>\n\t\t\t\t<\/div>\n\t\t<div class=\"elementor-element elementor-element-26df298 e-flex e-con-boxed wpr-particle-no wpr-jarallax-no wpr-parallax-no wpr-sticky-section-no wpr-equal-height-no e-con e-parent\" data-id=\"26df298\" data-element_type=\"container\" data-e-type=\"container\">\n\t\t\t\t\t<div class=\"e-con-inner\">\n\t\t\t\t<div class=\"elementor-element elementor-element-804920f gallery-spacing-custom elementor-widget elementor-widget-image-gallery\" data-id=\"804920f\" data-element_type=\"widget\" data-e-type=\"widget\" data-widget_type=\"image-gallery.default\">\n\t\t\t\t<div class=\"elementor-widget-container\">\n\t\t\t\t\t\t\t<div class=\"elementor-image-gallery\">\n\t\t\t<div id='gallery-1' class='gallery galleryid-58 gallery-columns-5 gallery-size-post-category-slider-size'><figure class='gallery-item'>\n\t\t\t<div class='gallery-icon landscape'>\n\t\t\t\t<a data-elementor-open-lightbox=\"yes\" data-elementor-lightbox-slideshow=\"804920f\" data-elementor-lightbox-title=\"IMG_7420\" data-e-action-hash=\"#elementor-action%3Aaction%3Dlightbox%26settings%3DeyJpZCI6ODk0LCJ1cmwiOiJodHRwczpcL1wvc2FudHVhcmlvZGVmYXRpbWFyaW8ub3JnLmJyXC93cC1jb250ZW50XC91cGxvYWRzXC8yMDE5XC8wN1wvSU1HXzc0MjAtc2NhbGVkLmpwZyIsInNsaWRlc2hvdyI6IjgwNDkyMGYifQ%3D%3D\" href='https:\/\/santuariodefatimario.org.br\/wp-content\/uploads\/2019\/07\/IMG_7420-scaled.jpg'><img fetchpriority=\"high\" decoding=\"async\" width=\"330\" height=\"350\" src=\"https:\/\/santuariodefatimario.org.br\/wp-content\/uploads\/2019\/07\/IMG_7420-330x350.jpg\" class=\"attachment-post-category-slider-size size-post-category-slider-size\" alt=\"\" \/><\/a>\n\t\t\t<\/div><\/figure><figure class='gallery-item'>\n\t\t\t<div class='gallery-icon landscape'>\n\t\t\t\t<a data-elementor-open-lightbox=\"yes\" data-elementor-lightbox-slideshow=\"804920f\" data-elementor-lightbox-title=\"IMG_7385\" data-e-action-hash=\"#elementor-action%3Aaction%3Dlightbox%26settings%3DeyJpZCI6ODkzLCJ1cmwiOiJodHRwczpcL1wvc2FudHVhcmlvZGVmYXRpbWFyaW8ub3JnLmJyXC93cC1jb250ZW50XC91cGxvYWRzXC8yMDE5XC8wN1wvSU1HXzczODUtc2NhbGVkLmpwZyIsInNsaWRlc2hvdyI6IjgwNDkyMGYifQ%3D%3D\" href='https:\/\/santuariodefatimario.org.br\/wp-content\/uploads\/2019\/07\/IMG_7385-scaled.jpg'><img decoding=\"async\" width=\"330\" height=\"350\" src=\"https:\/\/santuariodefatimario.org.br\/wp-content\/uploads\/2019\/07\/IMG_7385-330x350.jpg\" class=\"attachment-post-category-slider-size size-post-category-slider-size\" alt=\"\" \/><\/a>\n\t\t\t<\/div><\/figure><figure class='gallery-item'>\n\t\t\t<div class='gallery-icon landscape'>\n\t\t\t\t<a data-elementor-open-lightbox=\"yes\" data-elementor-lightbox-slideshow=\"804920f\" data-elementor-lightbox-title=\"IMG_7382\" data-e-action-hash=\"#elementor-action%3Aaction%3Dlightbox%26settings%3DeyJpZCI6ODkxLCJ1cmwiOiJodHRwczpcL1wvc2FudHVhcmlvZGVmYXRpbWFyaW8ub3JnLmJyXC93cC1jb250ZW50XC91cGxvYWRzXC8yMDE5XC8wN1wvSU1HXzczODItc2NhbGVkLmpwZyIsInNsaWRlc2hvdyI6IjgwNDkyMGYifQ%3D%3D\" href='https:\/\/santuariodefatimario.org.br\/wp-content\/uploads\/2019\/07\/IMG_7382-scaled.jpg'><img loading=\"lazy\" decoding=\"async\" width=\"330\" height=\"350\" src=\"https:\/\/santuariodefatimario.org.br\/wp-content\/uploads\/2019\/07\/IMG_7382-330x350.jpg\" class=\"attachment-post-category-slider-size size-post-category-slider-size\" alt=\"\" \/><\/a>\n\t\t\t<\/div><\/figure><figure class='gallery-item'>\n\t\t\t<div class='gallery-icon landscape'>\n\t\t\t\t<a data-elementor-open-lightbox=\"yes\" data-elementor-lightbox-slideshow=\"804920f\" data-elementor-lightbox-title=\"IMG_7362\" data-e-action-hash=\"#elementor-action%3Aaction%3Dlightbox%26settings%3DeyJpZCI6ODg4LCJ1cmwiOiJodHRwczpcL1wvc2FudHVhcmlvZGVmYXRpbWFyaW8ub3JnLmJyXC93cC1jb250ZW50XC91cGxvYWRzXC8yMDE5XC8wN1wvSU1HXzczNjItc2NhbGVkLmpwZyIsInNsaWRlc2hvdyI6IjgwNDkyMGYifQ%3D%3D\" href='https:\/\/santuariodefatimario.org.br\/wp-content\/uploads\/2019\/07\/IMG_7362-scaled.jpg'><img loading=\"lazy\" decoding=\"async\" width=\"330\" height=\"350\" src=\"https:\/\/santuariodefatimario.org.br\/wp-content\/uploads\/2019\/07\/IMG_7362-330x350.jpg\" class=\"attachment-post-category-slider-size size-post-category-slider-size\" alt=\"\" \/><\/a>\n\t\t\t<\/div><\/figure><figure class='gallery-item'>\n\t\t\t<div class='gallery-icon landscape'>\n\t\t\t\t<a data-elementor-open-lightbox=\"yes\" data-elementor-lightbox-slideshow=\"804920f\" data-elementor-lightbox-title=\"IMG_7363\" data-e-action-hash=\"#elementor-action%3Aaction%3Dlightbox%26settings%3DeyJpZCI6ODg5LCJ1cmwiOiJodHRwczpcL1wvc2FudHVhcmlvZGVmYXRpbWFyaW8ub3JnLmJyXC93cC1jb250ZW50XC91cGxvYWRzXC8yMDE5XC8wN1wvSU1HXzczNjMtc2NhbGVkLmpwZyIsInNsaWRlc2hvdyI6IjgwNDkyMGYifQ%3D%3D\" href='https:\/\/santuariodefatimario.org.br\/wp-content\/uploads\/2019\/07\/IMG_7363-scaled.jpg'><img loading=\"lazy\" decoding=\"async\" width=\"330\" height=\"350\" src=\"https:\/\/santuariodefatimario.org.br\/wp-content\/uploads\/2019\/07\/IMG_7363-330x350.jpg\" class=\"attachment-post-category-slider-size size-post-category-slider-size\" alt=\"\" \/><\/a>\n\t\t\t<\/div><\/figure><figure class='gallery-item'>\n\t\t\t<div class='gallery-icon portrait'>\n\t\t\t\t<a data-elementor-open-lightbox=\"yes\" data-elementor-lightbox-slideshow=\"804920f\" data-elementor-lightbox-title=\"IMG-20190628-WA0041\" data-e-action-hash=\"#elementor-action%3Aaction%3Dlightbox%26settings%3DeyJpZCI6ODY3LCJ1cmwiOiJodHRwczpcL1wvc2FudHVhcmlvZGVmYXRpbWFyaW8ub3JnLmJyXC93cC1jb250ZW50XC91cGxvYWRzXC8yMDE5XC8wN1wvSU1HLTIwMTkwNjI4LVdBMDA0MS5qcGciLCJzbGlkZXNob3ciOiI4MDQ5MjBmIn0%3D\" href='https:\/\/santuariodefatimario.org.br\/wp-content\/uploads\/2019\/07\/IMG-20190628-WA0041.jpg'><img loading=\"lazy\" decoding=\"async\" width=\"330\" height=\"350\" src=\"https:\/\/santuariodefatimario.org.br\/wp-content\/uploads\/2019\/07\/IMG-20190628-WA0041-330x350.jpg\" class=\"attachment-post-category-slider-size size-post-category-slider-size\" alt=\"\" \/><\/a>\n\t\t\t<\/div><\/figure><figure class='gallery-item'>\n\t\t\t<div class='gallery-icon portrait'>\n\t\t\t\t<a data-elementor-open-lightbox=\"yes\" data-elementor-lightbox-slideshow=\"804920f\" data-elementor-lightbox-title=\"IMG-20190628-WA0042\" data-e-action-hash=\"#elementor-action%3Aaction%3Dlightbox%26settings%3DeyJpZCI6ODY4LCJ1cmwiOiJodHRwczpcL1wvc2FudHVhcmlvZGVmYXRpbWFyaW8ub3JnLmJyXC93cC1jb250ZW50XC91cGxvYWRzXC8yMDE5XC8wN1wvSU1HLTIwMTkwNjI4LVdBMDA0Mi5qcGciLCJzbGlkZXNob3ciOiI4MDQ5MjBmIn0%3D\" href='https:\/\/santuariodefatimario.org.br\/wp-content\/uploads\/2019\/07\/IMG-20190628-WA0042.jpg'><img loading=\"lazy\" decoding=\"async\" width=\"330\" height=\"350\" src=\"https:\/\/santuariodefatimario.org.br\/wp-content\/uploads\/2019\/07\/IMG-20190628-WA0042-330x350.jpg\" class=\"attachment-post-category-slider-size size-post-category-slider-size\" alt=\"\" \/><\/a>\n\t\t\t<\/div><\/figure><figure class='gallery-item'>\n\t\t\t<div class='gallery-icon landscape'>\n\t\t\t\t<a data-elementor-open-lightbox=\"yes\" data-elementor-lightbox-slideshow=\"804920f\" data-elementor-lightbox-title=\"IMG-20190629-WA0002\" data-e-action-hash=\"#elementor-action%3Aaction%3Dlightbox%26settings%3DeyJpZCI6ODcwLCJ1cmwiOiJodHRwczpcL1wvc2FudHVhcmlvZGVmYXRpbWFyaW8ub3JnLmJyXC93cC1jb250ZW50XC91cGxvYWRzXC8yMDE5XC8wN1wvSU1HLTIwMTkwNjI5LVdBMDAwMi5qcGciLCJzbGlkZXNob3ciOiI4MDQ5MjBmIn0%3D\" href='https:\/\/santuariodefatimario.org.br\/wp-content\/uploads\/2019\/07\/IMG-20190629-WA0002.jpg'><img loading=\"lazy\" decoding=\"async\" width=\"330\" height=\"350\" src=\"https:\/\/santuariodefatimario.org.br\/wp-content\/uploads\/2019\/07\/IMG-20190629-WA0002-330x350.jpg\" class=\"attachment-post-category-slider-size size-post-category-slider-size\" alt=\"\" \/><\/a>\n\t\t\t<\/div><\/figure><figure class='gallery-item'>\n\t\t\t<div class='gallery-icon landscape'>\n\t\t\t\t<a data-elementor-open-lightbox=\"yes\" data-elementor-lightbox-slideshow=\"804920f\" data-elementor-lightbox-title=\"IMG-20190628-WA0035\" data-e-action-hash=\"#elementor-action%3Aaction%3Dlightbox%26settings%3DeyJpZCI6ODY0LCJ1cmwiOiJodHRwczpcL1wvc2FudHVhcmlvZGVmYXRpbWFyaW8ub3JnLmJyXC93cC1jb250ZW50XC91cGxvYWRzXC8yMDE5XC8wN1wvSU1HLTIwMTkwNjI4LVdBMDAzNS5qcGciLCJzbGlkZXNob3ciOiI4MDQ5MjBmIn0%3D\" href='https:\/\/santuariodefatimario.org.br\/wp-content\/uploads\/2019\/07\/IMG-20190628-WA0035.jpg'><img loading=\"lazy\" decoding=\"async\" width=\"330\" height=\"350\" src=\"https:\/\/santuariodefatimario.org.br\/wp-content\/uploads\/2019\/07\/IMG-20190628-WA0035-330x350.jpg\" class=\"attachment-post-category-slider-size size-post-category-slider-size\" alt=\"\" \/><\/a>\n\t\t\t<\/div><\/figure><figure class='gallery-item'>\n\t\t\t<div class='gallery-icon landscape'>\n\t\t\t\t<a data-elementor-open-lightbox=\"yes\" data-elementor-lightbox-slideshow=\"804920f\" data-elementor-lightbox-title=\"IMG-20190628-WA0039\" data-e-action-hash=\"#elementor-action%3Aaction%3Dlightbox%26settings%3DeyJpZCI6ODY2LCJ1cmwiOiJodHRwczpcL1wvc2FudHVhcmlvZGVmYXRpbWFyaW8ub3JnLmJyXC93cC1jb250ZW50XC91cGxvYWRzXC8yMDE5XC8wN1wvSU1HLTIwMTkwNjI4LVdBMDAzOS5qcGciLCJzbGlkZXNob3ciOiI4MDQ5MjBmIn0%3D\" href='https:\/\/santuariodefatimario.org.br\/wp-content\/uploads\/2019\/07\/IMG-20190628-WA0039.jpg'><img loading=\"lazy\" decoding=\"async\" width=\"330\" height=\"350\" src=\"https:\/\/santuariodefatimario.org.br\/wp-content\/uploads\/2019\/07\/IMG-20190628-WA0039-330x350.jpg\" class=\"attachment-post-category-slider-size size-post-category-slider-size\" alt=\"\" \/><\/a>\n\t\t\t<\/div><\/figure>\n\t\t<\/div>\n\t\t<\/div>\n\t\t\t\t\t\t<\/div>\n\t\t\t\t<\/div>\n\t\t\t\t\t<\/div>\n\t\t\t\t<\/div>\n\t\t\t\t<\/div>\n\t\t","protected":false},"excerpt":{"rendered":"<p>Hist\u00f3ria O Apostolado logo se espalhou por todo o mundo e chegou ao Brasil atrav\u00e9s de dois mission\u00e1rios jesu\u00edtas. O Pe. Bento Schembri, fundou em&hellip;<\/p>\n","protected":false},"author":1,"featured_media":0,"parent":0,"menu_order":0,"comment_status":"closed","ping_status":"closed","template":"","meta":{"footnotes":""},"class_list":["post-58","page","type-page","status-publish","hentry"],"_links":{"self":[{"href":"https:\/\/santuariodefatimario.org.br\/index2.php\/wp-json\/wp\/v2\/pages\/58","targetHints":{"allow":["GET"]}}],"collection":[{"href":"https:\/\/santuariodefatimario.org.br\/index2.php\/wp-json\/wp\/v2\/pages"}],"about":[{"href":"https:\/\/santuariodefatimario.org.br\/index2.php\/wp-json\/wp\/v2\/types\/page"}],"author":[{"embeddable":true,"href":"https:\/\/santuariodefatimario.org.br\/index2.php\/wp-json\/wp\/v2\/users\/1"}],"replies":[{"embeddable":true,"href":"https:\/\/santuariodefatimario.org.br\/index2.php\/wp-json\/wp\/v2\/comments?post=58"}],"version-history":[{"count":5,"href":"https:\/\/santuariodefatimario.org.br\/index2.php\/wp-json\/wp\/v2\/pages\/58\/revisions"}],"predecessor-version":[{"id":1067,"href":"https:\/\/santuariodefatimario.org.br\/index2.php\/wp-json\/wp\/v2\/pages\/58\/revisions\/1067"}],"wp:attachment":[{"href":"https:\/\/santuariodefatimario.org.br\/index2.php\/wp-json\/wp\/v2\/media?parent=58"}],"curies":[{"name":"wp","href":"https:\/\/api.w.org\/{rel}","templated":true}]}}