{"id":59,"date":"2025-02-28T18:54:07","date_gmt":"2025-02-28T18:54:07","guid":{"rendered":"https:\/\/santuariodefatimario.org.br\/?page_id=59"},"modified":"2025-07-31T16:59:28","modified_gmt":"2025-07-31T16:59:28","slug":"legiao-de-maria","status":"publish","type":"page","link":"https:\/\/santuariodefatimario.org.br\/index2.php\/legiao-de-maria\/","title":{"rendered":"Legi\u00e3o de Maria"},"content":{"rendered":"\t\t<div data-elementor-type=\"wp-page\" data-elementor-id=\"59\" class=\"elementor elementor-59\">\n\t\t\t\t<div class=\"elementor-element elementor-element-9dd314d e-flex e-con-boxed wpr-particle-no wpr-jarallax-no wpr-parallax-no wpr-sticky-section-no wpr-equal-height-no e-con e-parent\" data-id=\"9dd314d\" data-element_type=\"container\" data-e-type=\"container\">\n\t\t\t\t\t<div class=\"e-con-inner\">\n\t\t\t\t<div class=\"elementor-element elementor-element-35fdec06 elementor-widget elementor-widget-text-editor\" data-id=\"35fdec06\" data-element_type=\"widget\" data-e-type=\"widget\" data-widget_type=\"text-editor.default\">\n\t\t\t\t<div class=\"elementor-widget-container\">\n\t\t\t\t\t\t\t\t\t<p><img decoding=\"async\" class=\" wp-image-1296 aligncenter\" src=\"http:\/\/santuariodefatimario.org.br\/wp-content\/uploads\/2025\/07\/LGM-300x300.png\" alt=\"\" width=\"201\" height=\"201\" srcset=\"https:\/\/santuariodefatimario.org.br\/wp-content\/uploads\/2025\/07\/LGM-300x300.png 300w, https:\/\/santuariodefatimario.org.br\/wp-content\/uploads\/2025\/07\/LGM-150x150.png 150w, https:\/\/santuariodefatimario.org.br\/wp-content\/uploads\/2025\/07\/LGM-768x768.png 768w, https:\/\/santuariodefatimario.org.br\/wp-content\/uploads\/2025\/07\/LGM.png 1024w\" sizes=\"(max-width: 201px) 100vw, 201px\" \/><\/p>\n<p class=\"has-text-align-center has-large-font-size\"><strong><mark class=\"has-inline-color has-vivid-cyan-blue-color\" style=\"background-color: rgba(0, 0, 0, 0);\">Hist\u00f3ria<\/mark><\/strong><\/p>\n<p><!-- \/wp:paragraph --><!-- wp:paragraph --><\/p>\n<p>A Legi\u00e3o de Maria no Brasil foi implantada, primeiramente, no Rio de Janeiro, quando, em 1950 alguns irm\u00e3os, primeiros legion\u00e1rios, nos deram a oportunidade de estarmos hoje participando e fazendo parte dessa hist\u00f3ria.<br \/>A\u00a0<strong>data oficial da funda\u00e7\u00e3o foi a 24 de outubro de 1951<\/strong>. Mas, na realidade, tudo come\u00e7ou com a funda\u00e7\u00e3o provisoriamente de um praesidium, \u201cRefugium Peccatorum\u201d, com 10 legion\u00e1rios, que teve sua primeira reuni\u00e3o dia 07 de julho de 1951. O praesidium funcionava clandestinamente, pois o Cardeal do Rio de Janeiro, Dom Jaime de Bairros C\u00e2mara n\u00e3o permitiu que a Legi\u00e3o se instalasse. Depois de outras tentativas, acabou permitindo,\u00a0<strong>mas com a condi\u00e7\u00e3o de s\u00f3 funcionar no Santu\u00e1rio de F\u00e1tima e n\u00e3o abrir novos praesidia<\/strong>.<br \/>Em 1953 o cardeal autorizou o desmembramento do praesidium \u201coriginal\u201d em mais 5 praesidia: Regina Angelorum, da Salete; Causa Nostra Laetitiae, de Santa Terezinha (T\u00fanel Novo); Mater Admirabilis, da Sant\u00edssima Trindade; e ainda dois, um juvenil e outro adulto para cegos, no Instituto Benjamim Constant.<br \/>Queremos aqui lembrar o verdadeiro fundador da Legi\u00e3o aqui no Brasil, o irm\u00e3o Jo\u00e3o Creff, que acompanhou tudo: funda\u00e7\u00e3o, desmembramento, forma\u00e7\u00e3o de Curia. Foi ele que pediu a Dublin que nos mandasse um enviado.<br \/>A primeira a chegar foi a irm\u00e3 Joaquinna Lucas (Filipina), Enviada em v\u00e1rios pa\u00edses da Am\u00e9rica. Ela recebeu por sua vez, o Enviado irm\u00e3o Alfonso Lambe em 1954 e lhe ensinou o espanhol. Com a ajuda de alguns legion\u00e1rios, fundou v\u00e1rios praesidia: N. Sra. de F\u00e1tima, Rainha do Mundo, N. Sra. do Desterro, N. Sra. das Gra\u00e7as. Neste mesmo ano, fundou as duas primeiras Curiae: Immaculata (Copacabana), hoje no Leme e Assumpta (Sa\u00fade e toda a Zona Norte).<br \/>Em 31 de dezembro de 1958 a Curia Assumpta foi elevada a Comitium e um ano depois, precisamente a 31 de dezembro de 1959 foi elevado a Senatus.<strong>\u00a0A reuni\u00e3o de eleva\u00e7\u00e3o foi realizada em F\u00e1tima, com a presen\u00e7a do Cardeal Dom Jaime de Barros C\u00e2mara, o N\u00fancio Apost\u00f3lico e o Diretor Espiritual Pe. Carlos Pollok<\/strong>\u00a0(p\u00e1roco nessa \u00e9poca da Par\u00f3quia Sagrada Fam\u00edlia).<\/p>\n<p><!-- \/wp:paragraph --><\/p>\t\t\t\t\t\t\t\t<\/div>\n\t\t\t\t<\/div>\n\t\t\t\t\t<\/div>\n\t\t\t\t<\/div>\n\t\t\t\t<\/div>\n\t\t","protected":false},"excerpt":{"rendered":"<p>Hist\u00f3ria A Legi\u00e3o de Maria no Brasil foi implantada, primeiramente, no Rio de Janeiro, quando, em 1950 alguns irm\u00e3os, primeiros legion\u00e1rios, nos deram a oportunidade&hellip;<\/p>\n","protected":false},"author":1,"featured_media":0,"parent":0,"menu_order":0,"comment_status":"closed","ping_status":"closed","template":"","meta":{"footnotes":""},"class_list":["post-59","page","type-page","status-publish","hentry"],"_links":{"self":[{"href":"https:\/\/santuariodefatimario.org.br\/index2.php\/wp-json\/wp\/v2\/pages\/59","targetHints":{"allow":["GET"]}}],"collection":[{"href":"https:\/\/santuariodefatimario.org.br\/index2.php\/wp-json\/wp\/v2\/pages"}],"about":[{"href":"https:\/\/santuariodefatimario.org.br\/index2.php\/wp-json\/wp\/v2\/types\/page"}],"author":[{"embeddable":true,"href":"https:\/\/santuariodefatimario.org.br\/index2.php\/wp-json\/wp\/v2\/users\/1"}],"replies":[{"embeddable":true,"href":"https:\/\/santuariodefatimario.org.br\/index2.php\/wp-json\/wp\/v2\/comments?post=59"}],"version-history":[{"count":8,"href":"https:\/\/santuariodefatimario.org.br\/index2.php\/wp-json\/wp\/v2\/pages\/59\/revisions"}],"predecessor-version":[{"id":1299,"href":"https:\/\/santuariodefatimario.org.br\/index2.php\/wp-json\/wp\/v2\/pages\/59\/revisions\/1299"}],"wp:attachment":[{"href":"https:\/\/santuariodefatimario.org.br\/index2.php\/wp-json\/wp\/v2\/media?parent=59"}],"curies":[{"name":"wp","href":"https:\/\/api.w.org\/{rel}","templated":true}]}}