{"id":61,"date":"2025-02-28T18:54:07","date_gmt":"2025-02-28T18:54:07","guid":{"rendered":"https:\/\/santuariodefatimario.org.br\/?page_id=61"},"modified":"2025-08-01T13:12:28","modified_gmt":"2025-08-01T13:12:28","slug":"terco-dos-homens","status":"publish","type":"page","link":"https:\/\/santuariodefatimario.org.br\/index2.php\/terco-dos-homens\/","title":{"rendered":"Ter\u00e7o dos homens"},"content":{"rendered":"\t\t<div data-elementor-type=\"wp-page\" data-elementor-id=\"61\" class=\"elementor elementor-61\">\n\t\t\t\t<div class=\"elementor-element elementor-element-b25255f e-flex e-con-boxed wpr-particle-no wpr-jarallax-no wpr-parallax-no wpr-sticky-section-no wpr-equal-height-no e-con e-parent\" data-id=\"b25255f\" data-element_type=\"container\" data-e-type=\"container\">\n\t\t\t\t\t<div class=\"e-con-inner\">\n\t\t\t\t<div class=\"elementor-element elementor-element-581a1af elementor-widget elementor-widget-text-editor\" data-id=\"581a1af\" data-element_type=\"widget\" data-e-type=\"widget\" data-widget_type=\"text-editor.default\">\n\t\t\t\t<div class=\"elementor-widget-container\">\n\t\t\t\t\t\t\t\t\t<h2 data-start=\"165\" data-end=\"186\"><img decoding=\"async\" class=\" wp-image-1153 aligncenter\" src=\"http:\/\/santuariodefatimario.org.br\/wp-content\/uploads\/2025\/07\/Terco-dos-homens-ok-200x300.png\" alt=\"\" width=\"136\" height=\"205\" srcset=\"https:\/\/santuariodefatimario.org.br\/wp-content\/uploads\/2025\/07\/Terco-dos-homens-ok-200x300.png 200w, https:\/\/santuariodefatimario.org.br\/wp-content\/uploads\/2025\/07\/Terco-dos-homens-ok-683x1024.png 683w, https:\/\/santuariodefatimario.org.br\/wp-content\/uploads\/2025\/07\/Terco-dos-homens-ok-768x1152.png 768w, https:\/\/santuariodefatimario.org.br\/wp-content\/uploads\/2025\/07\/Terco-dos-homens-ok.png 1024w\" sizes=\"(max-width: 136px) 100vw, 136px\" \/><\/h2><h2 data-start=\"165\" data-end=\"186\"><strong data-start=\"168\" data-end=\"186\">\u00a0 \u00a0 \u00a0 \u00a0 \u00a0 \u00a0 \u00a0 \u00a0 \u00a0 \u00a0 \u00a0 \u00a0 \u00a0 \u00a0 \u00a0 \u00a0 \u00a0 \u00a0 \u00a0 Objetivo Geral<\/strong><\/h2><p data-start=\"188\" data-end=\"406\">Fomentar a espiritualidade mariana e o fortalecimento da f\u00e9 entre os homens, por meio da ora\u00e7\u00e3o do Santo Ter\u00e7o em comunidade, despertando-os para uma vida de convers\u00e3o, servi\u00e7o e participa\u00e7\u00e3o ativa na miss\u00e3o da Igreja.<\/p><hr data-start=\"408\" data-end=\"411\" \/><h2 data-start=\"413\" data-end=\"461\"><strong data-start=\"416\" data-end=\"461\">\u00a0 \u00a0 \u00a0 \u00a0 \u00a0 \u00a0O Ter\u00e7o dos Homens no Santu\u00e1rio de F\u00e1tima<\/strong><\/h2><p data-start=\"463\" data-end=\"848\">O movimento do Ter\u00e7o dos Homens \u00e9 uma express\u00e3o de f\u00e9 e devo\u00e7\u00e3o mariana que re\u00fane homens de diferentes idades e realidades para, em comunidade, meditarem os mist\u00e9rios da vida de Cristo sob o olhar de Maria. No <strong data-start=\"673\" data-end=\"713\">Santu\u00e1rio de Nossa Senhora de F\u00e1tima<\/strong>, os encontros acontecem todas as <strong data-start=\"747\" data-end=\"773\">quartas-feiras, \u00e0s 18h<\/strong>, seguidos da <strong data-start=\"787\" data-end=\"847\">Santa Missa com a participa\u00e7\u00e3o ativa dos homens do Ter\u00e7o<\/strong>.<\/p><p data-start=\"850\" data-end=\"1067\">Este momento semanal de ora\u00e7\u00e3o fortalece a viv\u00eancia da f\u00e9, estimula a conviv\u00eancia fraterna e anima os participantes a assumirem seu papel como l\u00edderes espirituais em suas fam\u00edlias, comunidades e ambientes de trabalho.<\/p><hr data-start=\"1069\" data-end=\"1072\" \/><h2 data-start=\"1074\" data-end=\"1102\"><strong data-start=\"1077\" data-end=\"1102\">\u00a0 \u00a0 \u00a0 \u00a0 \u00a0 \u00a0 \u00a0 \u00a0 \u00a0 \u00a0 \u00a0 \u00a0 \u00a0 \u00a0 \u00a0 Objetivos Espec\u00edficos<\/strong><\/h2><ul data-start=\"1104\" data-end=\"1525\"><li data-start=\"1104\" data-end=\"1202\"><p data-start=\"1106\" data-end=\"1202\">Incentivar a devo\u00e7\u00e3o mariana e a pr\u00e1tica da ora\u00e7\u00e3o do Santo Ter\u00e7o entre os homens da comunidade.<\/p><\/li><li data-start=\"1204\" data-end=\"1322\"><p data-start=\"1206\" data-end=\"1322\">Promover a viv\u00eancia da f\u00e9 em fam\u00edlia, motivando os homens a assumirem seu papel evangelizador no lar e na sociedade.<\/p><\/li><li data-start=\"1324\" data-end=\"1433\"><p data-start=\"1326\" data-end=\"1433\">Estimular a participa\u00e7\u00e3o dos homens nas atividades pastorais e lit\u00fargicas da par\u00f3quia e da Igreja em geral.<\/p><\/li><li data-start=\"1435\" data-end=\"1525\"><p data-start=\"1437\" data-end=\"1525\">Contribuir para o crescimento espiritual e a forma\u00e7\u00e3o crist\u00e3 cont\u00ednua dos participantes.<\/p><\/li><\/ul><hr data-start=\"1527\" data-end=\"1530\" \/><h2 data-start=\"1532\" data-end=\"1550\"><strong data-start=\"1535\" data-end=\"1550\">\u00a0 \u00a0 \u00a0 \u00a0 \u00a0 \u00a0 \u00a0 \u00a0 \u00a0 \u00a0 \u00a0 \u00a0 \u00a0 \u00a0 \u00a0 \u00a0 \u00a0 \u00a0 \u00a0 Coordena\u00e7\u00e3o<\/strong><\/h2><p data-start=\"1552\" data-end=\"1589\">Osmar\u00a0<\/p><p data-start=\"1591\" data-end=\"1637\"><strong data-start=\"1591\" data-end=\"1602\">E-mail:<\/strong>\u00a0secretaria<a class=\"cursor-pointer\" rel=\"noopener\" data-start=\"1603\" data-end=\"1637\">@santuariodefatimario.org<\/a><\/p>\t\t\t\t\t\t\t\t<\/div>\n\t\t\t\t<\/div>\n\t\t\t\t\t<\/div>\n\t\t\t\t<\/div>\n\t\t<div class=\"elementor-element elementor-element-9a1ec17 e-flex e-con-boxed wpr-particle-no wpr-jarallax-no wpr-parallax-no wpr-sticky-section-no wpr-equal-height-no e-con e-parent\" data-id=\"9a1ec17\" data-element_type=\"container\" data-e-type=\"container\">\n\t\t\t\t\t<div class=\"e-con-inner\">\n\t\t\t\t<div class=\"elementor-element elementor-element-44dc818 elementor-widget elementor-widget-image-gallery\" data-id=\"44dc818\" data-element_type=\"widget\" data-e-type=\"widget\" data-widget_type=\"image-gallery.default\">\n\t\t\t\t<div class=\"elementor-widget-container\">\n\t\t\t\t\t\t\t<div class=\"elementor-image-gallery\">\n\t\t\t<div id='gallery-1' class='gallery galleryid-61 gallery-columns-2 gallery-size-post-slider-thumb-size'><figure class='gallery-item'>\n\t\t\t<div class='gallery-icon landscape'>\n\t\t\t\t<a data-elementor-open-lightbox=\"yes\" data-elementor-lightbox-slideshow=\"44dc818\" data-elementor-lightbox-title=\"Imagem do WhatsApp de 2025-07-31 \u00e0(s) 15.34.41_ee12fc50\" data-e-action-hash=\"#elementor-action%3Aaction%3Dlightbox%26settings%3DeyJpZCI6MTM1MywidXJsIjoiaHR0cHM6XC9cL3NhbnR1YXJpb2RlZmF0aW1hcmlvLm9yZy5iclwvd3AtY29udGVudFwvdXBsb2Fkc1wvMjAyNVwvMDhcL0ltYWdlbS1kby1XaGF0c0FwcC1kZS0yMDI1LTA3LTMxLWFzLTE1LjM0LjQxX2VlMTJmYzUwLmpwZyIsInNsaWRlc2hvdyI6IjQ0ZGM4MTgifQ%3D%3D\" href='https:\/\/santuariodefatimario.org.br\/wp-content\/uploads\/2025\/08\/Imagem-do-WhatsApp-de-2025-07-31-as-15.34.41_ee12fc50.jpg'><img fetchpriority=\"high\" decoding=\"async\" width=\"330\" height=\"190\" src=\"https:\/\/santuariodefatimario.org.br\/wp-content\/uploads\/2025\/08\/Imagem-do-WhatsApp-de-2025-07-31-as-15.34.41_ee12fc50-330x190.jpg\" class=\"attachment-post-slider-thumb-size size-post-slider-thumb-size\" alt=\"\" \/><\/a>\n\t\t\t<\/div><\/figure><figure class='gallery-item'>\n\t\t\t<div class='gallery-icon landscape'>\n\t\t\t\t<a data-elementor-open-lightbox=\"yes\" data-elementor-lightbox-slideshow=\"44dc818\" data-elementor-lightbox-title=\"Imagem do WhatsApp de 2025-07-31 \u00e0(s) 15.03.29_3b01f7ba\" data-e-action-hash=\"#elementor-action%3Aaction%3Dlightbox%26settings%3DeyJpZCI6MTM1NCwidXJsIjoiaHR0cHM6XC9cL3NhbnR1YXJpb2RlZmF0aW1hcmlvLm9yZy5iclwvd3AtY29udGVudFwvdXBsb2Fkc1wvMjAyNVwvMDhcL0ltYWdlbS1kby1XaGF0c0FwcC1kZS0yMDI1LTA3LTMxLWFzLTE1LjAzLjI5XzNiMDFmN2JhLmpwZyIsInNsaWRlc2hvdyI6IjQ0ZGM4MTgifQ%3D%3D\" href='https:\/\/santuariodefatimario.org.br\/wp-content\/uploads\/2025\/08\/Imagem-do-WhatsApp-de-2025-07-31-as-15.03.29_3b01f7ba.jpg'><img decoding=\"async\" width=\"330\" height=\"190\" src=\"https:\/\/santuariodefatimario.org.br\/wp-content\/uploads\/2025\/08\/Imagem-do-WhatsApp-de-2025-07-31-as-15.03.29_3b01f7ba-330x190.jpg\" class=\"attachment-post-slider-thumb-size size-post-slider-thumb-size\" alt=\"\" \/><\/a>\n\t\t\t<\/div><\/figure>\n\t\t<\/div>\n\t\t<\/div>\n\t\t\t\t\t\t<\/div>\n\t\t\t\t<\/div>\n\t\t\t\t\t<\/div>\n\t\t\t\t<\/div>\n\t\t\t\t<\/div>\n\t\t","protected":false},"excerpt":{"rendered":"<p>\u00a0 \u00a0 \u00a0 \u00a0 \u00a0 \u00a0 \u00a0 \u00a0 \u00a0 \u00a0 \u00a0 \u00a0 \u00a0 \u00a0 \u00a0 \u00a0 \u00a0 \u00a0 \u00a0 Objetivo Geral Fomentar a espiritualidade mariana&hellip;<\/p>\n","protected":false},"author":1,"featured_media":0,"parent":0,"menu_order":0,"comment_status":"closed","ping_status":"closed","template":"","meta":{"footnotes":""},"class_list":["post-61","page","type-page","status-publish","hentry"],"_links":{"self":[{"href":"https:\/\/santuariodefatimario.org.br\/index2.php\/wp-json\/wp\/v2\/pages\/61","targetHints":{"allow":["GET"]}}],"collection":[{"href":"https:\/\/santuariodefatimario.org.br\/index2.php\/wp-json\/wp\/v2\/pages"}],"about":[{"href":"https:\/\/santuariodefatimario.org.br\/index2.php\/wp-json\/wp\/v2\/types\/page"}],"author":[{"embeddable":true,"href":"https:\/\/santuariodefatimario.org.br\/index2.php\/wp-json\/wp\/v2\/users\/1"}],"replies":[{"embeddable":true,"href":"https:\/\/santuariodefatimario.org.br\/index2.php\/wp-json\/wp\/v2\/comments?post=61"}],"version-history":[{"count":10,"href":"https:\/\/santuariodefatimario.org.br\/index2.php\/wp-json\/wp\/v2\/pages\/61\/revisions"}],"predecessor-version":[{"id":1361,"href":"https:\/\/santuariodefatimario.org.br\/index2.php\/wp-json\/wp\/v2\/pages\/61\/revisions\/1361"}],"wp:attachment":[{"href":"https:\/\/santuariodefatimario.org.br\/index2.php\/wp-json\/wp\/v2\/media?parent=61"}],"curies":[{"name":"wp","href":"https:\/\/api.w.org\/{rel}","templated":true}]}}